{"id":11978,"date":"2024-01-16T17:23:58","date_gmt":"2024-01-16T17:23:58","guid":{"rendered":"https:\/\/hocl.dk\/product\/senza-categoria\/il-kit-piu-venduto\/"},"modified":"2025-11-25T11:27:24","modified_gmt":"2025-11-25T11:27:24","slug":"il-kit-piu-venduto","status":"publish","type":"product","link":"https:\/\/hocl.dk\/it\/product\/i-migliori-venditori\/il-kit-piu-venduto\/","title":{"rendered":"I pi\u00f9 venduti di Gamby &#8211; Cura del corpo, Balsamo alla cera d&#8217;api, Sapone naturale"},"content":{"rendered":"<h1>-I nostri prodotti pi\u00f9 richiesti!<\/h1>\n<p>Il miglior trio di Gamby Natur per la cura di tutta la famiglia. La combinazione di Gel di Conforto, Balsamo alla cera d&#8217;api e Sapone Naturale offre una routine versatile per la cura di tutta la famiglia. I prodotti si completano a vicenda e possono far parte del benessere quotidiano.  <\/p>\n<p>&nbsp;<\/p>\n<h2>Cosa contiene Gamby Bestsellers:<\/h2>\n<h2>Balsamo alla cera d&#8217;api &#8211; Cura della pelle<\/h2>\n<p><strong>Benefici dell&#8217;unguento alla cera d&#8217;api:<\/strong><\/p>\n<ul>\n<li>Adatto a tutti i gruppi di et\u00e0<\/li>\n<li>Pu\u00f2 essere utilizzato su tutto il corpo<\/li>\n<li>Ammorbidisce e protegge la pelle<\/li>\n<li>Pu\u00f2 aiutare a mantenere l&#8217;equilibrio di idratazione della pelle<\/li>\n<li>Adatto per la cura quotidiana e per la pelle che necessita di maggiore attenzione<\/li>\n<\/ul>\n<p>&nbsp;<\/p>\n<h4>Ingredienti del Balsamo alla cera d&#8217;api<\/h4>\n<p><b class=\"html-b xdj266r x11i5rnm xat24cr x1mh8g0r xexx8yu x4uap5 x18d9i69 xkhd6sd x1hl2dhg x16tdsg8 x1vvkbs\">Petrolato<\/b><em> (olio minerale altamente raffinato)<\/em><b class=\"html-b xdj266r x11i5rnm xat24cr x1mh8g0r xexx8yu x4uap5 x18d9i69 xkhd6sd x1hl2dhg x16tdsg8 x1vvkbs\">:<\/b> forma una barriera protettiva e pu\u00f2 aiutare a ridurre la perdita di umidit\u00e0.<\/p>\n<p><b class=\"html-b xdj266r x11i5rnm xat24cr x1mh8g0r xexx8yu x4uap5 x18d9i69 xkhd6sd x1hl2dhg x16tdsg8 x1vvkbs\">Olio di semi di Vitis Vinifera <\/b><em>(Olio di semi d&#8217;uva biologico)<\/em>: ricco di antiossidanti e acidi grassi essenziali, ha una consistenza leggera e non grassa.<\/p>\n<p><b class=\"html-b xdj266r x11i5rnm xat24cr x1mh8g0r xexx8yu x4uap5 x18d9i69 xkhd6sd x1hl2dhg x16tdsg8 x1vvkbs\">Cera Alba <\/b><em>(100% cera d&#8217;api pura):<\/em> forma una pellicola protettiva sulla pelle e aiuta a trattenere l&#8217;umidit\u00e0.<\/p>\n<p>&nbsp;<\/p>\n<h4>Applicazione e utilizzo:<\/h4>\n<p>Applica una piccola quantit\u00e0 di unguento sulle aree desiderate. Utilizza solo la quantit\u00e0 che la pelle \u00e8 in grado di assorbire (ad esempio, ti consigliamo di utilizzare una quantit\u00e0 equivalente a un pisello per due mani). <\/p>\n<ul>\n<li>Pu\u00f2 essere utilizzato su tutto il corpo<\/li>\n<li>Utilizzare secondo le necessit\u00e0. Per una cura ottimale, il Balsamo alla cera d&#8217;api pu\u00f2 essere utilizzato mattina e sera. <\/li>\n<li>\u00c8 adatto a tutti i tipi di pelle e a tutte le et\u00e0.<\/li>\n<\/ul>\n<p>&nbsp;<\/p>\n<p><b>Se necessario: il<\/b> Sapone Gamby Natur pu\u00f2 essere utilizzato per preparare la pelle prima di applicare il Balsamo alla cera d&#8217;api. <a href=\"https:\/\/hocl.dk\/it\/product\/white-wonder-it\/wonder-skin-clean-2\/\">Per saperne di pi\u00f9 sul Sapone Gamby Natur <\/a> <\/p>\n<p><strong>Per l&#8217;uso sul cuoio capelluto:<\/strong> per un effetto ottimale e per evitare capelli grassi, applica sul cuoio capelluto mentre la pelle e i capelli sono idratati dopo il lavaggio.<\/p>\n<p>&nbsp;<\/p>\n<h2>Gel di conforto &#8211; Riscalda e raffredda<\/h2>\n<div class=\"flex-shrink-0 flex flex-col relative items-end\">\n<div class=\"pt-0\">\n<div class=\"gizmo-bot-avatar flex h-8 w-8 items-center justify-center overflow-hidden rounded-full\">\n<div class=\"relative p-1 rounded-sm flex items-center justify-center bg-token-main-surface-primary text-token-text-primary h-8 w-8\"><strong>I benefici del Gel di Conforto Gamby Natur:<\/strong><\/div>\n<ul>\n<li class=\"relative p-1 rounded-sm flex items-center justify-center bg-token-main-surface-primary text-token-text-primary h-8 w-8\">Fornisce un piacevole rinfresco<\/li>\n<li class=\"relative p-1 rounded-sm flex items-center justify-center bg-token-main-surface-primary text-token-text-primary h-8 w-8\">Pu\u00f2 essere utilizzato prima o dopo l&#8217;attivit\u00e0 fisica<\/li>\n<li class=\"relative p-1 rounded-sm flex items-center justify-center bg-token-main-surface-primary text-token-text-primary h-8 w-8\">Adatto a fornire un&#8217;esperienza confortevole<\/li>\n<\/ul>\n<\/div>\n<\/div>\n<\/div>\n<p>&nbsp;<\/p>\n<h2>Ingredienti nel Gel di conforto:<\/h2>\n<p><strong>Aqua<\/strong><em>(acqua)<\/em>: ingrediente principale che idrata la pelle e aiuta a diffondere i principi attivi in modo uniforme.<\/p>\n<p><strong>Olio di Mentha Arvensis<\/strong><em> (olio di menta giapponese)<\/em>: contribuisce a dare una sensazione di freschezza e refrigerio.<\/p>\n<p><strong>Mentolo<\/strong>: aggiunge un effetto rinfrescante<\/p>\n<p><strong>Olio di corteccia di Cinnamomum Camphora<\/strong> <em>:<\/em> favorisce un&#8217;esperienza piacevole<\/p>\n<p><strong>Carbomero<\/strong> <em>(addensante)<\/em>: utilizzato per dare al gel una consistenza morbida e confortevole.<\/p>\n<p><strong>Olio di foglie di Eucalyptus Globulus<\/strong> <em>:<\/em> fornisce un profumo gradevole e una sensazione rinfrescante.<\/p>\n<p><strong>Limonene <\/strong><em>(componente naturale della fragranza):<\/em> contribuisce all&#8217;aroma del prodotto<\/p>\n<p><strong>Linalolo <\/strong><em>(componente naturale della fragranza): contribuisce<\/em>all&#8217;aroma del prodotto<\/p>\n<p><strong>CI 42090<\/strong> <em>(colorante)<\/em>: utilizzato per conferire al prodotto un colore attraente.<\/p>\n<p>&nbsp;<\/p>\n<p>&nbsp;<\/p>\n<h4>Come utilizzare il Gel di conforto:<\/h4>\n<ol>\n<li>Agita bene il flacone prima dell&#8217;uso per garantire una distribuzione uniforme degli ingredienti.<\/li>\n<li>Applica una quantit\u00e0 adeguata di gel direttamente sull&#8217;area interessata<\/li>\n<li>Massaggia la pelle fino a quando il gel non viene assorbito &#8211; \u00e8 importante applicare un&#8217;area pi\u00f9 ampia possibile per ottenere i migliori risultati.<br \/>\n&#8211; Ad esempio. Se si usa sul gomito, si consiglia di applicarlo dalla punta delle dita fino al collo.<br \/>\n&#8211; Ad esempio. Se si usa sulle ginocchia, si consiglia di applicarlo dalla punta dei piedi verso la parte posteriore. <\/li>\n<\/ol>\n<p>Conserva il Gel di Conforto in un luogo fresco, ad esempio in una cella frigorifera o in frigorifero, poich\u00e9 il suo effetto rinfrescante sar\u00e0 evidente subito dopo l&#8217;applicazione.<\/p>\n<p>&nbsp;<\/p>\n<div class=\"relative p-1 rounded-sm flex items-center justify-center bg-token-main-surface-primary text-token-text-primary h-8 w-8\"><strong>Chi pu\u00f2 utilizzare i trattamenti per il corpo Gamby Natur?<\/strong><\/div>\n<div class=\"relative p-1 rounded-sm flex items-center justify-center bg-token-main-surface-primary text-token-text-primary h-8 w-8\">Il Gel di conforto \u00e8 ideale per gli adulti e i bambini pi\u00f9 grandi che desiderano una sensazione rinfrescante e riscaldante.<\/div>\n<div><\/div>\n<p>&nbsp;<\/p>\n<h3><strong>Sapone naturale Gamby<\/strong><\/h3>\n<div class=\"\" data-visualcompletion=\"ignore\">\n<div class=\"x9f619 x1n2onr6 x1ja2u2z __fb-light-mode x78zum5 xdt5ytf x1iyjqo2 xs83m0k x193iq5w\">\n<div class=\"x1uvtmcs x4k7w5x x1h91t0o x1beo9mf xaigb6o x12ejxvf x3igimt xarpa2k xedcshv x1lytzrv x1t2pt76 x7ja8zs x1n2onr6 x1qrby5j x1jfb8zj\">\n<div class=\"x5yr21d x1uvtmcs\" role=\"none\">\n<div class=\"xcrg951 xgqcy7u x1lq5wgf x78zum5 xdt5ytf x6prxxf xvq8zen x17adc0v x6ikm8r x10wlt62 xi55695 x1rgmuzj x85a59c xbbk1sx x1eqhsl0\">\n<div class=\"x78zum5 xdt5ytf x1iyjqo2 x193iq5w x2lwn1j x1n2onr6\">\n<div class=\"x78zum5 xdt5ytf x1iyjqo2\">\n<div class=\"x9f619 x1ja2u2z __fb-light-mode x1xsqp64 x18d0r48 x78zum5 x1r8uery xdt5ytf x1iyjqo2 xmz0i5r x6ikm8r x10wlt62 x1n2onr6\">\n<div class=\"x78zum5 xdt5ytf x1iyjqo2 x5yr21d\">\n<div class=\"x78zum5 xdt5ytf x1iyjqo2 x5yr21d\">\n<div class=\"x1uipg7g xu3j5b3 xol2nv xlauuyb x26u7qi x19p7ews x78zum5 xdt5ytf x1iyjqo2 x6ikm8r x10wlt62\" role=\"grid\" aria-label=\"Beskeder i samtale med Bettina Maria Pedersen\">\n<div class=\"x1qjc9v5 x9f619 xdl72j9 x2lwn1j xeuugli x1n2onr6 x78zum5 xdt5ytf x1iyjqo2 xs83m0k x6ikm8r x10wlt62 x1ja2u2z\">\n<div class=\"x78zum5 xdt5ytf x1iyjqo2 x6ikm8r x1odjw0f xish69e x16o0dkt\" role=\"none\">\n<div class=\"x78zum5 xdt5ytf x1iyjqo2 x2lah0s xl56j7k x121v3j4\">\n<div class=\"x78zum5 xdt5ytf\" data-virtualized=\"false\">\n<div class=\"x9f619 x1n2onr6 x1ja2u2z\">\n<div class=\"__fb-light-mode x1n2onr6\" role=\"row\">\n<div class=\"x78zum5 xdt5ytf x1n2onr6\" role=\"gridcell\" data-release-focus-from=\"CLICK\" data-scope=\"messages_table\">\n<div class=\"html-div xdj266r x11i5rnm xat24cr x1mh8g0r xexx8yu x4uap5 x18d9i69 xkhd6sd x78zum5 x15zctf7\">\n<div class=\"html-div xdj266r x11i5rnm xat24cr x1mh8g0r xexx8yu x4uap5 x18d9i69 xkhd6sd xeuugli x1vjfegm\">\n<div class=\"html-div xdj266r x11i5rnm xat24cr x1mh8g0r xexx8yu x4uap5 x18d9i69 xkhd6sd x78zum5 xh8yej3\" role=\"presentation\">\n<div class=\"x78zum5 xdt5ytf x193iq5w x1n2onr6 x1kxipp6 xuk3077\">\n<div class=\"x78zum5 xh8yej3\" role=\"none\">\n<div class=\"html-div xdj266r x11i5rnm xat24cr x1mh8g0r xexx8yu x4uap5 x18d9i69 xkhd6sd x6ikm8r x10wlt62\">\n<div class=\"html-div xdj266r x11i5rnm xat24cr x1mh8g0r x14ctfv x1okitfd x6ikm8r x10wlt62 xerhiuh x1pn3fxy x12xxe5f x1szedp3 x1n2onr6 x1vjfegm x1k4qllp x1mzt3pk x13faqbe x11jlvup xpmdkuv x154zaqr x12z03op xyhp3ou x13fuv20 xu3j5b3 x1q0q8m5 x26u7qi x12lizq0 xf766zg x1ybe9c6 x1ts5dru xp5s12f x11ucwad xgtuqic x155c047\" role=\"presentation\">\n<p class=\"html-div xexx8yu x4uap5 x18d9i69 xkhd6sd x1gslohp x11i5rnm x12nagc x1mh8g0r x1yc453h x126k92a xyk4ms5\" dir=\"auto\">Il sapone Gamby Nature \u00e8 un sapone solido che offre un lavaggio delicato per la pelle e le unghie. Grazie a una combinazione di ingredienti naturali, il prodotto aiuta a pulire la pelle e a lasciare una superficie curata, rendendolo una parte ideale della tua routine di bellezza quotidiana. Le sue propriet\u00e0 detergenti contribuiscono a dare una sensazione di freschezza.  <\/p>\n<\/div>\n<\/div>\n<\/div>\n<\/div>\n<\/div>\n<\/div>\n<\/div>\n<\/div>\n<\/div>\n<\/div>\n<\/div>\n<\/div>\n<\/div>\n<\/div>\n<\/div>\n<p dir=\"auto\">_<\/p>\n<\/div>\n<\/div>\n<\/div>\n<\/div>\n<\/div>\n<\/div>\n<\/div>\n<\/div>\n<\/div>\n<\/div>\n<h4>Ingredienti<\/h4>\n<div class=\"x1uvtmcs x4k7w5x x1h91t0o x1beo9mf xaigb6o x12ejxvf x3igimt xarpa2k xedcshv x1lytzrv x1t2pt76 x7ja8zs x1n2onr6 x1qrby5j x1jfb8zj\">\n<div class=\"x5yr21d x1uvtmcs\" role=\"none\">\n<div class=\"xcrg951 xgqcy7u x1lq5wgf x78zum5 xdt5ytf x6prxxf xvq8zen x17adc0v x6ikm8r x10wlt62 xi55695 x1rgmuzj x85a59c xbbk1sx x1eqhsl0\">\n<div class=\"x78zum5 xdt5ytf x1iyjqo2 x193iq5w x2lwn1j x1n2onr6\">\n<div class=\"html-div xdj266r x11i5rnm xat24cr x1mh8g0r xexx8yu x4uap5 x18d9i69 xkhd6sd xt5xv9l x6wvzqs xpqajaz x78zum5 xdt5ytf x1c4vz4f xs83m0k x13qp9f6\">\n<div class=\"html-div xdj266r x11i5rnm xat24cr x1mh8g0r xpqajaz x9f619 x78zum5 x1iyjqo2 xs83m0k x1n2onr6 xh8yej3 xz9dl7a xsag5q8 x1e558r4 x150jy0e\">\n<div class=\"html-div xdj266r x11i5rnm xat24cr x1mh8g0r xexx8yu x4uap5 x18d9i69 xkhd6sd x1c4vz4f x2lah0s\">\n<div class=\"x1i10hfl x1qjc9v5 xjbqb8w xjqpnuy xa49m3k xqeqjp1 x2hbi6w x13fuv20 xu3j5b3 x1q0q8m5 x26u7qi x972fbf xcfux6l x1qhh985 xm0m39n x9f619 x1ypdohk xdl72j9 x2lah0s xe8uvvx xdj266r x11i5rnm xat24cr x1mh8g0r x2lwn1j xeuugli x1n2onr6 x16tdsg8 x1hl2dhg xggy1nq x1ja2u2z x1t137rt x1o1ewxj x3x9cwd x1e5q0jg x13rtm0m x3nfvp2 x1q0g3np x87ps6o x1lku1pv x1a2a7pz x1y1aw1k x1sxyh0 xwib8y2 xurb0ha\" role=\"button\" aria-label=\"Send en Like\">\n<div class=\"x1ey2m1c xds687c x17qophe xg01cxk x47corl x10l6tqk x13vifvy x1ebt8du x19991ni x1dhq9h xzolkzo x12go9s9 x1rnf11y xprq8jg\" role=\"none\" data-visualcompletion=\"ignore\">\n<p><strong>Olio di Cocos Nucifera<\/strong> (Olio di Cocco): l&#8217;olio di cocco \u00e8 noto per la sua capacit\u00e0 di rimuovere lo sporco e l&#8217;olio in eccesso, aiutando al contempo a trattenere l&#8217;idratazione. Questo olio delicato \u00e8 adatto a tutti i tipi di pelle, compresa quella sensibile. <\/p>\n<p><strong>Olio di Elaeis Guineensis<\/strong> (olio di nocciolo di palma): l&#8217;olio di nocciolo di palma \u00e8 ricco di acidi grassi e viene utilizzato nella cura della pelle per contribuire alla pulizia della superficie.<\/p>\n<p>&nbsp;<\/p>\n<\/div>\n<\/div>\n<\/div>\n<\/div>\n<\/div>\n<\/div>\n<\/div>\n<\/div>\n<\/div>\n<p>&nbsp;<\/p>\n<h5>Come utilizzare il sapone Nature<\/h5>\n<ul>\n<li>Utilizza il sapone naturale secondo le tue necessit\u00e0:<br \/>\n1. Insapona il sapone con un panno umido<br \/>\n2. Lava la zona desiderata<br \/>\n3. Risciacqua immediatamente con acqua<br \/>\n4. Termina con una crema ricca &#8211; ti consigliamo il Balsamo alla cera d&#8217;api.<\/p>\n<ul>\n<li><a href=\"https:\/\/hocl.dk\/it\/product\/white-wonder-it\/wonder-skin-clean-2\/\">Per saperne di pi\u00f9 su come utilizzare il Sapone Naturale, tra le altre cose, leggi il prodotto qui  <\/a><\/li>\n<\/ul>\n<\/li>\n<\/ul>\n<p>&nbsp;<\/p>\n<h3><\/h3>\n<h2>Raccomandazioni per l&#8217;uso:<\/h2>\n<ul>\n<li>Evita il contatto con gli occhi e le membrane mucose<\/li>\n<li>Conserva il Gel di Conforto in un luogo asciutto e fresco (a meno di 24\u00b0C).<\/li>\n<li>Il Balsamo alla cera d&#8217;api deve essere conservato a temperatura ambiente (18- max 25 gradi).<\/li>\n<li>Conserva il sapone naturale in un luogo asciutto, preferibilmente a temperatura ambiente.<\/li>\n<li>L&#8217;unguento alla cera d&#8217;api, il gel di conforto e il sapone naturale sono prodotti cosmetici per il benessere e non sono destinati a diagnosticare, trattare o curare malattie specifiche, ma possono essere una valida parte della tua routine quotidiana.<\/li>\n<\/ul>\n","protected":false},"excerpt":{"rendered":"<p><strong>Balsamo alla cera d&#8217;api 250ml, Gel di conforto 250ml, Sapone naturale 100ml<\/strong><\/p>\n<h1>-I nostri prodotti pi\u00f9 richiesti!<\/h1>\n<p>Il miglior trio di Gamby Natur per la cura di tutta la famiglia. La combinazione di Gel di Conforto, Balsamo alla cera d&#8217;api e Sapone Naturale offre una routine versatile per la cura di tutta la famiglia. I prodotti si completano a vicenda e possono far parte del benessere quotidiano.  <\/p>\n","protected":false},"featured_media":133819,"comment_status":"open","ping_status":"closed","template":"","meta":{"_acf_changed":false},"product-label":[1702,1686,1698],"product_brand":[],"product_cat":[1243,1108,1203],"product_tag":[1279,1281,1278,1861,1198,1178,1280],"class_list":{"0":"post-11978","1":"product","2":"type-product","3":"status-publish","4":"has-post-thumbnail","6":"product-label-mod-hudproblemer-it","7":"product-label-ikke-testet-paa-dyr-it","8":"product-label-produceret-i-danmark-it","9":"product_cat-i-migliori-venditori","10":"product_cat-blue-wonder-it","11":"product_cat-white-wonder-it","12":"product_tag-casa-delle-meraviglie","13":"product_tag-cura-della-pelle","14":"product_tag-i-piu-venduti","15":"product_tag-kit-bestseller-meraviglia-blu","16":"product_tag-meraviglia-bianca","17":"product_tag-pelle-pulita","18":"product_tag-sollievo-dal-dolore","20":"first","21":"instock","22":"sale","23":"taxable","24":"shipping-taxable","25":"purchasable","26":"product-type-simple"},"acf":[],"_links":{"self":[{"href":"https:\/\/hocl.dk\/it\/wp-json\/wp\/v2\/product\/11978","targetHints":{"allow":["GET"]}}],"collection":[{"href":"https:\/\/hocl.dk\/it\/wp-json\/wp\/v2\/product"}],"about":[{"href":"https:\/\/hocl.dk\/it\/wp-json\/wp\/v2\/types\/product"}],"replies":[{"embeddable":true,"href":"https:\/\/hocl.dk\/it\/wp-json\/wp\/v2\/comments?post=11978"}],"version-history":[{"count":2,"href":"https:\/\/hocl.dk\/it\/wp-json\/wp\/v2\/product\/11978\/revisions"}],"predecessor-version":[{"id":131089,"href":"https:\/\/hocl.dk\/it\/wp-json\/wp\/v2\/product\/11978\/revisions\/131089"}],"wp:featuredmedia":[{"embeddable":true,"href":"https:\/\/hocl.dk\/it\/wp-json\/wp\/v2\/media\/133819"}],"wp:attachment":[{"href":"https:\/\/hocl.dk\/it\/wp-json\/wp\/v2\/media?parent=11978"}],"wp:term":[{"taxonomy":"product-label","embeddable":true,"href":"https:\/\/hocl.dk\/it\/wp-json\/wp\/v2\/product-label?post=11978"},{"taxonomy":"product_brand","embeddable":true,"href":"https:\/\/hocl.dk\/it\/wp-json\/wp\/v2\/product_brand?post=11978"},{"taxonomy":"product_cat","embeddable":true,"href":"https:\/\/hocl.dk\/it\/wp-json\/wp\/v2\/product_cat?post=11978"},{"taxonomy":"product_tag","embeddable":true,"href":"https:\/\/hocl.dk\/it\/wp-json\/wp\/v2\/product_tag?post=11978"}],"curies":[{"name":"wp","href":"https:\/\/api.w.org\/{rel}","templated":true}]}}