{"id":11979,"date":"2023-12-23T21:04:42","date_gmt":"2023-12-23T21:04:42","guid":{"rendered":"https:\/\/hocl.dk\/product\/senza-categoria\/wonder-cooling-leg-wrap\/"},"modified":"2025-06-27T21:01:51","modified_gmt":"2025-06-27T21:01:51","slug":"wonder-cooling-leg-wrap","status":"publish","type":"product","link":"https:\/\/hocl.dk\/it\/product\/horse-wonder-it\/wonder-cooling-leg-wrap\/","title":{"rendered":"Wonder Cooling Leg Wrap"},"content":{"rendered":"<h1>Raffreddamento istantaneo<\/h1>\n<h2><strong>Wonder Cooling Leg Wrap<\/strong><\/h2>\n<h3><strong>Raffreddamento istantaneo per il tuo cavallo \ud83d\udc34<\/strong><\/h3>\n<p>Con il nostro Wonder Cooling Leg Wrap, il tuo cavallo si rinfresca immediatamente dopo l&#8217;esercizio fisico o quando fa caldo. L&#8217;involucro per le gambe \u00e8 facile da usare e offre al tuo cavallo ore e ore di refrigerio.<\/p>\n<h3><strong>Come usare il Wonder Cooling Leg Wrap<\/strong>:<\/h3>\n<ol>\n<li>Inumidisci l&#8217;impacco con acqua di qualsiasi provenienza e strizza l&#8217;acqua in eccesso. Fai oscillare l&#8217;involucro in aria per 10-15 secondi.<\/li>\n<li>Con il lato scanalato rivolto verso il cavallo, avvolgi il prodotto intorno alle gambe del cavallo il pi\u00f9 possibile per ottenere i migliori risultati.<\/li>\n<\/ol>\n<h3><strong>Prolunga il tempo di raffreddamento<\/strong><\/h3>\n<p>semplicemente bagnando nuovamente l&#8217;involucro con una leggera spruzzata d&#8217;acqua da un tubo o da una bottiglia spray. \u00c8 possibile utilizzare acqua a qualsiasi temperatura e l&#8217;impacco si raffredder\u00e0 per evaporazione. Fai oscillare l&#8217;impacco per far circolare l&#8217;aria e poi applicalo al cavallo.<\/p>\n<h3><strong>Manutenzione e cura<\/strong>:<\/h3>\n<ul>\n<li>Risciacqua prima e dopo ogni utilizzo.<\/li>\n<li>Quando hai finito di usare l&#8217;impacco, mentre \u00e8 ancora umido, piegalo e riponilo nella sua confezione originale o in un contenitore sigillato. Se non verr\u00e0 utilizzato per pi\u00f9 di 3-4 settimane, piegalo quando \u00e8 ancora umido e lascialo asciugare completamente.<\/li>\n<li>Non piegare l&#8217;involucro quando \u00e8 duro; basta inumidirlo per ammorbidirlo.<\/li>\n<li>Pu\u00f2 essere lavato in lavatrice o a mano con sapone o detersivo neutro. Evita di mettere l&#8217;involucro nell&#8217;asciugatrice.<\/li>\n<\/ul>\n<h3><strong>Raffredda per tutto il giorno<\/strong>:<\/h3>\n<p>L&#8217;impacco rinfresca per ore, anche in condizioni di caldo elevato. Non c&#8217;\u00e8 bisogno di un frigorifero, di elettricit\u00e0 o di gel. Basta idratare, torcere e sciacquare!<\/p>\n<h3><strong>Note<\/strong>:<\/h3>\n<p>L&#8217;impacco non \u00e8 destinato a condizioni mediche se non per offrire sollievo. By Wonder non \u00e8 responsabile per eventuali danni causati da un uso improprio del prodotto.<\/p>\n<p>Offri al tuo cavallo il miglior raffreddamento con il Wonder Cooling Leg Wrap! \ud83d\udc34<\/p>\n","protected":false},"excerpt":{"rendered":"<p><strong>Include 2 fasce<\/strong><\/p>\n","protected":false},"featured_media":11983,"comment_status":"open","ping_status":"closed","template":"","meta":{"_acf_changed":false},"product-label":[],"product_brand":[],"product_cat":[1096],"product_tag":[1101,1256,1261,1253,1100,1258],"class_list":{"0":"post-11979","1":"product","2":"type-product","3":"status-publish","4":"has-post-thumbnail","6":"product_cat-horse-wonder-it","7":"product_tag-cavallo","8":"product_tag-fasce-per-le-gambe","9":"product_tag-gambe-di-cavallo","10":"product_tag-impacco-per-le-gambe","11":"product_tag-meraviglia-dei-cavalli","12":"product_tag-osso","14":"first","15":"instock","16":"taxable","17":"shipping-taxable","18":"purchasable","19":"product-type-simple"},"acf":[],"_links":{"self":[{"href":"https:\/\/hocl.dk\/it\/wp-json\/wp\/v2\/product\/11979","targetHints":{"allow":["GET"]}}],"collection":[{"href":"https:\/\/hocl.dk\/it\/wp-json\/wp\/v2\/product"}],"about":[{"href":"https:\/\/hocl.dk\/it\/wp-json\/wp\/v2\/types\/product"}],"replies":[{"embeddable":true,"href":"https:\/\/hocl.dk\/it\/wp-json\/wp\/v2\/comments?post=11979"}],"version-history":[{"count":1,"href":"https:\/\/hocl.dk\/it\/wp-json\/wp\/v2\/product\/11979\/revisions"}],"predecessor-version":[{"id":127240,"href":"https:\/\/hocl.dk\/it\/wp-json\/wp\/v2\/product\/11979\/revisions\/127240"}],"wp:featuredmedia":[{"embeddable":true,"href":"https:\/\/hocl.dk\/it\/wp-json\/wp\/v2\/media\/11983"}],"wp:attachment":[{"href":"https:\/\/hocl.dk\/it\/wp-json\/wp\/v2\/media?parent=11979"}],"wp:term":[{"taxonomy":"product-label","embeddable":true,"href":"https:\/\/hocl.dk\/it\/wp-json\/wp\/v2\/product-label?post=11979"},{"taxonomy":"product_brand","embeddable":true,"href":"https:\/\/hocl.dk\/it\/wp-json\/wp\/v2\/product_brand?post=11979"},{"taxonomy":"product_cat","embeddable":true,"href":"https:\/\/hocl.dk\/it\/wp-json\/wp\/v2\/product_cat?post=11979"},{"taxonomy":"product_tag","embeddable":true,"href":"https:\/\/hocl.dk\/it\/wp-json\/wp\/v2\/product_tag?post=11979"}],"curies":[{"name":"wp","href":"https:\/\/api.w.org\/{rel}","templated":true}]}}