{"id":12000,"date":"2023-12-23T21:20:06","date_gmt":"2023-12-23T21:20:06","guid":{"rendered":"https:\/\/hocl.dk\/product\/senza-categoria\/impacco-per-il-collo-wonder-cooling\/"},"modified":"2024-05-13T17:47:06","modified_gmt":"2024-05-13T17:47:06","slug":"impacco-per-il-collo-wonder-cooling","status":"publish","type":"product","link":"https:\/\/hocl.dk\/it\/product\/horse-wonder-it\/impacco-per-il-collo-wonder-cooling\/","title":{"rendered":"Impacco per il collo Wonder Cooling"},"content":{"rendered":"<h1>Raffreddamento istantaneo<\/h1>\n<h2><strong>Impacco per il collo Wonder Cooling<\/strong><\/h2>\n<h3><strong>Raffreddamento istantaneo del collo del cavallo \ud83d\udc34<\/strong><\/h3>\n<p>Il nostro Wonder Cooling Neck Wrap \u00e8 progettato per rinfrescare istantaneamente il collo del tuo cavallo dopo l&#8217;esercizio fisico o quando fa caldo. \u00c8 facile da installare e da usare per garantire il comfort del tuo cavallo.<\/p>\n<h3><strong>Come installare il Wonder Cooling Neck Wrap sul tuo cavallo<\/strong>:<\/h3>\n<ol>\n<li>Posiziona l&#8217;estremit\u00e0 dell&#8217;asciugamano con le cinghie cucite leggermente sopra il garrese.<\/li>\n<li>Tira l&#8217;altra estremit\u00e0 dell&#8217;involucro verso di te e rimbocca il materiale.<\/li>\n<li>Attacca prima la fascia pi\u00f9 vicina alla testa, assicurati che il materiale sia ben rimboccato e segui le indicazioni. 2. e 3. cinghie per fissare l&#8217;involucro.<\/li>\n<li>Attacca il gator clip al lato del Neck Wrap (il pi\u00f9 lontano dalla testa) e fissalo al garrese.<\/li>\n<\/ol>\n<h3><strong>Come usare l&#8217;impacco per il collo<\/strong>:<\/h3>\n<ol>\n<li>Inumidisci l&#8217;impacco con acqua di qualsiasi provenienza e strizza l&#8217;acqua in eccesso. Fai oscillare l&#8217;involucro in aria per 10-15 secondi.<\/li>\n<li>Con il lato scanalato verso il basso, posiziona l&#8217;estremit\u00e0 della fascia con le cinghie cucite sul materiale al centro del garrese. La cinghia pi\u00f9 corta deve essere pi\u00f9 vicina alla testa.<\/li>\n<li>Tira l&#8217;estremit\u00e0 della fascia senza bretelle sotto il collo e infila il materiale sotto le bretelle cucite.<\/li>\n<li>Usa le cinghie in velcro per avvolgere il collo e regola la lunghezza fino a quando non ti sentirai a tuo agio.<\/li>\n<\/ol>\n<h3><strong>Prolunga il tempo di raffreddamento<\/strong><\/h3>\n<p>semplicemente bagnando nuovamente l&#8217;involucro con una leggera spruzzata d&#8217;acqua da un tubo o da una bottiglia spray. \u00c8 possibile utilizzare acqua a qualsiasi temperatura e l&#8217;impacco si raffredder\u00e0 per evaporazione. Fai oscillare l&#8217;impacco per far circolare l&#8217;aria e poi applicalo al cavallo.<\/p>\n<h3><strong>Manutenzione e cura<\/strong>:<\/h3>\n<ul>\n<li>Risciacqua prima e dopo ogni utilizzo.<\/li>\n<li>Quando hai finito di usare l&#8217;impacco, mentre \u00e8 ancora umido, piegalo e riponilo nella sua confezione originale o in un contenitore sigillato. Se non verr\u00e0 utilizzato per pi\u00f9 di 3-4 settimane, piegalo quando \u00e8 ancora umido e lascialo asciugare completamente.<\/li>\n<li>Non piegare l&#8217;involucro quando \u00e8 duro; basta inumidirlo per ammorbidirlo.<\/li>\n<li>Pu\u00f2 essere lavato in lavatrice o a mano con sapone o detersivo neutro. Evita di mettere l&#8217;involucro nell&#8217;asciugatrice.<\/li>\n<\/ul>\n<h3><strong>Raffredda per tutto il giorno<\/strong>:<\/h3>\n<p>L&#8217;impacco rinfresca per ore, anche in condizioni di caldo elevato. Non c&#8217;\u00e8 bisogno di un frigorifero, di elettricit\u00e0 o di gel. Basta idratare, torcere e sciacquare!<\/p>\n<h3><strong>Note<\/strong>:<\/h3>\n<p>L&#8217;impacco non \u00e8 destinato a condizioni mediche se non per offrire sollievo. By Wonder non \u00e8 responsabile per eventuali danni causati da un uso improprio del prodotto.<\/p>\n<p>Mantieni il tuo cavallo fresco e comodo con il Wonder Cooling Neck Wrap! \ud83d\udc34<\/p>\n","protected":false},"excerpt":{"rendered":"<p><strong>Dimensioni 24 &#8220;x55&#8221;<\/strong><\/p>\n","protected":false},"featured_media":12013,"comment_status":"open","ping_status":"closed","template":"","meta":{"_acf_changed":false},"product-label":[],"product_brand":[],"product_cat":[1096],"product_tag":[1274,1276,1272,1100],"class_list":{"0":"post-12000","1":"product","2":"type-product","3":"status-publish","4":"has-post-thumbnail","6":"product_cat-horse-wonder-it","7":"product_tag-collare-per-cavalli","8":"product_tag-collo-di-cavallo","9":"product_tag-impacco-per-il-collo","10":"product_tag-meraviglia-dei-cavalli","12":"first","13":"instock","14":"taxable","15":"shipping-taxable","16":"purchasable","17":"product-type-simple"},"acf":[],"_links":{"self":[{"href":"https:\/\/hocl.dk\/it\/wp-json\/wp\/v2\/product\/12000","targetHints":{"allow":["GET"]}}],"collection":[{"href":"https:\/\/hocl.dk\/it\/wp-json\/wp\/v2\/product"}],"about":[{"href":"https:\/\/hocl.dk\/it\/wp-json\/wp\/v2\/types\/product"}],"replies":[{"embeddable":true,"href":"https:\/\/hocl.dk\/it\/wp-json\/wp\/v2\/comments?post=12000"}],"version-history":[{"count":0,"href":"https:\/\/hocl.dk\/it\/wp-json\/wp\/v2\/product\/12000\/revisions"}],"wp:featuredmedia":[{"embeddable":true,"href":"https:\/\/hocl.dk\/it\/wp-json\/wp\/v2\/media\/12013"}],"wp:attachment":[{"href":"https:\/\/hocl.dk\/it\/wp-json\/wp\/v2\/media?parent=12000"}],"wp:term":[{"taxonomy":"product-label","embeddable":true,"href":"https:\/\/hocl.dk\/it\/wp-json\/wp\/v2\/product-label?post=12000"},{"taxonomy":"product_brand","embeddable":true,"href":"https:\/\/hocl.dk\/it\/wp-json\/wp\/v2\/product_brand?post=12000"},{"taxonomy":"product_cat","embeddable":true,"href":"https:\/\/hocl.dk\/it\/wp-json\/wp\/v2\/product_cat?post=12000"},{"taxonomy":"product_tag","embeddable":true,"href":"https:\/\/hocl.dk\/it\/wp-json\/wp\/v2\/product_tag?post=12000"}],"curies":[{"name":"wp","href":"https:\/\/api.w.org\/{rel}","templated":true}]}}