{"id":12032,"date":"2023-12-23T20:17:11","date_gmt":"2023-12-23T20:17:11","guid":{"rendered":"https:\/\/hocl.dk\/product\/senza-categoria\/impacco-rinfrescante-per-il-corpo-wonder\/"},"modified":"2024-11-16T11:53:06","modified_gmt":"2024-11-16T11:53:06","slug":"impacco-rinfrescante-per-il-corpo-wonder","status":"publish","type":"product","link":"https:\/\/hocl.dk\/it\/product\/horse-wonder-it\/impacco-rinfrescante-per-il-corpo-wonder\/","title":{"rendered":"Impacco rinfrescante per il corpo Wonder"},"content":{"rendered":"<h1><strong>RAFFREDDAMENTO A MERAVIGLIA PER CAVALLI<\/strong><\/h1>\n<h2><strong>Impacco rinfrescante per il corpo Wonder<\/strong><\/h2>\n<h3><strong>Dimensioni 60&#8243; x 63&#8243;<\/strong><\/h3>\n<p>Il nuovo prodotto rivoluzionario per gli atleti umani \u00e8 ora disponibile anche per i nostri atleti a quattro zampe! La tecnologia tessile utilizza un avanzato materiale iper-evaporativo. Quando si attiva, l&#8217;involucro diventa fino a 22\u00b0 pi\u00f9 fresco della temperatura ambiente e raffredda la temperatura corporea del cavallo. L&#8217;effetto rinfrescante pu\u00f2 durare per ore! L&#8217;acqua viene assorbita dal tessuto multifibra, che regola il tempo di evaporazione dell&#8217;acqua, garantendo un effetto rinfrescante duraturo. Ottimo per il cavaliere amatoriale che vuole migliorare il comfort del cavallo; eccellente per le discipline agonistiche grazie alla riduzione rapida ma sicura della temperatura corporea. Terapia perfetta per il recupero muscolare dopo lo sforzo, il trasporto, l&#8217;anidrosi e altri problemi legati al calore.<\/p>\n<p><strong>COME USARE L&#8217;IMPACCO RINFRESCANTE WONDER:<\/strong><\/p>\n<ol>\n<li>Posiziona l&#8217;involucro sul cavallo con il lato rigonfio verso il basso.<\/li>\n<li>Attacca le fasce toraciche (ma tienile larghe per lasciare spazio ai movimenti).<\/li>\n<li>Attacca il lembo della pancia.<\/li>\n<li>Spruzza leggermente il lembo con l&#8217;impostazione nebbia del cavallo o con un flacone spray. Per ottenere risultati ottimali, solleva l&#8217;involucro e spruzza anche la parte inferiore. Fai attenzione a non saturare troppo la confezione!<\/li>\n<li>Utilizza acqua di qualsiasi temperatura proveniente da qualsiasi fonte d&#8217;acqua e metti l&#8217;impacco sul tuo cavallo scarico.<\/li>\n<li>Basta iniziare a far camminare il cavallo per permettere all&#8217;aria di passare sopra di lui, oppure strappare leggermente i lati dell&#8217;involucro per attivare il raffreddamento.<\/li>\n<li>Per prolungare il tempo di raffreddamento, \u00e8 sufficiente inumidire l&#8217;involucro spruzzando leggermente con l&#8217;impostazione nebulizzata di un tubo o utilizzando un flacone spray con una qualsiasi fonte d&#8217;acqua disponibile. \u00c8 possibile applicare l&#8217;acqua e l&#8217;impacco si raffredder\u00e0 durante l&#8217;evaporazione. Fai attenzione a non saturare la confezione con troppa acqua in una volta sola. Il peso dell&#8217;acqua nell&#8217;impacco ridurr\u00e0 la circolazione dell&#8217;aria, che \u00e8 fondamentale per il processo di raffreddamento dell&#8217;impacco.<\/li>\n<\/ol>\n<h3><strong>ISTRUZIONI PER LA CURA:<\/strong><\/h3>\n<ul>\n<li>Risciacqua prima e dopo ogni utilizzo.<\/li>\n<li>Al termine dell&#8217;utilizzo, quando \u00e8 umido, piegalo e riponilo nella confezione originale o in un contenitore che possa essere sigillato. Se non verr\u00e0 utilizzato per pi\u00f9 di 3-4 settimane, piegalo quando \u00e8 umido e lascialo asciugare completamente prima di riporlo. Non piegare l&#8217;involucro quando \u00e8 duro, ma inumidiscilo per ammorbidirlo.<\/li>\n<li>Lavare in lavatrice o a mano separatamente con sapone o detersivo neutro. Non mettere l&#8217;involucro nell&#8217;asciugatrice.<\/li>\n<\/ul>\n<h3><strong>IL RAFFREDDAMENTO DURA PER ORE!<\/strong><\/h3>\n<p>Anche in presenza di temperature elevate, fornisce un&#8217;idratazione continua per tutto il giorno. Non \u00e8 necessario alcun raffreddamento o elettricit\u00e0. Idratare in modo semplice e dondolante. Ottimo ogni volta che il tuo cavallo ha bisogno di essere rinfrescato! Recupero dopo le competizioni, equitazione ricreativa in condizioni di caldo, anidrosi e altre lesioni legate al calore.<\/p>\n<p>L&#8217;impacco non \u00e8 destinato a condizioni mediche che vadano oltre il sollievo. By Wonder non si assume alcuna responsabilit\u00e0 per i danni causati da un uso improprio del prodotto.<\/p>\n<p>By Wonder \u00e8 responsabile solo dei costi di sostituzione del prodotto. Attenzione: non lasciare mai il tuo cavallo incustodito mentre indossa le fasce Horse Wonder Cooling perch\u00e9 il tessuto, le cinghie e le fibbie possono rappresentare un rischio di soffocamento o causare un blocco se ingerite.<\/p>\n<p>PU\u00d2 ESSERE UTILIZZATO CON SALI DI EPSON O LINIMENTI<\/p>\n<p>RECUPERO PI\u00d9 RAPIDO DOPO LO SFORZO<\/p>\n<p>SENZA RAFFREDDAMENTO, ELETTRICIT\u00c0 O GEL LAVABILE E RIUTILIZZABILE IN LAVATRICE<\/p>\n","protected":false},"excerpt":{"rendered":"<p><strong>60&#8243; x 63&#8243;<\/strong><\/p>\n","protected":false},"featured_media":12040,"comment_status":"open","ping_status":"closed","template":"","meta":{"_acf_changed":false},"product-label":[],"product_brand":[],"product_cat":[1096],"product_tag":[1101,1098,1102,1259,1263,1100],"class_list":{"0":"post-12032","1":"product","2":"type-product","3":"status-publish","4":"has-post-thumbnail","6":"product_cat-horse-wonder-it","7":"product_tag-cavallo","8":"product_tag-meraviglia","9":"product_tag-cavallo-it","10":"product_tag-impacco-per-il-corpo","11":"product_tag-impacco-rinfrescante-per-il-corpo-wonder","12":"product_tag-meraviglia-dei-cavalli","14":"first","15":"instock","16":"taxable","17":"shipping-taxable","18":"purchasable","19":"product-type-simple"},"acf":[],"_links":{"self":[{"href":"https:\/\/hocl.dk\/it\/wp-json\/wp\/v2\/product\/12032","targetHints":{"allow":["GET"]}}],"collection":[{"href":"https:\/\/hocl.dk\/it\/wp-json\/wp\/v2\/product"}],"about":[{"href":"https:\/\/hocl.dk\/it\/wp-json\/wp\/v2\/types\/product"}],"replies":[{"embeddable":true,"href":"https:\/\/hocl.dk\/it\/wp-json\/wp\/v2\/comments?post=12032"}],"version-history":[{"count":1,"href":"https:\/\/hocl.dk\/it\/wp-json\/wp\/v2\/product\/12032\/revisions"}],"predecessor-version":[{"id":119728,"href":"https:\/\/hocl.dk\/it\/wp-json\/wp\/v2\/product\/12032\/revisions\/119728"}],"wp:featuredmedia":[{"embeddable":true,"href":"https:\/\/hocl.dk\/it\/wp-json\/wp\/v2\/media\/12040"}],"wp:attachment":[{"href":"https:\/\/hocl.dk\/it\/wp-json\/wp\/v2\/media?parent=12032"}],"wp:term":[{"taxonomy":"product-label","embeddable":true,"href":"https:\/\/hocl.dk\/it\/wp-json\/wp\/v2\/product-label?post=12032"},{"taxonomy":"product_brand","embeddable":true,"href":"https:\/\/hocl.dk\/it\/wp-json\/wp\/v2\/product_brand?post=12032"},{"taxonomy":"product_cat","embeddable":true,"href":"https:\/\/hocl.dk\/it\/wp-json\/wp\/v2\/product_cat?post=12032"},{"taxonomy":"product_tag","embeddable":true,"href":"https:\/\/hocl.dk\/it\/wp-json\/wp\/v2\/product_tag?post=12032"}],"curies":[{"name":"wp","href":"https:\/\/api.w.org\/{rel}","templated":true}]}}