{"id":12034,"date":"2023-12-23T22:11:03","date_gmt":"2023-12-23T22:11:03","guid":{"rendered":"https:\/\/hocl.dk\/product\/senza-categoria\/set-di-meraviglie-bianche-2\/"},"modified":"2025-03-20T11:28:31","modified_gmt":"2025-03-20T11:28:31","slug":"set-di-meraviglie-bianche-2","status":"publish","type":"product","link":"https:\/\/hocl.dk\/it\/product\/white-wonder-it\/set-di-meraviglie-bianche-2\/","title":{"rendered":"Unguento alla cera d&#8217;api &#8211; Set grande di 3 parti"},"content":{"rendered":"<p><strong>Set di 3 prodotti assemblati  <\/strong><\/p>\n<p>Gamby Natur &#8211; La pomata alla cera d&#8217;api, il bastoncino alla cera d&#8217;api e il sapone Natur sono formulati all&#8217;insegna della semplicit\u00e0 e della delicatezza per tutta la famiglia e per tutti i tipi di pelle. Un set versatile che aiuta a mantenere l&#8217;idratazione e la morbidezza della pelle. Pu\u00f2 essere utilizzato su tutto il corpo, in particolare sulle zone secche come mani, piedi, gomiti e ginocchia. Le formule delicate lo rendono adatto all&#8217;uso quotidiano ed \u00e8 realizzato pensando a una semplice routine di cura della pelle.   <\/p>\n<p>&nbsp;<\/p>\n<h2>Crema alla cera d&#8217;api e bastoncino alla cera d&#8217;api<\/h2>\n<p>L&#8217;unguento alla cera d&#8217;api \u00e8 un unguento versatile che aiuta a mantenere l&#8217;idratazione e la morbidezza della pelle. Pu\u00f2 essere utilizzato su tutto il corpo, in particolare sulle zone secche come mani, piedi, gomiti e ginocchia. Grazie alla combinazione di cera d&#8217;api, olio di semi d&#8217;uva e ingredienti idratanti, lascia la pelle a proprio agio. La formula delicata lo rende adatto all&#8217;uso quotidiano per tutta la famiglia ed \u00e8 stato realizzato pensando a una semplice routine di cura della pelle.   <\/p>\n<p>L&#8217;unica cosa che separa il Beeswax Salve e il Beeswax Salve Stick \u00e8 la confezione in termini di dimensioni. Il bastoncino ha una &#8220;testa&#8221; appositamente progettata che pu\u00f2 fungere da applicatore per le labbra, rendendolo perfetto per l&#8217;applicazione sulle labbra.  <\/p>\n<p><strong>I benefici dell&#8217;unguento alla cera d&#8217;api:<\/strong><\/p>\n<ul>\n<li>Adatto a tutti i gruppi di et\u00e0<\/li>\n<li>Pu\u00f2 essere utilizzato su tutto il corpo<\/li>\n<li>Ammorbidisce e protegge la pelle<\/li>\n<li>Pu\u00f2 aiutare a mantenere l&#8217;equilibrio di idratazione della pelle<\/li>\n<li>Adatto per la cura quotidiana e per la pelle che necessita di maggiore attenzione<\/li>\n<\/ul>\n<p>&nbsp;<\/p>\n<h4>Ingredienti dell&#8217;unguento alla cera d&#8217;api<\/h4>\n<p><b class=\"html-b xdj266r x11i5rnm xat24cr x1mh8g0r xexx8yu x4uap5 x18d9i69 xkhd6sd x1hl2dhg x16tdsg8 x1vvkbs\">Petrolato<\/b><em> (olio minerale altamente raffinato)<\/em><b class=\"html-b xdj266r x11i5rnm xat24cr x1mh8g0r xexx8yu x4uap5 x18d9i69 xkhd6sd x1hl2dhg x16tdsg8 x1vvkbs\">:<\/b> forma una barriera protettiva e pu\u00f2 aiutare a ridurre la perdita di umidit\u00e0.<\/p>\n<p><b class=\"html-b xdj266r x11i5rnm xat24cr x1mh8g0r xexx8yu x4uap5 x18d9i69 xkhd6sd x1hl2dhg x16tdsg8 x1vvkbs\">Olio di semi di Vitis Vinifera <\/b><em>(Olio di semi d&#8217;uva biologico): ricco di antiossidanti e acidi grassi essenziali, ha una consistenza leggera e non grassa.<\/em><\/p>\n<p><b class=\"html-b xdj266r x11i5rnm xat24cr x1mh8g0r xexx8yu x4uap5 x18d9i69 xkhd6sd x1hl2dhg x16tdsg8 x1vvkbs\">Cera Alba <\/b><em>(100% cera d&#8217;api pura):<\/em> forma una pellicola protettiva sulla pelle e aiuta a trattenere l&#8217;umidit\u00e0.<\/p>\n<p>&nbsp;<\/p>\n<h2>Applicazione e utilizzo:<\/h2>\n<p>Applica una piccola quantit\u00e0 di unguento sulle aree desiderate. Utilizza solo la quantit\u00e0 che la pelle \u00e8 in grado di assorbire (ad esempio, ti consigliamo di utilizzare una quantit\u00e0 equivalente a un pisello per due mani). <\/p>\n<ul>\n<li>Pu\u00f2 essere utilizzato su tutto il corpo<\/li>\n<li>Utilizzare secondo le necessit\u00e0. Per una cura ottimale, l&#8217;unguento alla cera d&#8217;api pu\u00f2 essere utilizzato mattina e sera. <\/li>\n<li>\u00c8 adatto a tutti i tipi di pelle e a tutte le et\u00e0.<\/li>\n<\/ul>\n<p>&nbsp;<\/p>\n<p><b>Se necessario: il<\/b> Sapone Gamby Natur pu\u00f2 essere utilizzato per preparare la pelle prima di applicare l&#8217;Unguento alla cera d&#8217;api. <a href=\"https:\/\/hocl.dk\/product\/white-wonder\/wonder-skin-clean\/\">Per saperne di pi\u00f9 sul Sapone Gamby Natur <\/a> <\/p>\n<p><strong>Per l&#8217;uso sul cuoio capelluto:<\/strong> per un effetto ottimale e per evitare capelli grassi, applica sul cuoio capelluto mentre la pelle e i capelli sono idratati dopo il lavaggio.<\/p>\n<p>&nbsp;<\/p>\n<p>&nbsp;<\/p>\n<h3><strong>Sapone naturale Gamby<\/strong><\/h3>\n<div class=\"\" data-visualcompletion=\"ignore\">\n<div class=\"x9f619 x1n2onr6 x1ja2u2z __fb-light-mode x78zum5 xdt5ytf x1iyjqo2 xs83m0k x193iq5w\">\n<div class=\"x1uvtmcs x4k7w5x x1h91t0o x1beo9mf xaigb6o x12ejxvf x3igimt xarpa2k xedcshv x1lytzrv x1t2pt76 x7ja8zs x1n2onr6 x1qrby5j x1jfb8zj\">\n<div class=\"x5yr21d x1uvtmcs\" role=\"none\">\n<div class=\"xcrg951 xgqcy7u x1lq5wgf x78zum5 xdt5ytf x6prxxf xvq8zen x17adc0v x6ikm8r x10wlt62 xi55695 x1rgmuzj x85a59c xbbk1sx x1eqhsl0\">\n<div class=\"x78zum5 xdt5ytf x1iyjqo2 x193iq5w x2lwn1j x1n2onr6\">\n<div class=\"x78zum5 xdt5ytf x1iyjqo2\">\n<div class=\"x9f619 x1ja2u2z __fb-light-mode x1xsqp64 x18d0r48 x78zum5 x1r8uery xdt5ytf x1iyjqo2 xmz0i5r x6ikm8r x10wlt62 x1n2onr6\">\n<div class=\"x78zum5 xdt5ytf x1iyjqo2 x5yr21d\">\n<div class=\"x78zum5 xdt5ytf x1iyjqo2 x5yr21d\">\n<div class=\"x1uipg7g xu3j5b3 xol2nv xlauuyb x26u7qi x19p7ews x78zum5 xdt5ytf x1iyjqo2 x6ikm8r x10wlt62\" role=\"grid\" aria-label=\"Beskeder i samtale med Bettina Maria Pedersen\">\n<div class=\"x1qjc9v5 x9f619 xdl72j9 x2lwn1j xeuugli x1n2onr6 x78zum5 xdt5ytf x1iyjqo2 xs83m0k x6ikm8r x10wlt62 x1ja2u2z\">\n<div class=\"x78zum5 xdt5ytf x1iyjqo2 x6ikm8r x1odjw0f xish69e x16o0dkt\" role=\"none\">\n<div class=\"x78zum5 xdt5ytf x1iyjqo2 x2lah0s xl56j7k x121v3j4\">\n<div class=\"x78zum5 xdt5ytf\" data-virtualized=\"false\">\n<div class=\"x9f619 x1n2onr6 x1ja2u2z\">\n<div class=\"__fb-light-mode x1n2onr6\" role=\"row\">\n<div class=\"x78zum5 xdt5ytf x1n2onr6\" role=\"gridcell\" data-release-focus-from=\"CLICK\" data-scope=\"messages_table\">\n<div class=\"html-div xdj266r x11i5rnm xat24cr x1mh8g0r xexx8yu x4uap5 x18d9i69 xkhd6sd x78zum5 x15zctf7\">\n<div class=\"html-div xdj266r x11i5rnm xat24cr x1mh8g0r xexx8yu x4uap5 x18d9i69 xkhd6sd xeuugli x1vjfegm\">\n<div class=\"html-div xdj266r x11i5rnm xat24cr x1mh8g0r xexx8yu x4uap5 x18d9i69 xkhd6sd x78zum5 xh8yej3\" role=\"presentation\">\n<div class=\"x78zum5 xdt5ytf x193iq5w x1n2onr6 x1kxipp6 xuk3077\">\n<div class=\"x78zum5 xh8yej3\" role=\"none\">\n<div class=\"html-div xdj266r x11i5rnm xat24cr x1mh8g0r xexx8yu x4uap5 x18d9i69 xkhd6sd x6ikm8r x10wlt62\">\n<div class=\"html-div xdj266r x11i5rnm xat24cr x1mh8g0r x14ctfv x1okitfd x6ikm8r x10wlt62 xerhiuh x1pn3fxy x12xxe5f x1szedp3 x1n2onr6 x1vjfegm x1k4qllp x1mzt3pk x13faqbe x11jlvup xpmdkuv x154zaqr x12z03op xyhp3ou x13fuv20 xu3j5b3 x1q0q8m5 x26u7qi x12lizq0 xf766zg x1ybe9c6 x1ts5dru xp5s12f x11ucwad xgtuqic x155c047\" role=\"presentation\">\n<p class=\"html-div xexx8yu x4uap5 x18d9i69 xkhd6sd x1gslohp x11i5rnm x12nagc x1mh8g0r x1yc453h x126k92a xyk4ms5\" dir=\"auto\">Il sapone Gamby Nature \u00e8 un sapone solido che offre un lavaggio delicato per la pelle e le unghie. Grazie a una combinazione di ingredienti naturali, il prodotto aiuta a pulire la pelle e a lasciare una superficie curata, rendendolo una parte ideale della tua routine di bellezza quotidiana. Le sue propriet\u00e0 detergenti contribuiscono a dare una sensazione di freschezza.  <\/p>\n<\/div>\n<\/div>\n<\/div>\n<\/div>\n<\/div>\n<\/div>\n<\/div>\n<\/div>\n<\/div>\n<\/div>\n<\/div>\n<\/div>\n<\/div>\n<\/div>\n<\/div>\n<p dir=\"auto\">_<\/p>\n<\/div>\n<\/div>\n<\/div>\n<\/div>\n<\/div>\n<\/div>\n<\/div>\n<\/div>\n<\/div>\n<\/div>\n<h2>Ingredienti<\/h2>\n<div class=\"x1uvtmcs x4k7w5x x1h91t0o x1beo9mf xaigb6o x12ejxvf x3igimt xarpa2k xedcshv x1lytzrv x1t2pt76 x7ja8zs x1n2onr6 x1qrby5j x1jfb8zj\">\n<div class=\"x5yr21d x1uvtmcs\" role=\"none\">\n<div class=\"xcrg951 xgqcy7u x1lq5wgf x78zum5 xdt5ytf x6prxxf xvq8zen x17adc0v x6ikm8r x10wlt62 xi55695 x1rgmuzj x85a59c xbbk1sx x1eqhsl0\">\n<div class=\"x78zum5 xdt5ytf x1iyjqo2 x193iq5w x2lwn1j x1n2onr6\">\n<div class=\"html-div xdj266r x11i5rnm xat24cr x1mh8g0r xexx8yu x4uap5 x18d9i69 xkhd6sd xt5xv9l x6wvzqs xpqajaz x78zum5 xdt5ytf x1c4vz4f xs83m0k x13qp9f6\">\n<div class=\"html-div xdj266r x11i5rnm xat24cr x1mh8g0r xpqajaz x9f619 x78zum5 x1iyjqo2 xs83m0k x1n2onr6 xh8yej3 xz9dl7a xsag5q8 x1e558r4 x150jy0e\">\n<div class=\"html-div xdj266r x11i5rnm xat24cr x1mh8g0r xexx8yu x4uap5 x18d9i69 xkhd6sd x1c4vz4f x2lah0s\">\n<div class=\"x1i10hfl x1qjc9v5 xjbqb8w xjqpnuy xa49m3k xqeqjp1 x2hbi6w x13fuv20 xu3j5b3 x1q0q8m5 x26u7qi x972fbf xcfux6l x1qhh985 xm0m39n x9f619 x1ypdohk xdl72j9 x2lah0s xe8uvvx xdj266r x11i5rnm xat24cr x1mh8g0r x2lwn1j xeuugli x1n2onr6 x16tdsg8 x1hl2dhg xggy1nq x1ja2u2z x1t137rt x1o1ewxj x3x9cwd x1e5q0jg x13rtm0m x3nfvp2 x1q0g3np x87ps6o x1lku1pv x1a2a7pz x1y1aw1k x1sxyh0 xwib8y2 xurb0ha\" role=\"button\" aria-label=\"Send en Like\">\n<div class=\"x1ey2m1c xds687c x17qophe xg01cxk x47corl x10l6tqk x13vifvy x1ebt8du x19991ni x1dhq9h xzolkzo x12go9s9 x1rnf11y xprq8jg\" role=\"none\" data-visualcompletion=\"ignore\">\n<p><strong>Olio di Cocos Nucifera<\/strong> (Olio di Cocco): l&#8217;olio di cocco \u00e8 noto per la sua capacit\u00e0 di rimuovere lo sporco e l&#8217;olio in eccesso, aiutando al contempo a trattenere l&#8217;idratazione. Questo olio delicato \u00e8 adatto a tutti i tipi di pelle, compresa quella sensibile. <\/p>\n<p><strong>Olio di Elaeis Guineensis<\/strong> (olio di nocciolo di palma): l&#8217;olio di nocciolo di palma \u00e8 ricco di acidi grassi e viene utilizzato nella cura della pelle per contribuire alla pulizia della superficie.<\/p>\n<p>&nbsp;<\/p>\n<\/div>\n<\/div>\n<\/div>\n<\/div>\n<\/div>\n<\/div>\n<\/div>\n<\/div>\n<\/div>\n<h5>Come utilizzare il sapone Nature<\/h5>\n<ul>\n<li>Utilizza il sapone naturale secondo le tue necessit\u00e0:<br \/>\n1. Insapona il sapone con un panno umido<br \/>\n2. Lava la zona desiderata<br \/>\n3. Risciacqua immediatamente con acqua<br \/>\n4. Termina con una crema ricca &#8211; ti consigliamo l&#8217;unguento alla cera d&#8217;api.<\/li>\n<\/ul>\n<p><a href=\"https:\/\/hocl.dk\/product\/white-wonder\/wonder-skin-clean\/\">Per saperne di pi\u00f9 su come utilizzare il Sapone Naturale, tra le altre cose, leggi il prodotto qui  <\/a><\/p>\n<h3><\/h3>\n<h2>Raccomandazioni per un uso sicuro<\/h2>\n<ul>\n<li>Evita che i prodotti entrino in contatto con gli occhi<\/li>\n<li>L&#8217;unguento alla cera d&#8217;api deve essere conservato a temperatura ambiente (18- max 25 gradi).<\/li>\n<li>Tenere lontano dai bambini piccoli a causa delle piccole parti<\/li>\n<li>Conserva il sapone naturale in un luogo asciutto, preferibilmente a temperatura ambiente.<\/li>\n<li>L&#8217;unguento di cera d&#8217;api e il sapone naturale sono prodotti cosmetici per il benessere e non sono destinati a diagnosticare, trattare o curare malattie specifiche, ma possono essere una valida parte della tua routine quotidiana.<\/li>\n<\/ul>\n","protected":false},"excerpt":{"rendered":"<p><strong>Set di 3 prodotti assemblati  <\/strong><\/p>\n<p>Gamby Natur &#8211; La pomata alla cera d&#8217;api, il bastoncino alla cera d&#8217;api e il sapone Natur sono formulati all&#8217;insegna della semplicit\u00e0 e della delicatezza per tutta la famiglia e per tutti i tipi di pelle. Un set versatile che aiuta a mantenere l&#8217;idratazione e la morbidezza della pelle. Pu\u00f2 essere utilizzato su tutto il corpo, in particolare sulle zone secche come mani, piedi, gomiti e ginocchia. Le formule delicate lo rendono adatto all&#8217;uso quotidiano ed \u00e8 realizzato pensando a una semplice routine di cura della pelle.   <\/p>\n","protected":false},"featured_media":133864,"comment_status":"open","ping_status":"closed","template":"","meta":{"_acf_changed":false},"product-label":[1702,1686,1690,1698],"product_brand":[],"product_cat":[1203],"product_tag":[],"class_list":{"0":"post-12034","1":"product","2":"type-product","3":"status-publish","4":"has-post-thumbnail","6":"product-label-mod-hudproblemer-it","7":"product-label-ikke-testet-paa-dyr-it","8":"product-label-parfumefri-it","9":"product-label-produceret-i-danmark-it","10":"product_cat-white-wonder-it","12":"first","13":"instock","14":"taxable","15":"shipping-taxable","16":"purchasable","17":"product-type-simple"},"acf":[],"_links":{"self":[{"href":"https:\/\/hocl.dk\/it\/wp-json\/wp\/v2\/product\/12034","targetHints":{"allow":["GET"]}}],"collection":[{"href":"https:\/\/hocl.dk\/it\/wp-json\/wp\/v2\/product"}],"about":[{"href":"https:\/\/hocl.dk\/it\/wp-json\/wp\/v2\/types\/product"}],"replies":[{"embeddable":true,"href":"https:\/\/hocl.dk\/it\/wp-json\/wp\/v2\/comments?post=12034"}],"version-history":[{"count":1,"href":"https:\/\/hocl.dk\/it\/wp-json\/wp\/v2\/product\/12034\/revisions"}],"predecessor-version":[{"id":123783,"href":"https:\/\/hocl.dk\/it\/wp-json\/wp\/v2\/product\/12034\/revisions\/123783"}],"wp:featuredmedia":[{"embeddable":true,"href":"https:\/\/hocl.dk\/it\/wp-json\/wp\/v2\/media\/133864"}],"wp:attachment":[{"href":"https:\/\/hocl.dk\/it\/wp-json\/wp\/v2\/media?parent=12034"}],"wp:term":[{"taxonomy":"product-label","embeddable":true,"href":"https:\/\/hocl.dk\/it\/wp-json\/wp\/v2\/product-label?post=12034"},{"taxonomy":"product_brand","embeddable":true,"href":"https:\/\/hocl.dk\/it\/wp-json\/wp\/v2\/product_brand?post=12034"},{"taxonomy":"product_cat","embeddable":true,"href":"https:\/\/hocl.dk\/it\/wp-json\/wp\/v2\/product_cat?post=12034"},{"taxonomy":"product_tag","embeddable":true,"href":"https:\/\/hocl.dk\/it\/wp-json\/wp\/v2\/product_tag?post=12034"}],"curies":[{"name":"wp","href":"https:\/\/api.w.org\/{rel}","templated":true}]}}