{"id":12047,"date":"2023-11-19T06:00:47","date_gmt":"2023-11-19T06:00:47","guid":{"rendered":"https:\/\/hocl.dk\/product\/senza-categoria\/meraviglia-bianca-e-pelle-pulita\/"},"modified":"2025-03-22T06:55:39","modified_gmt":"2025-03-22T06:55:39","slug":"meraviglia-bianca-e-pelle-pulita","status":"publish","type":"product","link":"https:\/\/hocl.dk\/it\/product\/white-wonder-it\/meraviglia-bianca-e-pelle-pulita\/","title":{"rendered":"Unguento a base di cera d&#8217;api e sapone naturale"},"content":{"rendered":"<p>L&#8217;unguento alla cera d&#8217;api e il sapone Natur di Gamby Natur sono formulati all&#8217;insegna della semplicit\u00e0 e della delicatezza per tutta la famiglia e per tutti i tipi di pelle.<\/p>\n<h2><\/h2>\n<h2>Unguento alla cera d&#8217;api &#8211; Cura della pelle<\/h2>\n<p>L&#8217;unguento alla cera d&#8217;api \u00e8 un unguento versatile che aiuta a mantenere l&#8217;idratazione e la morbidezza della pelle. Pu\u00f2 essere utilizzato su tutto il corpo, in particolare sulle zone secche come mani, piedi, gomiti e ginocchia. Grazie alla combinazione di cera d&#8217;api, olio di semi d&#8217;uva e ingredienti idratanti, lascia la pelle a proprio agio. La formula delicata lo rende adatto all&#8217;uso quotidiano per tutta la famiglia ed \u00e8 stato realizzato pensando a una semplice routine di cura della pelle.   <\/p>\n<p><strong>I benefici dell&#8217;unguento alla cera d&#8217;api:<\/strong><\/p>\n<ul>\n<li>Adatto a tutti i gruppi di et\u00e0<\/li>\n<li>Pu\u00f2 essere utilizzato su tutto il corpo<\/li>\n<li>Ammorbidisce e protegge la pelle<\/li>\n<li>Pu\u00f2 aiutare a mantenere l&#8217;equilibrio di idratazione della pelle<\/li>\n<li>Adatto per la cura quotidiana e per la pelle che necessita di maggiore attenzione<\/li>\n<\/ul>\n<p>&nbsp;<\/p>\n<h4>Ingredienti dell&#8217;unguento alla cera d&#8217;api<\/h4>\n<p><b class=\"html-b xdj266r x11i5rnm xat24cr x1mh8g0r xexx8yu x4uap5 x18d9i69 xkhd6sd x1hl2dhg x16tdsg8 x1vvkbs\">Petrolato<\/b><em> (olio minerale altamente raffinato)<\/em><b class=\"html-b xdj266r x11i5rnm xat24cr x1mh8g0r xexx8yu x4uap5 x18d9i69 xkhd6sd x1hl2dhg x16tdsg8 x1vvkbs\">:<\/b> forma una barriera protettiva e pu\u00f2 aiutare a ridurre la perdita di umidit\u00e0.<\/p>\n<p><b class=\"html-b xdj266r x11i5rnm xat24cr x1mh8g0r xexx8yu x4uap5 x18d9i69 xkhd6sd x1hl2dhg x16tdsg8 x1vvkbs\">Olio di semi di Vitis Vinifera <\/b><em>(Olio di semi d&#8217;uva biologico): ricco di antiossidanti e acidi grassi essenziali, ha una consistenza leggera e non grassa.<\/em><\/p>\n<p><b class=\"html-b xdj266r x11i5rnm xat24cr x1mh8g0r xexx8yu x4uap5 x18d9i69 xkhd6sd x1hl2dhg x16tdsg8 x1vvkbs\">Cera Alba <\/b><em>(100% cera d&#8217;api pura):<\/em> forma una pellicola protettiva sulla pelle e aiuta a trattenere l&#8217;umidit\u00e0.<\/p>\n<p>&nbsp;<\/p>\n<h2>Applicazione e utilizzo:<\/h2>\n<p>Applica una piccola quantit\u00e0 di unguento sulle aree desiderate. Utilizza solo la quantit\u00e0 che la pelle \u00e8 in grado di assorbire (ad esempio, ti consigliamo di utilizzare una quantit\u00e0 equivalente a un pisello per due mani). <\/p>\n<ul>\n<li>Pu\u00f2 essere utilizzato su tutto il corpo<\/li>\n<li>Utilizzare secondo le necessit\u00e0. Per una cura ottimale, l&#8217;unguento alla cera d&#8217;api pu\u00f2 essere utilizzato mattina e sera. <\/li>\n<li>\u00c8 adatto a tutti i tipi di pelle e a tutte le et\u00e0.<\/li>\n<\/ul>\n<p>&nbsp;<\/p>\n<p><b>Se necessario: il<\/b> Sapone Gamby Natur pu\u00f2 essere utilizzato per preparare la pelle prima di applicare l&#8217;Unguento alla cera d&#8217;api. <a href=\"https:\/\/hocl.dk\/product\/white-wonder\/wonder-skin-clean\/\">Per saperne di pi\u00f9 sul Sapone Gamby Natur <\/a> <\/p>\n<p><strong>Per l&#8217;uso sul cuoio capelluto:<\/strong> per un effetto ottimale e per evitare capelli grassi, applica sul cuoio capelluto mentre la pelle e i capelli sono idratati dopo il lavaggio.<\/p>\n<p>&nbsp;<\/p>\n<p>&nbsp;<\/p>\n<h3><strong>Sapone naturale Gamby<\/strong><\/h3>\n<p>Il sapone Gamby Nature \u00e8 un sapone solido che offre un lavaggio delicato per la pelle e le unghie. Grazie a una combinazione di ingredienti naturali, il prodotto aiuta a pulire la pelle e a lasciare una superficie curata, rendendolo una parte ideale della tua routine di bellezza quotidiana. Le sue propriet\u00e0 detergenti contribuiscono a dare una sensazione di freschezza.  <\/p>\n<p>&nbsp;<\/p>\n<h5><strong>Ingredienti del sapone naturale:<\/strong><\/h5>\n<p><strong>Olio di Cocos Nucifera<\/strong> (Olio di Cocco): l&#8217;olio di cocco \u00e8 noto per la sua capacit\u00e0 di rimuovere lo sporco e l&#8217;olio in eccesso, aiutando al contempo a trattenere l&#8217;idratazione. Questo olio delicato \u00e8 adatto a tutti i tipi di pelle, compresa quella sensibile. <\/p>\n<p><strong>Olio di Elaeis Guineensis<\/strong> (olio di nocciolo di palma): l&#8217;olio di nocciolo di palma \u00e8 ricco di acidi grassi e viene utilizzato nella cura della pelle per contribuire alla pulizia della superficie.<\/p>\n<p>&nbsp;<\/p>\n<h5>Come utilizzare il sapone Nature<\/h5>\n<ul>\n<li>Utilizza il sapone naturale secondo le tue necessit\u00e0:<br \/>\n1. Insapona il sapone con un panno umido<br \/>\n2. Lava la zona desiderata<br \/>\n3. Risciacqua immediatamente con acqua<br \/>\n4. Termina con una crema ricca &#8211; ti consigliamo l&#8217;unguento alla cera d&#8217;api.<\/li>\n<\/ul>\n<p><a href=\"https:\/\/hocl.dk\/product\/white-wonder\/wonder-skin-clean\/\">Per saperne di pi\u00f9 su come utilizzare il Sapone Naturale, tra le altre cose, leggi il prodotto qui  <\/a><\/p>\n<h3><\/h3>\n<h2>Raccomandazioni per un uso sicuro<\/h2>\n<ul>\n<li>Evita il contatto con gli occhi e le membrane mucose<\/li>\n<li>L&#8217;unguento alla cera d&#8217;api deve essere conservato a temperatura ambiente (18- max 25 gradi).<\/li>\n<li>Conserva il sapone naturale in un luogo asciutto, preferibilmente a temperatura ambiente.<\/li>\n<li>L&#8217;unguento di cera d&#8217;api e il sapone naturale sono prodotti cosmetici per il benessere e non sono destinati a diagnosticare, trattare o curare malattie specifiche, ma possono essere una valida parte della tua routine quotidiana.<\/li>\n<\/ul>\n","protected":false},"excerpt":{"rendered":"<p>Unguento alla cera d&#8217;api 250ml e sapone naturale 100ml<br \/>\nGamby Natur &#8211; L&#8217;unguento alla cera d&#8217;api e il sapone naturale sono formulati con un&#8217;attenzione particolare alla semplicit\u00e0 e alla delicatezza per tutta la famiglia e per tutti i tipi di pelle. Un set versatile che aiuta a mantenere l&#8217;idratazione e la morbidezza della pelle. Pu\u00f2 essere utilizzato su tutto il corpo, in particolare sulle zone secche come mani, piedi, gomiti e ginocchia. Le formule delicate lo rendono adatto all&#8217;uso quotidiano ed \u00e8 realizzato pensando a una semplice routine di cura della pelle.   <\/p>\n","protected":false},"featured_media":133859,"comment_status":"open","ping_status":"closed","template":"","meta":{"_acf_changed":false},"product-label":[1702,1686,1690,1698],"product_brand":[],"product_cat":[1203],"product_tag":[1179,1178,1865],"class_list":{"0":"post-12047","1":"product","2":"type-product","3":"status-publish","4":"has-post-thumbnail","6":"product-label-mod-hudproblemer-it","7":"product-label-ikke-testet-paa-dyr-it","8":"product-label-parfumefri-it","9":"product-label-produceret-i-danmark-it","10":"product_cat-white-wonder-it","11":"product_tag-pelle","12":"product_tag-pelle-pulita","13":"product_tag-unguento-alla-cera-dapi","15":"first","16":"instock","17":"taxable","18":"shipping-taxable","19":"purchasable","20":"product-type-simple"},"acf":[],"_links":{"self":[{"href":"https:\/\/hocl.dk\/it\/wp-json\/wp\/v2\/product\/12047","targetHints":{"allow":["GET"]}}],"collection":[{"href":"https:\/\/hocl.dk\/it\/wp-json\/wp\/v2\/product"}],"about":[{"href":"https:\/\/hocl.dk\/it\/wp-json\/wp\/v2\/types\/product"}],"replies":[{"embeddable":true,"href":"https:\/\/hocl.dk\/it\/wp-json\/wp\/v2\/comments?post=12047"}],"version-history":[{"count":1,"href":"https:\/\/hocl.dk\/it\/wp-json\/wp\/v2\/product\/12047\/revisions"}],"predecessor-version":[{"id":123819,"href":"https:\/\/hocl.dk\/it\/wp-json\/wp\/v2\/product\/12047\/revisions\/123819"}],"wp:featuredmedia":[{"embeddable":true,"href":"https:\/\/hocl.dk\/it\/wp-json\/wp\/v2\/media\/133859"}],"wp:attachment":[{"href":"https:\/\/hocl.dk\/it\/wp-json\/wp\/v2\/media?parent=12047"}],"wp:term":[{"taxonomy":"product-label","embeddable":true,"href":"https:\/\/hocl.dk\/it\/wp-json\/wp\/v2\/product-label?post=12047"},{"taxonomy":"product_brand","embeddable":true,"href":"https:\/\/hocl.dk\/it\/wp-json\/wp\/v2\/product_brand?post=12047"},{"taxonomy":"product_cat","embeddable":true,"href":"https:\/\/hocl.dk\/it\/wp-json\/wp\/v2\/product_cat?post=12047"},{"taxonomy":"product_tag","embeddable":true,"href":"https:\/\/hocl.dk\/it\/wp-json\/wp\/v2\/product_tag?post=12047"}],"curies":[{"name":"wp","href":"https:\/\/api.w.org\/{rel}","templated":true}]}}