{"id":12065,"date":"2023-12-23T20:37:09","date_gmt":"2023-12-23T20:37:09","guid":{"rendered":"https:\/\/hocl.dk\/product\/senza-categoria\/wonder-cooling-body-wrap-deluxe-2\/"},"modified":"2024-05-13T17:47:17","modified_gmt":"2024-05-13T17:47:17","slug":"wonder-cooling-body-wrap-deluxe-2","status":"publish","type":"product","link":"https:\/\/hocl.dk\/it\/product\/horse-wonder-it\/wonder-cooling-body-wrap-deluxe-2\/","title":{"rendered":"Wonder Cooling Body Wrap Deluxe"},"content":{"rendered":"<h1>Raffreddamento istantaneo<\/h1>\n<h2><strong>Wonder Cooling Body Wrap Deluxe<\/strong><\/h2>\n<h3><strong>Un raffreddamento perfetto per il tuo cavallo \ud83d\udc0e<\/strong><\/h3>\n<p>Ora puoi offrire al tuo amico a quattro zampe un&#8217;esperienza rinfrescante senza precedenti con il nostro Wonder Cooling Body Wrap Deluxe. Questa tecnologia innovativa, finora riservata solo agli atleti umani, \u00e8 ora disponibile per il tuo cavallo.<\/p>\n<p>\ud83c\udf21\ufe0f <strong>Raffredda fino a 22\u00baC<\/strong>: l&#8217;involucro utilizza un&#8217;avanzata tecnologia di iper-evaporazione che pu\u00f2 raffreddare la temperatura corporea del tuo cavallo fino a 22\u00baC rispetto all&#8217;ambiente circostante. Questo effetto rinfrescante dura per ore e il tuo cavallo ti amer\u00e0 per questo.<\/p>\n<p>\ud83c\udfc7 <strong>Perfetto per tutte le discipline<\/strong>: sia che tu pratichi l&#8217;equitazione a livello amatoriale o agonistico, il Wonder Cooling Body Wrap Deluxe pu\u00f2 aiutarti a ridurre la temperatura corporea del tuo cavallo in modo rapido e sicuro.<\/p>\n<p>\ud83c\udf0a <strong>Raffreddamento di lunga durata<\/strong>: l&#8217;involucro assorbe l&#8217;acqua, che evapora gradualmente e fa s\u00ec che il tuo cavallo rimanga fresco a lungo.<\/p>\n<h3><strong>Come utilizzare il Wonder Cooling Body Wrap Deluxe<\/strong>:<\/h3>\n<ol>\n<li>Posiziona la fascia con il lato scanalato verso il basso sul cavallo.<\/li>\n<li>Attacca le cinghie pettorali (ma tienile allentate in modo che il cavallo possa muoversi liberamente).<\/li>\n<li>Attacca la fascia gastrica.<\/li>\n<\/ol>\n<p>Inumidisci leggermente il rivestimento dello stomaco con un flacone spray o un tubo flessibile e assicurati di sollevare l&#8217;involucro per spruzzare la parte inferiore. Fai attenzione a non inondare l&#8217;involucro.<\/p>\n<h3><strong>Manutenzione e cura<\/strong>:<\/h3>\n<ul>\n<li>Risciacqua prima e dopo ogni utilizzo.<\/li>\n<li>Quando hai finito di usare l&#8217;involucro, piegalo finch\u00e9 \u00e8 umido e conservalo nella sua confezione originale o in un contenitore sigillato.<\/li>\n<li>Se l&#8217;involucro non verr\u00e0 utilizzato per pi\u00f9 di 3-4 settimane, piegalo quando \u00e8 ancora umido e lascialo asciugare completamente prima di riporlo. Non piegare l&#8217;involucro quando \u00e8 duro; basta inumidirlo per ammorbidirlo.<\/li>\n<li>Pu\u00f2 essere lavato in lavatrice o a mano con sapone o detersivo neutro. Evita di mettere l&#8217;involucro nell&#8217;asciugatrice.<\/li>\n<\/ul>\n<h3><strong>Raffredda per tutto il giorno<\/strong>:<\/h3>\n<p>L&#8217;impacco rinfresca per ore, anche in condizioni di caldo elevato. Non c&#8217;\u00e8 bisogno di un frigorifero, di elettricit\u00e0 o di gel. Inumidisci e raffredda!<\/p>\n<h3><strong>Note<\/strong>:<\/h3>\n<p>L&#8217;impacco non \u00e8 destinato a condizioni mediche se non per offrire sollievo. By Wonder non \u00e8 responsabile per eventuali danni causati da un uso improprio del prodotto.<\/p>\n<p>Offri al tuo cavallo il miglior raffreddamento con il Wonder Cooling Body Wrap Deluxe! \ud83d\udc34<\/p>\n","protected":false},"excerpt":{"rendered":"<p><strong>Dimensioni 67&#8243; x 82&#8243;<\/strong><\/p>\n","protected":false},"featured_media":11985,"comment_status":"open","ping_status":"closed","template":"","meta":{"_acf_changed":false},"product-label":[],"product_brand":[],"product_cat":[1096],"product_tag":[1101,1098,1259,1263,1100],"class_list":{"0":"post-12065","1":"product","2":"type-product","3":"status-publish","4":"has-post-thumbnail","6":"product_cat-horse-wonder-it","7":"product_tag-cavallo","8":"product_tag-meraviglia","9":"product_tag-impacco-per-il-corpo","10":"product_tag-impacco-rinfrescante-per-il-corpo-wonder","11":"product_tag-meraviglia-dei-cavalli","13":"first","14":"instock","15":"taxable","16":"shipping-taxable","17":"purchasable","18":"product-type-simple"},"acf":[],"_links":{"self":[{"href":"https:\/\/hocl.dk\/it\/wp-json\/wp\/v2\/product\/12065","targetHints":{"allow":["GET"]}}],"collection":[{"href":"https:\/\/hocl.dk\/it\/wp-json\/wp\/v2\/product"}],"about":[{"href":"https:\/\/hocl.dk\/it\/wp-json\/wp\/v2\/types\/product"}],"replies":[{"embeddable":true,"href":"https:\/\/hocl.dk\/it\/wp-json\/wp\/v2\/comments?post=12065"}],"version-history":[{"count":0,"href":"https:\/\/hocl.dk\/it\/wp-json\/wp\/v2\/product\/12065\/revisions"}],"wp:featuredmedia":[{"embeddable":true,"href":"https:\/\/hocl.dk\/it\/wp-json\/wp\/v2\/media\/11985"}],"wp:attachment":[{"href":"https:\/\/hocl.dk\/it\/wp-json\/wp\/v2\/media?parent=12065"}],"wp:term":[{"taxonomy":"product-label","embeddable":true,"href":"https:\/\/hocl.dk\/it\/wp-json\/wp\/v2\/product-label?post=12065"},{"taxonomy":"product_brand","embeddable":true,"href":"https:\/\/hocl.dk\/it\/wp-json\/wp\/v2\/product_brand?post=12065"},{"taxonomy":"product_cat","embeddable":true,"href":"https:\/\/hocl.dk\/it\/wp-json\/wp\/v2\/product_cat?post=12065"},{"taxonomy":"product_tag","embeddable":true,"href":"https:\/\/hocl.dk\/it\/wp-json\/wp\/v2\/product_tag?post=12065"}],"curies":[{"name":"wp","href":"https:\/\/api.w.org\/{rel}","templated":true}]}}