{"id":12073,"date":"2023-12-11T09:58:06","date_gmt":"2023-12-11T09:58:06","guid":{"rendered":"https:\/\/hocl.dk\/product\/senza-categoria\/kit-meraviglia-blu\/"},"modified":"2025-11-25T11:32:32","modified_gmt":"2025-11-25T11:32:32","slug":"kit-meraviglia-blu","status":"publish","type":"product","link":"https:\/\/hocl.dk\/it\/product\/i-migliori-venditori\/kit-meraviglia-blu\/","title":{"rendered":"Set per la cura del corpo"},"content":{"rendered":"<p style=\"text-align: left;\"><strong>I set di gel di conforto Gamby sono pensati per portare equilibrio e benessere nella tua vita quotidiana.<\/strong><\/p>\n<p style=\"text-align: left;\">Questo set combina il Gel di Conforto (250 ml) e il Roll-On (60 ml) con l&#8217;innovativo panno Wonder Cooling di colore blu, offrendo una soluzione completa per chi vuole coccolare il proprio corpo. Il Gel di Conforto e Roll-On di Gamby Natur \u00e8 un gel condizionante con propriet\u00e0 rinfrescanti e riscaldanti. La sua formula unica \u00e8 stata sviluppata con ingredienti accuratamente selezionati e penetra rapidamente senza ungere. Pu\u00f2 essere utilizzato durante il giorno, prima o dopo l&#8217;attivit\u00e0 fisica o come parte della tua routine quotidiana di cura della pelle. L&#8217;innovativo panno Wonder Cooling \u00e8 progettato per fornire un freddo istantaneo e rimane fresco per ore. Il panno Wonder Cooling \u00e8 un pratico compagno per il comfort nelle situazioni pi\u00f9 calde. Grazie all&#8217;avanzata tecnologia SUGATEX, il panno \u00e8 uno strumento pratico che offre comfort in qualsiasi momento. Portalo con te ovunque tu vada e goditi l&#8217;effetto refrigerante ogni volta che ne hai bisogno.       <\/p>\n<p>&nbsp;<\/p>\n<h2>Tubo per il trattamento del corpo (250 ml) e Roll-on per il trattamento del corpo (60 ml)<\/h2>\n<div class=\"group\/conversation-turn relative flex w-full min-w-0 flex-col agent-turn\">\n<div class=\"flex-col gap-1 md:gap-3\">\n<div class=\"flex max-w-full flex-col flex-grow\">\n<div class=\"min-h-[20px] text-message flex w-full flex-col items-end gap-2 whitespace-normal break-words [.text-message+&amp;]:mt-5\" dir=\"auto\" data-message-author-role=\"assistant\" data-message-id=\"1d93d3f8-1e1f-450c-8f95-a02ef1bebf88\">\n<div class=\"flex w-full flex-col gap-1 empty:hidden first:pt-[3px]\">\n<div class=\"markdown prose w-full break-words dark:prose-invert light\">\n<div class=\"flex-shrink-0 flex flex-col relative items-end\">\n<div class=\"pt-0\">\n<div class=\"gizmo-bot-avatar flex h-8 w-8 items-center justify-center overflow-hidden rounded-full\">\n<div class=\"relative p-1 rounded-sm flex items-center justify-center bg-token-main-surface-primary text-token-text-primary h-8 w-8\">\n<div class=\"flex-shrink-0 flex flex-col relative items-end\">\n<div class=\"pt-0\">\n<div class=\"gizmo-bot-avatar flex h-8 w-8 items-center justify-center overflow-hidden rounded-full\">\n<div class=\"relative p-1 rounded-sm flex items-center justify-center bg-token-main-surface-primary text-token-text-primary h-8 w-8\"><strong>I benefici del Gel di Conforto Gamby Natur:<\/strong><\/div>\n<ul>\n<li class=\"relative p-1 rounded-sm flex items-center justify-center bg-token-main-surface-primary text-token-text-primary h-8 w-8\">Fornisce un piacevole rinfresco<\/li>\n<li class=\"relative p-1 rounded-sm flex items-center justify-center bg-token-main-surface-primary text-token-text-primary h-8 w-8\">Pu\u00f2 essere utilizzato prima o dopo l&#8217;attivit\u00e0 fisica<\/li>\n<li class=\"relative p-1 rounded-sm flex items-center justify-center bg-token-main-surface-primary text-token-text-primary h-8 w-8\">Adatto a fornire un&#8217;esperienza confortevole<\/li>\n<li>Il comodo applicatore a rullo consente di applicare facilmente il prodotto senza sporcarsi le dita.<\/li>\n<li>Facile da trasportare in auto o in borsa. in auto o in borsa <\/li>\n<li>L&#8217;applicatore a rullo pu\u00f2 essere utilizzato per massaggiare il prodotto in<\/li>\n<\/ul>\n<\/div>\n<\/div>\n<\/div>\n<p>&nbsp;<\/p>\n<h4>Ingredienti nel Gel di conforto:<\/h4>\n<p><strong>Aqua<\/strong><em>(acqua)<\/em>: ingrediente principale che idrata la pelle e aiuta a diffondere i principi attivi in modo uniforme.<\/p>\n<p><strong>Olio di Mentha Arvensis<\/strong><em> (olio di menta giapponese)<\/em>: contribuisce a dare una sensazione di freschezza e refrigerio.<\/p>\n<p><strong>Mentolo<\/strong>: aggiunge un effetto rinfrescante<\/p>\n<p><strong>Olio di corteccia di Cinnamomum Camphora<\/strong> <em>:<\/em> favorisce un&#8217;esperienza piacevole<\/p>\n<p><strong>Carbomero<\/strong> <em>(addensante)<\/em>: utilizzato per dare al gel una consistenza morbida e confortevole.<\/p>\n<p><strong>Olio di foglie di Eucalyptus Globulus<\/strong> <em>:<\/em> fornisce un profumo gradevole e una sensazione rinfrescante.<\/p>\n<p><strong>Limonene <\/strong><em>(componente naturale della fragranza):<\/em> contribuisce all&#8217;aroma del prodotto<\/p>\n<p><strong>Linalolo <\/strong><em>(componente naturale della fragranza): contribuisce<\/em>all&#8217;aroma del prodotto<\/p>\n<p><strong>CI 42090<\/strong> <em>(colorante)<\/em>: utilizzato per conferire al prodotto un colore attraente.<\/p>\n<p>&nbsp;<\/p>\n<p>&nbsp;<\/p>\n<h4>Come utilizzare il Gel di conforto:<\/h4>\n<ol>\n<li>Agita bene il roll-on prima dell&#8217;uso per garantire una distribuzione uniforme degli ingredienti.<\/li>\n<li>Applica una quantit\u00e0 adeguata di gel direttamente sull&#8217;area interessata<\/li>\n<li>Massaggia la pelle fino a quando il gel non viene assorbito &#8211; \u00e8 importante applicare un&#8217;area pi\u00f9 ampia possibile per ottenere i migliori risultati.<br \/>\n&#8211; Ad esempio. Se si usa sul gomito, si consiglia di applicarlo dalla punta delle dita fino al collo.<br \/>\n&#8211; Ad esempio. Se si usa sulle ginocchia, si consiglia di applicarlo dalla punta dei piedi verso la parte posteriore. <\/li>\n<\/ol>\n<p>Conserva il Gel di Conforto in un luogo fresco, ad esempio in una cella frigorifera o in frigorifero, poich\u00e9 il suo effetto rinfrescante sar\u00e0 evidente subito dopo l&#8217;applicazione.<\/p>\n<p>&nbsp;<\/p>\n<div class=\"relative p-1 rounded-sm flex items-center justify-center bg-token-main-surface-primary text-token-text-primary h-8 w-8\"><strong>Chi pu\u00f2 utilizzare i trattamenti per il corpo Gamby Natur?<\/strong><\/div>\n<div class=\"relative p-1 rounded-sm flex items-center justify-center bg-token-main-surface-primary text-token-text-primary h-8 w-8\">Il Gel di conforto \u00e8 ideale per gli adulti e i bambini pi\u00f9 grandi che desiderano una sensazione rinfrescante e riscaldante.<\/div>\n<div>\n<div class=\"flex-shrink-0 flex flex-col relative items-end\">\n<div class=\"pt-0\">\n<div class=\"gizmo-bot-avatar flex h-8 w-8 items-center justify-center overflow-hidden rounded-full\">\n<div class=\"relative p-1 rounded-sm flex items-center justify-center bg-token-main-surface-primary text-token-text-primary h-8 w-8\">\n<div class=\"flex-shrink-0 flex flex-col relative items-end\">\n<div class=\"pt-0\">\n<div class=\"gizmo-bot-avatar flex h-8 w-8 items-center justify-center overflow-hidden rounded-full\">\n<div><\/div>\n<div>\n<p>&nbsp;<\/p>\n<p>&nbsp;<\/p>\n<\/div>\n<h4 class=\"relative p-1 rounded-sm flex items-center justify-center bg-token-main-surface-primary text-token-text-primary h-8 w-8\"><span style=\"color: #1b1919; font-size: 24px;\">Rifornimento di carburante<\/span><\/h4>\n<\/div>\n<\/div>\n<\/div>\n<\/div>\n<\/div>\n<\/div>\n<\/div>\n<p>Il Gel di Conforto Roll-On \u00e8 pratico ed ecologico. \u00c8 stato progettato per essere facilmente ricaricato dal tubetto, poich\u00e9 l&#8217;applicatore del roll-on non \u00e8 incollato. Questa caratteristica riduce gli sprechi e promuove l&#8217;uso sostenibile degli imballaggi, in modo da sostenere una cultura del consumo pi\u00f9 responsabile.  <\/p>\n<p>&nbsp;<\/p>\n<\/div>\n<\/div>\n<\/div>\n<\/div>\n<\/div>\n<\/div>\n<\/div>\n<\/div>\n<\/div>\n<\/div>\n<\/div>\n<div class=\"group\/conversation-turn relative flex w-full min-w-0 flex-col agent-turn\">\n<div class=\"flex-col gap-1 md:gap-3\">\n<div class=\"flex max-w-full flex-col flex-grow\">\n<div class=\"min-h-[20px] text-message flex w-full flex-col items-end gap-2 whitespace-normal break-words [.text-message+&amp;]:mt-5\" dir=\"auto\" data-message-author-role=\"assistant\" data-message-id=\"1d93d3f8-1e1f-450c-8f95-a02ef1bebf88\">\n<div class=\"flex w-full flex-col gap-1 empty:hidden first:pt-[3px]\">\n<div class=\"markdown prose w-full break-words dark:prose-invert light\">\n<div class=\"group\/conversation-turn relative flex w-full min-w-0 flex-col agent-turn\">\n<div class=\"flex-col gap-1 md:gap-3\">\n<div class=\"flex max-w-full flex-col flex-grow\">\n<div class=\"min-h-[20px] text-message flex w-full flex-col items-end gap-2 whitespace-normal break-words [.text-message+&amp;]:mt-5\" dir=\"auto\" data-message-author-role=\"assistant\" data-message-id=\"1d93d3f8-1e1f-450c-8f95-a02ef1bebf88\">\n<div class=\"flex w-full flex-col gap-1 empty:hidden first:pt-[3px]\">\n<div><\/div>\n<div>\n<h4>Raccomandazioni per l&#8217;uso:<\/h4>\n<ul>\n<li>Prova il prodotto su una piccola area prima di utilizzarlo<\/li>\n<li>Evita il contatto con gli occhi, le membrane mucose e le ferite aperte.<\/li>\n<li>Il prodotto \u00e8 solo per uso esterno e deve essere utilizzato sulla pelle intatta.<\/li>\n<li>Non adatto a bambini di et\u00e0 inferiore ai 3 anni<\/li>\n<li>Tenere lontano dai bambini piccoli a causa delle piccole parti<\/li>\n<li>Conservare in un luogo fresco e asciutto (massimo 24\u00b0C).<\/li>\n<\/ul>\n<p>Nota: il Gel di Conforto Gamby Natur \u00e8 un prodotto cosmetico che completa la tua cura e il tuo benessere quotidiano. Non \u00e8 destinato al trattamento, alla diagnosi o alla prevenzione di malattie. <\/p>\n<p>&nbsp;<\/p>\n<\/div>\n<\/div>\n<\/div>\n<\/div>\n<\/div>\n<\/div>\n<\/div>\n<\/div>\n<\/div>\n<\/div>\n<\/div>\n<\/div>\n<h2><strong>Wonder Cooling colore blu<\/strong><\/h2>\n<p><b class=\"html-b xdj266r x11i5rnm xat24cr x1mh8g0r xexx8yu x4uap5 x18d9i69 xkhd6sd x1hl2dhg x16tdsg8 x1vvkbs\">Particolarmente indicato per:<\/b><\/p>\n<p><strong>Febbre:<\/strong> metti il panno sulla fronte per avere una sensazione rinfrescante.<\/p>\n<p><strong>Mal di testa ed emicrania:<\/strong> posiziona il panno sulla testa per ottenere una sensazione di raffreddamento.<\/p>\n<p><strong>Muscoli:<\/strong> applica il panno sulle aree che necessitano di freddo.<\/p>\n<p><strong>Traumi sportivi:<\/strong> pu\u00f2 essere utilizzato al posto degli impacchi di ghiaccio ed \u00e8 facile da trasportare nella borsa sportiva.<\/p>\n<p><strong>Giornate calde:<\/strong> indossa il panno sotto i vestiti per mantenere il fresco senza bagnare i vestiti.<\/p>\n<p><strong>Surriscaldamento:<\/strong> posiziona il panno su un letto, un divano, un ascensore ecc. per creare una temperatura confortevole. <\/p>\n<p><strong>Animali:<\/strong> posiziona il panno sotto o sopra l&#8217;animale per aiutarlo a rinfrescarsi nelle giornate pi\u00f9 calde.<\/p>\n<p>&nbsp;<\/p>\n<h4><b class=\"html-b xdj266r x11i5rnm xat24cr x1mh8g0r xexx8yu x4uap5 x18d9i69 xkhd6sd x1hl2dhg x16tdsg8 x1vvkbs\">Materiale:<\/b><\/h4>\n<p>Wonder Cooling \u00e8 realizzato in un materiale innovativo con tecnologia SUGATEX, che permette al panno di assorbire 10-12 volte il suo peso in liquidi, garantendo un effetto di lunga durata.<\/p>\n<p>&nbsp;<\/p>\n<h4><b class=\"html-b xdj266r x11i5rnm xat24cr x1mh8g0r xexx8yu x4uap5 x18d9i69 xkhd6sd x1hl2dhg x16tdsg8 x1vvkbs\">Applicazione:<\/b><\/h4>\n<ol>\n<li>Immergi il panno in acqua fredda o calda<\/li>\n<li>Giralo accuratamente<\/li>\n<li>Agitalo su e gi\u00f9 per 15-20 secondi per attivare l&#8217;effetto di raffreddamento.<\/li>\n<li>Appoggia il panno sull&#8217;area da raffreddare<\/li>\n<li>Quando il panno non \u00e8 pi\u00f9 freddo, puoi ripetere il processo o semplicemente scuoterlo per continuare a stare bene.<\/li>\n<li>Conservalo poi nel suo contenitore ermetico.<\/li>\n<\/ol>\n<p><strong>Lavaggio:  <\/strong><\/p>\n<p>Per un uso ottimale, si consiglia di lavare il panno Wonder Cooling a 30 gradi secondo necessit\u00e0 (ma raramente). Non asciugare il panno; dopo il lavaggio, conservalo immediatamente nel contenitore ermetico in dotazione. <\/p>\n<p>-Se il panno Wonder Cooling diventa duro e si secca, prova a immergerlo in acqua per 3-5 minuti, senza tirare o strappare il panno.<\/p>\n<p>&nbsp;<\/p>\n<h4><b class=\"html-b xdj266r x11i5rnm xat24cr x1mh8g0r xexx8yu x4uap5 x18d9i69 xkhd6sd x1hl2dhg x16tdsg8 x1vvkbs\">Raccomandazioni per un uso sicuro<\/b><\/h4>\n<ul>\n<li>Evita il calore diretto: non esporre il panno al calore diretto o alla luce del sole per non danneggiare il materiale.<\/li>\n<li>Non lasciare che il panno si asciughi per non danneggiarne l&#8217;aspetto.<\/li>\n<li>Tieni il panno fuori dalla portata dei bambini e degli animali quando non lo usi.<\/li>\n<\/ul>\n","protected":false},"excerpt":{"rendered":"<p>Tubo (250ml)<br \/>\nRoll-On (60ml)<br \/>\nWonder Cooling Blue: 33x84cm<\/p>\n<p style=\"text-align: left;\">Questo set combina il Gel di Conforto &amp; Roll-On con l&#8217;innovativo panno Wonder Cooling di colore blu, offrendo una soluzione completa per chi vuole coccolare il proprio corpo.<\/p>\n<p style=\"text-align: left;\">-Gel di Conforto \u00e8 un gel condizionante con propriet\u00e0 rinfrescanti e riscaldanti che pu\u00f2 essere utilizzato durante il giorno, prima o dopo l&#8217;attivit\u00e0 fisica o come parte della tua routine quotidiana di cura della pelle.<br \/>\n-Il panno Wonder Cooling \u00e8 un pratico compagno, progettato per fornire freddo istantaneo e rimanere fresco per ore.<\/p>\n","protected":false},"featured_media":133879,"comment_status":"open","ping_status":"closed","template":"","meta":{"_acf_changed":false},"product-label":[1702,1686,1698,1710],"product_brand":[],"product_cat":[1243,1108],"product_tag":[1122,1098,1295,1861,1296,1198,1294],"class_list":{"0":"post-12073","1":"product","2":"type-product","3":"status-publish","4":"has-post-thumbnail","6":"product-label-mod-hudproblemer-it","7":"product-label-ikke-testet-paa-dyr-it","8":"product-label-produceret-i-danmark-it","9":"product-label-vegansk-it","10":"product_cat-i-migliori-venditori","11":"product_cat-blue-wonder-it","12":"product_tag-blu","13":"product_tag-meraviglia","14":"product_tag-ingredienti-naturali","15":"product_tag-kit-bestseller-meraviglia-blu","16":"product_tag-kit-meraviglia-blu","17":"product_tag-meraviglia-bianca","18":"product_tag-sollievo-naturale-dal-dolore","20":"first","21":"instock","22":"sale","23":"taxable","24":"shipping-taxable","25":"purchasable","26":"product-type-simple"},"acf":[],"_links":{"self":[{"href":"https:\/\/hocl.dk\/it\/wp-json\/wp\/v2\/product\/12073","targetHints":{"allow":["GET"]}}],"collection":[{"href":"https:\/\/hocl.dk\/it\/wp-json\/wp\/v2\/product"}],"about":[{"href":"https:\/\/hocl.dk\/it\/wp-json\/wp\/v2\/types\/product"}],"replies":[{"embeddable":true,"href":"https:\/\/hocl.dk\/it\/wp-json\/wp\/v2\/comments?post=12073"}],"version-history":[{"count":2,"href":"https:\/\/hocl.dk\/it\/wp-json\/wp\/v2\/product\/12073\/revisions"}],"predecessor-version":[{"id":131064,"href":"https:\/\/hocl.dk\/it\/wp-json\/wp\/v2\/product\/12073\/revisions\/131064"}],"wp:featuredmedia":[{"embeddable":true,"href":"https:\/\/hocl.dk\/it\/wp-json\/wp\/v2\/media\/133879"}],"wp:attachment":[{"href":"https:\/\/hocl.dk\/it\/wp-json\/wp\/v2\/media?parent=12073"}],"wp:term":[{"taxonomy":"product-label","embeddable":true,"href":"https:\/\/hocl.dk\/it\/wp-json\/wp\/v2\/product-label?post=12073"},{"taxonomy":"product_brand","embeddable":true,"href":"https:\/\/hocl.dk\/it\/wp-json\/wp\/v2\/product_brand?post=12073"},{"taxonomy":"product_cat","embeddable":true,"href":"https:\/\/hocl.dk\/it\/wp-json\/wp\/v2\/product_cat?post=12073"},{"taxonomy":"product_tag","embeddable":true,"href":"https:\/\/hocl.dk\/it\/wp-json\/wp\/v2\/product_tag?post=12073"}],"curies":[{"name":"wp","href":"https:\/\/api.w.org\/{rel}","templated":true}]}}