{"id":12078,"date":"2024-04-04T15:08:33","date_gmt":"2024-04-04T15:08:33","guid":{"rendered":"https:\/\/hocl.dk\/product\/senza-categoria\/sali-da-pediluvio-naturali\/"},"modified":"2026-04-29T22:28:11","modified_gmt":"2026-04-29T22:28:11","slug":"sali-da-pediluvio-naturali","status":"publish","type":"product","link":"https:\/\/hocl.dk\/it\/product\/magnesium-it\/sali-da-pediluvio-naturali\/","title":{"rendered":"Sale da pediluvio &#8211; Magnesio e Eucalipto"},"content":{"rendered":"<div class=\"flex-shrink-0 flex flex-col relative items-end\">\n<div>\n<div class=\"pt-0\">\n<div class=\"gizmo-bot-avatar flex h-8 w-8 items-center justify-center overflow-hidden rounded-full\">\n<h1 class=\"relative p-1 rounded-sm flex items-center justify-center bg-token-main-surface-primary text-token-text-primary h-8 w-8\">Gamby Natur &#8211; Sali da pediluvio<\/h1>\n<\/div>\n<\/div>\n<\/div>\n<\/div>\n<div class=\"group\/conversation-turn relative flex w-full min-w-0 flex-col agent-turn\">\n<div class=\"flex-col gap-1 md:gap-3\">\n<div class=\"flex max-w-full flex-col flex-grow\">\n<div class=\"min-h-[20px] text-message flex w-full flex-col items-end gap-2 whitespace-normal break-words [.text-message+&amp;]:mt-5\" dir=\"auto\" data-message-author-role=\"assistant\" data-message-id=\"1879fd95-3a88-4df9-8e7d-5184ed41f8eb\">\n<div class=\"flex w-full flex-col gap-1 empty:hidden first:pt-[3px]\">\n<div class=\"markdown prose w-full break-words dark:prose-invert light\">\n<p>Coccola i tuoi piedi con un pediluvio rilassante.<\/p>\n<p>Dopo una lunga giornata, i tuoi piedi possono sentirsi stanchi e necessitare di qualche cura in pi\u00f9. Il nostro sale naturale per pediluvio con magnesio \u00e8 stato progettato per offrire un&#8217;esperienza piacevole come quella di una spa a casa tua. La combinazione di minerali e oli essenziali \u00e8 in grado di offrire una sensazione di freschezza e relax, lasciando i piedi morbidi e idratati.  <\/p>\n<\/div>\n<\/div>\n<\/div>\n<\/div>\n<\/div>\n<\/div>\n<p><strong>Vantaggi:<\/strong><\/p>\n<ul>\n<li>L&#8217;acqua calda con i sali per il pediluvio pu\u00f2 aiutare ad alleviare la stanchezza e l&#8217;indolenzimento dei piedi.<\/li>\n<li>Pu\u00f2 fornire una sensazione di freschezza e raffreddamento<\/li>\n<li>Lascia i piedi morbidi e condizionati<\/li>\n<li>Contribuisce a rendere piacevole l&#8217;esperienza del pediluvio<\/li>\n<li>Adatto alla cura quotidiana dei piedi<\/li>\n<\/ul>\n<p>&nbsp;<\/p>\n<h2><strong>Elenco degli ingredienti:<\/strong><\/h2>\n<p><strong>Cloruro di sodio<\/strong> (sale) &#8211; <em>Un ingrediente naturale che aiuta ad ammorbidire la pelle e pu\u00f2 avere un leggero effetto esfoliante <\/em>.  <\/p>\n<p><strong>Solfato di magnesio <\/strong>(magnesio)  <em>&#8211; Un noto minerale spesso utilizzato nei prodotti per il benessere. Si scioglie facilmente nell&#8217;acqua e pu\u00f2 contribuire a rendere piacevole il bagno. Il solfato di magnesio \u00e8 molto utilizzato nei pediluvi e nelle vasche da bagno, in quanto \u00e8 in grado di fornire una sensazione rinfrescante e ammorbidente sulla pelle e di penetrare  <\/em><\/p>\n<p><strong>Olio di foglie di Eucalipto (Eucalyptus Globulus Leaf Oil<\/strong> ) &#8211;<em> D\u00e0 una sensazione di freschezza e piacevolezza<\/em>.<\/p>\n<p><strong>Mentolo<\/strong> &#8211;<em> Aggiunge un effetto rinfrescante<\/em><\/p>\n<p><strong>Olio di Lavandula Angustifolia<\/strong> (olio di lavanda) <em>&#8211; Aggiunge una fragranza naturale che pu\u00f2 creare un&#8217;atmosfera rilassante<\/em>.<\/p>\n<p>&nbsp;<\/p>\n<h2><strong>Applicazione:<\/strong><\/h2>\n<p>Applicazione:<\/p>\n<ol>\n<li>Sciogli 1 cucchiaio di sale da pediluvio in 3-5 litri d&#8217;acqua calda<\/li>\n<li>Immergi i piedi e goditi il bagno per 10-15 minuti.<\/li>\n<li>Asciuga bene i piedi e termina con una crema idratante &#8211; ti consigliamo uno strato sottilissimo di unguento alla cera d&#8217;api.<\/li>\n<\/ol>\n<p>&nbsp;<\/p>\n<ul>\n<li>Usa i sali per pediluvio 1-2 volte a settimana o secondo necessit\u00e0 per una cura e un benessere ottimali.<\/li>\n<li>Suggerimento extra: Se hai la pelle secca o dura, il sale da pediluvio pu\u00f2 essere utilizzato anche come scrub delicato.<\/li>\n<li>Per una pulizia pi\u00f9 accurata, ti consigliamo di utilizzare il Sapone Naturale nel pediluvio.<\/li>\n<\/ul>\n<p>&nbsp;<\/p>\n","protected":false},"excerpt":{"rendered":"<p><strong>150 grammi<\/strong><\/p>\n<p>Coccola i tuoi piedi con un pediluvio rilassante.<\/p>\n<p>Dopo una lunga giornata, i tuoi piedi possono sentirsi stanchi e necessitare di qualche cura in pi\u00f9. Il nostro sale naturale per pediluvio con magnesio \u00e8 stato progettato per offrire un&#8217;esperienza piacevole come quella di una spa a casa tua. La combinazione di minerali e oli essenziali \u00e8 in grado di offrire una sensazione di freschezza e relax, lasciando i piedi morbidi e idratati.  <\/p>\n<div id=\"gtx-trans\" style=\"position: absolute;left: -61px;top: -10px\">\n<div class=\"gtx-trans-icon\"><\/div>\n<\/div>\n","protected":false},"featured_media":123107,"comment_status":"open","ping_status":"closed","template":"","meta":{"_acf_changed":false},"product-label":[1643,1686,1690,1698,1694,1710],"product_brand":[],"product_cat":[1923,1761,1300],"product_tag":[1893,1895,1894,1897,1892,1890,1891,1896],"class_list":{"0":"post-12078","1":"product","2":"type-product","3":"status-publish","4":"has-post-thumbnail","6":"product-label-100-naturligt","7":"product-label-ikke-testet-paa-dyr-it","8":"product-label-parfumefri-it","9":"product-label-produceret-i-danmark-it","10":"product-label-smertelindrende-it","11":"product-label-vegansk-it","12":"product_cat-magnesium-it","13":"product_cat-wonder-velvaere-it","14":"product_cat-skin-wonder-it","15":"product_tag-bagno","16":"product_tag-cura","17":"product_tag-dolore","18":"product_tag-naturale","19":"product_tag-pediluvio","20":"product_tag-piedi","21":"product_tag-sale","22":"product_tag-sali-da-pediluvio","24":"first","25":"instock","26":"taxable","27":"shipping-taxable","28":"purchasable","29":"product-type-simple"},"acf":[],"_links":{"self":[{"href":"https:\/\/hocl.dk\/it\/wp-json\/wp\/v2\/product\/12078","targetHints":{"allow":["GET"]}}],"collection":[{"href":"https:\/\/hocl.dk\/it\/wp-json\/wp\/v2\/product"}],"about":[{"href":"https:\/\/hocl.dk\/it\/wp-json\/wp\/v2\/types\/product"}],"replies":[{"embeddable":true,"href":"https:\/\/hocl.dk\/it\/wp-json\/wp\/v2\/comments?post=12078"}],"version-history":[{"count":1,"href":"https:\/\/hocl.dk\/it\/wp-json\/wp\/v2\/product\/12078\/revisions"}],"predecessor-version":[{"id":123950,"href":"https:\/\/hocl.dk\/it\/wp-json\/wp\/v2\/product\/12078\/revisions\/123950"}],"wp:featuredmedia":[{"embeddable":true,"href":"https:\/\/hocl.dk\/it\/wp-json\/wp\/v2\/media\/123107"}],"wp:attachment":[{"href":"https:\/\/hocl.dk\/it\/wp-json\/wp\/v2\/media?parent=12078"}],"wp:term":[{"taxonomy":"product-label","embeddable":true,"href":"https:\/\/hocl.dk\/it\/wp-json\/wp\/v2\/product-label?post=12078"},{"taxonomy":"product_brand","embeddable":true,"href":"https:\/\/hocl.dk\/it\/wp-json\/wp\/v2\/product_brand?post=12078"},{"taxonomy":"product_cat","embeddable":true,"href":"https:\/\/hocl.dk\/it\/wp-json\/wp\/v2\/product_cat?post=12078"},{"taxonomy":"product_tag","embeddable":true,"href":"https:\/\/hocl.dk\/it\/wp-json\/wp\/v2\/product_tag?post=12078"}],"curies":[{"name":"wp","href":"https:\/\/api.w.org\/{rel}","templated":true}]}}