{"id":12080,"date":"2023-09-07T15:11:00","date_gmt":"2023-09-07T15:11:00","guid":{"rendered":"https:\/\/hocl.dk\/product\/senza-categoria\/scrub-al-sale-agrumi-2\/"},"modified":"2026-04-29T22:22:50","modified_gmt":"2026-04-29T22:22:50","slug":"scrub-al-sale-agrumi-2","status":"publish","type":"product","link":"https:\/\/hocl.dk\/it\/product\/danica-skincare-it\/scrub-al-sale-agrumi-2\/","title":{"rendered":"Scrub al sale &#8211; Agrumi"},"content":{"rendered":"<h1>Danica Skincare<\/h1>\n<h2>Scrub al sale &#8211; Agrumi<\/h2>\n<p>Questo delizioso scrub al sale \u00e8 dedicato a tutti coloro che vogliono regalarsi una pelle extra pulita, morbida e liscia. Il sale \u00e8 esfoliante, idratante, detergente e curativo.<\/p>\n<p>Lo scrub pu\u00f2 essere utilizzato su tutto il corpo. Applicalo sulla pelle umida come ultima fase della doccia, risciacqua e lascia la pelle splendidamente oleata. Una vera e propria esperienza di auto-indulgenza e benessere. Ripeti il trattamento secondo le necessit\u00e0. Ti consigliamo di farlo circa 1-2 volte a settimana.<\/p>\n<p>Il trattamento pu\u00f2 causare un po&#8217; di bruciore nelle aree in cui la pelle \u00e8 sottile, secca o in presenza di ferite e tagli. Dopo aver usato lo scrub, la tua pelle rimarr\u00e0 morbida, idratata ed elastica pi\u00f9 a lungo. Gli oli contengono vitamina A ed E. Puoi scegliere tra diverse fragranze o senza profumo.<\/p>\n<p>Ingredienti: Maris Sal (sale minerale del Mar Morto), olio di Prunus Amygdalus Dulcis (olio di mandorle), olio di Cocos Nucifera (olio di cocco), olio di nocciolo di Prunus Armeniaca (olio di nocciolo di albicocca), tocoferolo (vitamina E)<\/p>\n","protected":false},"excerpt":{"rendered":"<p><strong>200ml <\/strong><\/p>\n<div id=\"gtx-trans\" style=\"position: absolute; left: -101px; top: -10px;\">\n<div class=\"gtx-trans-icon\"><\/div>\n<\/div>\n","protected":false},"featured_media":11997,"comment_status":"open","ping_status":"closed","template":"","meta":{"_acf_changed":false},"product-label":[1643,1686,1698,1710],"product_brand":[],"product_cat":[1269],"product_tag":[1265,1250,1251],"class_list":{"0":"post-12080","1":"product","2":"type-product","3":"status-publish","4":"has-post-thumbnail","6":"product-label-100-naturligt","7":"product-label-ikke-testet-paa-dyr-it","8":"product-label-produceret-i-danmark-it","9":"product-label-vegansk-it","10":"product_cat-danica-skincare-it","11":"product_tag-agrumi","12":"product_tag-macchia","13":"product_tag-scrub-al-sale","15":"first","16":"outofstock","17":"sale","18":"taxable","19":"shipping-taxable","20":"purchasable","21":"product-type-simple"},"acf":[],"_links":{"self":[{"href":"https:\/\/hocl.dk\/it\/wp-json\/wp\/v2\/product\/12080","targetHints":{"allow":["GET"]}}],"collection":[{"href":"https:\/\/hocl.dk\/it\/wp-json\/wp\/v2\/product"}],"about":[{"href":"https:\/\/hocl.dk\/it\/wp-json\/wp\/v2\/types\/product"}],"replies":[{"embeddable":true,"href":"https:\/\/hocl.dk\/it\/wp-json\/wp\/v2\/comments?post=12080"}],"version-history":[{"count":1,"href":"https:\/\/hocl.dk\/it\/wp-json\/wp\/v2\/product\/12080\/revisions"}],"predecessor-version":[{"id":126974,"href":"https:\/\/hocl.dk\/it\/wp-json\/wp\/v2\/product\/12080\/revisions\/126974"}],"wp:featuredmedia":[{"embeddable":true,"href":"https:\/\/hocl.dk\/it\/wp-json\/wp\/v2\/media\/11997"}],"wp:attachment":[{"href":"https:\/\/hocl.dk\/it\/wp-json\/wp\/v2\/media?parent=12080"}],"wp:term":[{"taxonomy":"product-label","embeddable":true,"href":"https:\/\/hocl.dk\/it\/wp-json\/wp\/v2\/product-label?post=12080"},{"taxonomy":"product_brand","embeddable":true,"href":"https:\/\/hocl.dk\/it\/wp-json\/wp\/v2\/product_brand?post=12080"},{"taxonomy":"product_cat","embeddable":true,"href":"https:\/\/hocl.dk\/it\/wp-json\/wp\/v2\/product_cat?post=12080"},{"taxonomy":"product_tag","embeddable":true,"href":"https:\/\/hocl.dk\/it\/wp-json\/wp\/v2\/product_tag?post=12080"}],"curies":[{"name":"wp","href":"https:\/\/api.w.org\/{rel}","templated":true}]}}