{"id":12083,"date":"2023-12-15T19:45:15","date_gmt":"2023-12-15T19:45:15","guid":{"rendered":"https:\/\/hocl.dk\/product\/senza-categoria\/wo-mens-tubo-2\/"},"modified":"2026-04-29T20:07:39","modified_gmt":"2026-04-29T20:07:39","slug":"wo-mens-tubo-2","status":"publish","type":"product","link":"https:\/\/hocl.dk\/it\/product\/kvinde-it\/wo-mens-tubo-2\/","title":{"rendered":"Kvinde -Tubo"},"content":{"rendered":"<h1>Donna &#8211; il gel per quei giorni<\/h1>\n<p>Un gel leggero e profumato per offrire comfort e benessere, soprattutto in quei momenti in cui \u00e8 necessaria un po&#8217; di cura in pi\u00f9. Kvinde \u00e8 stato creato in collaborazione con donne di tutte le et\u00e0. La formulazione \u00e8 delicata e si concentra su ingredienti naturali e aromatici che si combinano per creare una sensazione rinfrescante, riscaldante e calmante sulla pelle.  <\/p>\n<p><em>Usalo ogni volta che hai bisogno di un momento di calma nella vita di tutti i giorni: sulla parte bassa della schiena, sull&#8217;addome, sull&#8217;inguine o ovunque tu senta che il tuo corpo ha bisogno di una piccola pausa. Il gel \u00e8 facile da applicare e si assorbe rapidamente: \u00e8 perfetto come parte della tua routine quotidiana. <\/em><\/p>\n<p>&nbsp;<\/p>\n<h2>Ingredienti e loro effetti:<\/h2>\n<p><strong>Aqua<\/strong> <em>(acqua)<\/em> &#8211; Aiuta a distribuire uniformemente i principi attivi e idrata la pelle.<\/p>\n<p><strong>Polisorbato 20<\/strong> &#8211; Un ingrediente delicato che lega gli oli e l&#8217;acqua per una consistenza uniforme.<\/p>\n<p><strong>Olio di Lavandula Angustifolia<\/strong> <em>(Olio di Lavanda)<\/em> &#8211; Conosciuto per il suo profumo naturale e floreale associato al relax e al benessere.<\/p>\n<p><strong>Olio di Mentha Piperita<\/strong> <em>(olio di menta piperita)<\/em> &#8211; D\u00e0 una sensazione di freschezza sulla pelle.<\/p>\n<p><strong>Mentolo<\/strong> &#8211; Crea una sensazione di freschezza e rinvigorimento che rinfresca la pelle.<\/p>\n<p><strong>Olio di Cinnamomum Camphora<\/strong><em>(olio di canfora senza profumo<\/em>) &#8211; Fornisce una sensazione di calore.<\/p>\n<p><strong>Phenoxyethanol e Caprylyl Glycol<\/strong> &#8211; Conservanti che garantiscono la durata del prodotto e proteggono dai batteri.<\/p>\n<p><strong>Limonene e Linalolo<\/strong> &#8211; Componenti naturali della fragranza provenienti da oli essenziali che conferiscono al prodotto un aroma fresco e piacevole.<\/p>\n<p><strong>Acido citrico<\/strong> &#8211; Serve a bilanciare il pH del prodotto per adattarlo alla pelle.<\/p>\n<p>&nbsp;<\/p>\n<h2>Come utilizzare il gel femminile<\/h2>\n<ol>\n<li>Agitare leggermente prima dell&#8217;uso<\/li>\n<li>Applica uno strato sottile di gel sull&#8217;area desiderata, ad esempio la parte bassa della schiena, l&#8217;inguine o la pancia<br \/>\nTi consigliamo di applicare un&#8217;area pi\u00f9 ampia per ottenere il miglior effetto condizionante.<\/li>\n<li>Massaggia delicatamente la pelle fino a quando il prodotto non viene assorbito.<\/li>\n<li>Conservalo in un luogo fresco per una sensazione di freschezza extra (ma conservalo a un massimo di 24 gradi).<\/li>\n<\/ol>\n<p><strong>Ricarica ecologica  <\/strong><\/p>\n<p>Woman \u00e8 disponibile come roll-on con la possibilit\u00e0 di essere ricaricato dal tubetto. L&#8217;applicatore del roll-on pu\u00f2 essere facilmente svitato, in modo da poter riutilizzare la confezione pi\u00f9 volte, in modo pratico e sostenibile. <\/p>\n<p>&nbsp;<\/p>\n<h2>Raccomandazioni di sicurezza:<\/h2>\n<ul>\n<li>Solo per uso esterno<\/li>\n<li>Evita il contatto con gli occhi, le mucose e la pelle danneggiata.<\/li>\n<li>Esegui un test su una piccola area di pelle la prima volta<\/li>\n<li>Conservalo in un luogo fresco (a meno di 24\u00b0C).<\/li>\n<\/ul>\n","protected":false},"excerpt":{"rendered":"<p>100ml.<\/p>\n<p><strong>Per quei giorni<\/strong><\/p>\n<p>Un gel leggero e profumato per offrire comfort e benessere, soprattutto in quei momenti in cui \u00e8 necessaria un po&#8217; di cura in pi\u00f9. Kvinde \u00e8 stato creato in collaborazione con donne di tutte le et\u00e0. La formulazione delicata e gli ingredienti aromatici si combinano per creare una sensazione rinfrescante, riscaldante e calmante sulla pelle.  <\/p>\n<p>Usalo ogni volta che hai bisogno di un momento di calma nella vita di tutti i giorni: sulla parte bassa della schiena, sull&#8217;addome, sull&#8217;inguine o ovunque tu senta che il tuo corpo ha bisogno di una piccola pausa. Il gel \u00e8 facile da applicare e si assorbe rapidamente: \u00e8 perfetto come parte della tua routine quotidiana. <\/p>\n","protected":false},"featured_media":128107,"comment_status":"open","ping_status":"closed","template":"","meta":{"_acf_changed":false},"product-label":[1702,1686,1698,1710],"product_brand":[],"product_cat":[1939],"product_tag":[1257,1260,1255,1264,1262],"class_list":{"0":"post-12083","1":"product","2":"type-product","3":"status-publish","4":"has-post-thumbnail","6":"product-label-mod-hudproblemer-it","7":"product-label-ikke-testet-paa-dyr-it","8":"product-label-produceret-i-danmark-it","9":"product-label-vegansk-it","10":"product_cat-kvinde-it","11":"product_tag-dolori-mestruali","12":"product_tag-donna","13":"product_tag-dove-luomo","14":"product_tag-mestruazioni","15":"product_tag-umano","17":"first","18":"instock","19":"taxable","20":"shipping-taxable","21":"purchasable","22":"product-type-simple"},"acf":[],"_links":{"self":[{"href":"https:\/\/hocl.dk\/it\/wp-json\/wp\/v2\/product\/12083","targetHints":{"allow":["GET"]}}],"collection":[{"href":"https:\/\/hocl.dk\/it\/wp-json\/wp\/v2\/product"}],"about":[{"href":"https:\/\/hocl.dk\/it\/wp-json\/wp\/v2\/types\/product"}],"replies":[{"embeddable":true,"href":"https:\/\/hocl.dk\/it\/wp-json\/wp\/v2\/comments?post=12083"}],"version-history":[{"count":1,"href":"https:\/\/hocl.dk\/it\/wp-json\/wp\/v2\/product\/12083\/revisions"}],"predecessor-version":[{"id":128849,"href":"https:\/\/hocl.dk\/it\/wp-json\/wp\/v2\/product\/12083\/revisions\/128849"}],"wp:featuredmedia":[{"embeddable":true,"href":"https:\/\/hocl.dk\/it\/wp-json\/wp\/v2\/media\/128107"}],"wp:attachment":[{"href":"https:\/\/hocl.dk\/it\/wp-json\/wp\/v2\/media?parent=12083"}],"wp:term":[{"taxonomy":"product-label","embeddable":true,"href":"https:\/\/hocl.dk\/it\/wp-json\/wp\/v2\/product-label?post=12083"},{"taxonomy":"product_brand","embeddable":true,"href":"https:\/\/hocl.dk\/it\/wp-json\/wp\/v2\/product_brand?post=12083"},{"taxonomy":"product_cat","embeddable":true,"href":"https:\/\/hocl.dk\/it\/wp-json\/wp\/v2\/product_cat?post=12083"},{"taxonomy":"product_tag","embeddable":true,"href":"https:\/\/hocl.dk\/it\/wp-json\/wp\/v2\/product_tag?post=12083"}],"curies":[{"name":"wp","href":"https:\/\/api.w.org\/{rel}","templated":true}]}}