{"id":12114,"date":"2024-04-24T08:05:30","date_gmt":"2024-04-24T08:05:30","guid":{"rendered":"https:\/\/hocl.dk\/product\/senza-categoria\/cera-per-barba\/"},"modified":"2026-04-29T22:24:51","modified_gmt":"2026-04-29T22:24:51","slug":"cera-per-barba","status":"publish","type":"product","link":"https:\/\/hocl.dk\/it\/product\/allingrosso\/bk-w-it\/cera-per-barba\/","title":{"rendered":"Cera per barba"},"content":{"rendered":"<h1>Crea e modella la tua barba con precisione naturale<\/h1>\n<h2>Introduzione alla cera per la barba<\/h2>\n<p>House of Wonder presenta la nostra cera per barba, uno strumento essenziale per gli uomini che desiderano modellare e acconciare la barba con precisione naturale. Grazie a una miscela unica di ingredienti naturali, la nostra cera per la barba non solo fornisce tenuta e struttura alla tua barba, ma anche cura e nutrimento.<\/p>\n<h2>Ingredienti naturali per una barba sana<\/h2>\n<p>La cera per barba di House of Wonder \u00e8 creata con cura e contiene solo i migliori ingredienti naturali. La nostra formula include petrolato naturale che agisce come barriera protettiva, olio di semi d&#8217;uva biologico che idrata e nutre sia la barba che la pelle, vera cera d&#8217;api danese per garantire tenuta e struttura e vitamina A per promuovere il rinnovamento cellulare e la rigenerazione della pelle.<\/p>\n<h2>Crea stili unici<\/h2>\n<p>Con la nostra cera per barba puoi creare e modellare la tua barba esattamente come vuoi tu. Che tu preferisca un look classico e curato o uno stile pi\u00f9 audace, le nostre cerette per barba ti permetteranno di esprimere il tuo stile personale con facilit\u00e0 e sicurezza.<\/p>\n<h2>Protezione e cura<\/h2>\n<p>La nostra cera per barba \u00e8 pi\u00f9 di un semplice prodotto per lo styling. \u00c8 anche una fonte di cura e nutrimento per la barba e la pelle sottostante. Gli ingredienti naturali lavorano insieme per idratare, rafforzare e proteggere la barba dai fattori esterni.<\/p>\n<h2>Usi e benefici<\/h2>\n<p>Applica una piccola quantit\u00e0 di cera per barba sulle dita e lavora il prodotto sulla barba. Modella e acconcia la tua barba a tuo piacimento e goditi la lucentezza di lunga durata della nostra cera per barba.<\/p>\n<h2>Cura della barba naturale, creata con cura<\/h2>\n<p>La nostra cera per barba \u00e8 la scelta perfetta per gli uomini che tengono a una barba ben curata. Con la nostra formula unica, puoi creare e curare la tua barba con sicurezza e facilit\u00e0, sapendo che stai usando solo i migliori ingredienti naturali.<\/p>\n","protected":false},"excerpt":{"rendered":"<p><strong>200ml<\/strong><\/p>\n<div id=\"gtx-trans\" style=\"position: absolute; left: -14px; top: -10px;\">\n<div class=\"gtx-trans-icon\"><\/div>\n<\/div>\n","protected":false},"featured_media":12829,"comment_status":"open","ping_status":"closed","template":"","meta":{"_acf_changed":false},"product-label":[1686,1690,1698],"product_brand":[],"product_cat":[1226,1243,1188],"product_tag":[1207,1244,1109],"class_list":{"0":"post-12114","1":"product","2":"type-product","3":"status-publish","4":"has-post-thumbnail","6":"product-label-ikke-testet-paa-dyr-it","7":"product-label-parfumefri-it","8":"product-label-produceret-i-danmark-it","9":"product_cat-bk-w-it","10":"product_cat-i-migliori-venditori","11":"product_cat-wonder-hair-it","12":"product_tag-lozione","13":"product_tag-lozione-nera-miracolosa","14":"product_tag-meraviglia-nera","16":"first","17":"outofstock","18":"sale","19":"taxable","20":"shipping-taxable","21":"purchasable","22":"product-type-simple"},"acf":[],"_links":{"self":[{"href":"https:\/\/hocl.dk\/it\/wp-json\/wp\/v2\/product\/12114","targetHints":{"allow":["GET"]}}],"collection":[{"href":"https:\/\/hocl.dk\/it\/wp-json\/wp\/v2\/product"}],"about":[{"href":"https:\/\/hocl.dk\/it\/wp-json\/wp\/v2\/types\/product"}],"replies":[{"embeddable":true,"href":"https:\/\/hocl.dk\/it\/wp-json\/wp\/v2\/comments?post=12114"}],"version-history":[{"count":1,"href":"https:\/\/hocl.dk\/it\/wp-json\/wp\/v2\/product\/12114\/revisions"}],"predecessor-version":[{"id":126813,"href":"https:\/\/hocl.dk\/it\/wp-json\/wp\/v2\/product\/12114\/revisions\/126813"}],"wp:featuredmedia":[{"embeddable":true,"href":"https:\/\/hocl.dk\/it\/wp-json\/wp\/v2\/media\/12829"}],"wp:attachment":[{"href":"https:\/\/hocl.dk\/it\/wp-json\/wp\/v2\/media?parent=12114"}],"wp:term":[{"taxonomy":"product-label","embeddable":true,"href":"https:\/\/hocl.dk\/it\/wp-json\/wp\/v2\/product-label?post=12114"},{"taxonomy":"product_brand","embeddable":true,"href":"https:\/\/hocl.dk\/it\/wp-json\/wp\/v2\/product_brand?post=12114"},{"taxonomy":"product_cat","embeddable":true,"href":"https:\/\/hocl.dk\/it\/wp-json\/wp\/v2\/product_cat?post=12114"},{"taxonomy":"product_tag","embeddable":true,"href":"https:\/\/hocl.dk\/it\/wp-json\/wp\/v2\/product_tag?post=12114"}],"curies":[{"name":"wp","href":"https:\/\/api.w.org\/{rel}","templated":true}]}}