{"id":12117,"date":"2024-05-09T11:31:31","date_gmt":"2024-05-09T11:31:31","guid":{"rendered":"https:\/\/hocl.dk\/product\/senza-categoria\/meraviglia-blu-e-bianca-3x250ml\/"},"modified":"2025-10-29T10:58:11","modified_gmt":"2025-10-29T10:58:11","slug":"meraviglia-blu-e-bianca-3x250ml","status":"publish","type":"product","link":"https:\/\/hocl.dk\/it\/product\/i-migliori-venditori\/meraviglia-blu-e-bianca-3x250ml\/","title":{"rendered":"2 Gel di conforto e 1 Balsamo alla cera d&#8217;api 3x250ml"},"content":{"rendered":"<h1>Gamby Natur &#8211; Cura per tutta la famiglia<\/h1>\n<p>Il Balsamo alla cera d&#8217;api e il Gel di Conforto sono due prodotti complementari che possono essere utilizzati come parte della cura quotidiana della pelle. Il Balsamo alla cera d&#8217;api \u00e8 un unguento versatile che aiuta a mantenere l&#8217;idratazione e la morbidezza della pelle, mentre il Gel di Conforto dona una sensazione di freschezza alla pelle. Entrambi i prodotti sono adatti a tutta la famiglia e possono essere utilizzati a seconda delle necessit\u00e0.  <\/p>\n<p>&nbsp;<\/p>\n<h2>Balsamo alla cera d&#8217;api &#8211; Cura della pelle<\/h2>\n<p>Il Balsamo alla cera d&#8217;api \u00e8 un unguento versatile che aiuta a mantenere l&#8217;idratazione e la morbidezza della pelle. Pu\u00f2 essere utilizzato su tutto il corpo, in particolare sulle zone secche come mani, piedi, gomiti e ginocchia. Grazie alla combinazione di cera d&#8217;api, olio di semi d&#8217;uva e ingredienti idratanti, lascia la pelle a proprio agio. La formula delicata lo rende adatto all&#8217;uso quotidiano per tutta la famiglia ed \u00e8 stato realizzato pensando a una semplice routine di cura della pelle.   <\/p>\n<p><strong>Benefici dell&#8217;unguento alla cera d&#8217;api:<\/strong><\/p>\n<ul>\n<li>Adatto a tutti i gruppi di et\u00e0<\/li>\n<li>Pu\u00f2 essere utilizzato su tutto il corpo<\/li>\n<li>Ammorbidisce e protegge la pelle<\/li>\n<li>Pu\u00f2 aiutare a mantenere l&#8217;equilibrio di idratazione della pelle<\/li>\n<li>Adatto per la cura quotidiana e per la pelle che necessita di maggiore attenzione<\/li>\n<\/ul>\n<p>&nbsp;<\/p>\n<h4>Ingredienti del Balsamo alla cera d&#8217;api<\/h4>\n<p><b class=\"html-b xdj266r x11i5rnm xat24cr x1mh8g0r xexx8yu x4uap5 x18d9i69 xkhd6sd x1hl2dhg x16tdsg8 x1vvkbs\">Petrolato<\/b><em> (olio minerale altamente raffinato)<\/em><b class=\"html-b xdj266r x11i5rnm xat24cr x1mh8g0r xexx8yu x4uap5 x18d9i69 xkhd6sd x1hl2dhg x16tdsg8 x1vvkbs\">:<\/b> forma una barriera protettiva e pu\u00f2 aiutare a ridurre la perdita di umidit\u00e0.<\/p>\n<p><b class=\"html-b xdj266r x11i5rnm xat24cr x1mh8g0r xexx8yu x4uap5 x18d9i69 xkhd6sd x1hl2dhg x16tdsg8 x1vvkbs\">Olio di semi di Vitis Vinifera <\/b><em>(Olio di semi d&#8217;uva biologico)<\/em>: ricco di antiossidanti e acidi grassi essenziali, ha una consistenza leggera e non grassa.<\/p>\n<p><b class=\"html-b xdj266r x11i5rnm xat24cr x1mh8g0r xexx8yu x4uap5 x18d9i69 xkhd6sd x1hl2dhg x16tdsg8 x1vvkbs\">Cera Alba <\/b><em>(100% cera d&#8217;api pura):<\/em> forma una pellicola protettiva sulla pelle e aiuta a trattenere l&#8217;umidit\u00e0.<\/p>\n<p>&nbsp;<\/p>\n<h4>Applicazione e utilizzo:<\/h4>\n<p>Applica una piccola quantit\u00e0 di unguento sulle aree desiderate. Utilizza solo la quantit\u00e0 che la pelle \u00e8 in grado di assorbire (ad esempio, ti consigliamo di utilizzare una quantit\u00e0 equivalente a un pisello per due mani). <\/p>\n<ul>\n<li>Pu\u00f2 essere utilizzato su tutto il corpo<\/li>\n<li>Bruges efter behov. For at opn\u00e5 optimal pleje kan Bivoks Salven anvendes morgen og aften. <\/li>\n<li>\u00c8 adatto a tutti i tipi di pelle e a tutte le et\u00e0.<\/li>\n<\/ul>\n<p>&nbsp;<\/p>\n<p><b>Se necessario: il<\/b> Sapone Gamby Natur pu\u00f2 essere utilizzato per preparare la pelle prima di applicare il Balsamo alla cera d&#8217;api. <a href=\"https:\/\/hocl.dk\/it\/product\/white-wonder-it\/wonder-skin-clean-2\/\">Per saperne di pi\u00f9 sul Sapone Gamby Natur <\/a> <\/p>\n<p><strong>Per l&#8217;uso sul cuoio capelluto:<\/strong> per un effetto ottimale e per evitare capelli grassi, applica sul cuoio capelluto mentre la pelle e i capelli sono idratati dopo il lavaggio.<\/p>\n<p>&nbsp;<\/p>\n<p>&nbsp;<\/p>\n<h2>Gel di conforto &#8211; Riscalda e raffredda<\/h2>\n<p>Il Gel di Conforto Gamby Natur \u00e8 un gel condizionante con propriet\u00e0 rinfrescanti e riscaldanti. La formula unica \u00e8 stata sviluppata con ingredienti accuratamente selezionati e penetra rapidamente senza ungere. Il gel pu\u00f2 essere utilizzato durante il giorno, prima o dopo l&#8217;attivit\u00e0 fisica o come parte della tua routine quotidiana di cura della pelle&#8221;.<\/p>\n<p>Con la sua combinazione unica di eucalipto, olio di menta giapponese, mentolo e canfora senza profumo, Gel di Conforto offre un&#8217;esperienza piacevole che pu\u00f2 essere incorporata nella tua routine di cura quotidiana.<\/p>\n<div class=\"flex-shrink-0 flex flex-col relative items-end\">\n<div class=\"pt-0\">\n<div class=\"gizmo-bot-avatar flex h-8 w-8 items-center justify-center overflow-hidden rounded-full\">\n<div><\/div>\n<\/div>\n<\/div>\n<\/div>\n<div class=\"flex-shrink-0 flex flex-col relative items-end\">\n<div class=\"pt-0\">\n<div class=\"gizmo-bot-avatar flex h-8 w-8 items-center justify-center overflow-hidden rounded-full\">\n<div class=\"relative p-1 rounded-sm flex items-center justify-center bg-token-main-surface-primary text-token-text-primary h-8 w-8\"><strong>I benefici del Gel di Conforto Gamby Natur: <\/strong><\/div>\n<ul>\n<li class=\"relative p-1 rounded-sm flex items-center justify-center bg-token-main-surface-primary text-token-text-primary h-8 w-8\">Fornisce un piacevole rinfresco<\/li>\n<li class=\"relative p-1 rounded-sm flex items-center justify-center bg-token-main-surface-primary text-token-text-primary h-8 w-8\">Pu\u00f2 essere utilizzato prima o dopo l&#8217;attivit\u00e0 fisica<\/li>\n<li class=\"relative p-1 rounded-sm flex items-center justify-center bg-token-main-surface-primary text-token-text-primary h-8 w-8\">Adatto a fornire un&#8217;esperienza confortevole<\/li>\n<\/ul>\n<\/div>\n<\/div>\n<\/div>\n<p>&nbsp;<\/p>\n<h4>Ingredienti nel Gel di conforto:<\/h4>\n<p><strong>Aqua<\/strong><em>(acqua)<\/em>: ingrediente principale che idrata la pelle e aiuta a diffondere i principi attivi in modo uniforme.<\/p>\n<p><strong>Olio di Mentha Arvensis<\/strong><em> (olio di menta giapponese)<\/em>: contribuisce a dare una sensazione di freschezza e refrigerio.<\/p>\n<p><strong>Mentolo<\/strong>: aggiunge un effetto rinfrescante<\/p>\n<p><strong>Olio di corteccia di Cinnamomum Camphora<\/strong> <em>:<\/em> favorisce un&#8217;esperienza piacevole<\/p>\n<p><strong>Carbomero<\/strong> <em>(addensante)<\/em>: utilizzato per dare al gel una consistenza morbida e confortevole.<\/p>\n<p><strong>Olio di foglie di Eucalyptus Globulus<\/strong> <em>:<\/em> fornisce un profumo gradevole e una sensazione rinfrescante.<\/p>\n<p><strong>Limonene <\/strong><em>(componente naturale della fragranza):<\/em> contribuisce all&#8217;aroma del prodotto<\/p>\n<p><strong>Linalolo <\/strong><em>(componente naturale della fragranza): contribuisce<\/em>all&#8217;aroma del prodotto<\/p>\n<p><strong>CI 42090<\/strong> <em>(colorante)<\/em>: utilizzato per conferire al prodotto un colore attraente.<\/p>\n<p>&nbsp;<\/p>\n<p>&nbsp;<\/p>\n<h4>Come utilizzare il Gel di conforto:<\/h4>\n<ol>\n<li>Agita bene il flacone prima dell&#8217;uso per garantire una distribuzione uniforme degli ingredienti.<\/li>\n<li>Applica una quantit\u00e0 adeguata di gel direttamente sull&#8217;area interessata<\/li>\n<li>Massaggia la pelle fino a quando il gel non viene assorbito &#8211; \u00e8 importante applicare un&#8217;area pi\u00f9 ampia possibile per ottenere i migliori risultati.<br \/>\n&#8211; Ad esempio. Se si usa sul gomito, si consiglia di applicarlo dalla punta delle dita fino al collo.<br \/>\n&#8211; Ad esempio. Se si usa sulle ginocchia, si consiglia di applicarlo dalla punta dei piedi verso la parte posteriore. <\/li>\n<\/ol>\n<p>Conserva il Gel di Conforto in un luogo fresco, ad esempio in una cella frigorifera o in frigorifero, poich\u00e9 il suo effetto rinfrescante sar\u00e0 evidente subito dopo l&#8217;applicazione.<\/p>\n<p>&nbsp;<\/p>\n<div class=\"relative p-1 rounded-sm flex items-center justify-center bg-token-main-surface-primary text-token-text-primary h-8 w-8\"><strong>Chi pu\u00f2 utilizzare i trattamenti per il corpo Gamby Natur?  <\/strong><\/div>\n<div class=\"relative p-1 rounded-sm flex items-center justify-center bg-token-main-surface-primary text-token-text-primary h-8 w-8\">Il Gel di conforto \u00e8 ideale per gli adulti e i bambini pi\u00f9 grandi che desiderano una sensazione rinfrescante e riscaldante.<\/div>\n<p>&nbsp;<\/p>\n<h2>Raccomandazioni per l&#8217;uso:<\/h2>\n<ul>\n<li>Evita il contatto con gli occhi, le ferite aperte e le membrane mucose.<\/li>\n<li>Conserva il Gel di Conforto in un luogo asciutto e fresco (a meno di 24\u00b0C).<\/li>\n<li>Il Balsamo alla cera d&#8217;api deve essere conservato a temperatura ambiente (18- max 25 gradi).<\/li>\n<li>Il Balsamo alla cera d&#8217;api e il Gel di Conforto sono prodotti cosmetici per il benessere e non sono destinati a diagnosticare, trattare o curare malattie specifiche, ma possono essere una valida parte della tua routine quotidiana.<\/li>\n<\/ul>\n","protected":false},"excerpt":{"rendered":"<p>3x 250ml<\/p>\n<p>Il Balsamo alla cera d&#8217;api e il Gel di Conforto sono due prodotti complementari che possono essere utilizzati come parte della cura quotidiana della pelle. Il Balsamo alla cera d&#8217;api \u00e8 un unguento versatile che aiuta a mantenere l&#8217;idratazione e la morbidezza della pelle, mentre il Gel di Conforto dona una sensazione di freschezza alla pelle. Entrambi i prodotti sono adatti a tutta la famiglia e possono essere utilizzati a seconda delle necessit\u00e0.  <\/p>\n<p>&nbsp;<\/p>\n<div id=\"gtx-trans\" style=\"position: absolute; left: -51px; top: -10px;\">\n<div class=\"gtx-trans-icon\"><\/div>\n<\/div>\n","protected":false},"featured_media":133700,"comment_status":"open","ping_status":"closed","template":"","meta":{"_acf_changed":false},"product-label":[1702,1686,1698],"product_brand":[],"product_cat":[1243,1108,1203],"product_tag":[1861,1198],"class_list":{"0":"post-12117","1":"product","2":"type-product","3":"status-publish","4":"has-post-thumbnail","6":"product-label-mod-hudproblemer-it","7":"product-label-ikke-testet-paa-dyr-it","8":"product-label-produceret-i-danmark-it","9":"product_cat-i-migliori-venditori","10":"product_cat-blue-wonder-it","11":"product_cat-white-wonder-it","12":"product_tag-kit-bestseller-meraviglia-blu","13":"product_tag-meraviglia-bianca","15":"first","16":"instock","17":"sale","18":"taxable","19":"shipping-taxable","20":"purchasable","21":"product-type-simple"},"acf":[],"_links":{"self":[{"href":"https:\/\/hocl.dk\/it\/wp-json\/wp\/v2\/product\/12117","targetHints":{"allow":["GET"]}}],"collection":[{"href":"https:\/\/hocl.dk\/it\/wp-json\/wp\/v2\/product"}],"about":[{"href":"https:\/\/hocl.dk\/it\/wp-json\/wp\/v2\/types\/product"}],"replies":[{"embeddable":true,"href":"https:\/\/hocl.dk\/it\/wp-json\/wp\/v2\/comments?post=12117"}],"version-history":[{"count":3,"href":"https:\/\/hocl.dk\/it\/wp-json\/wp\/v2\/product\/12117\/revisions"}],"predecessor-version":[{"id":130304,"href":"https:\/\/hocl.dk\/it\/wp-json\/wp\/v2\/product\/12117\/revisions\/130304"}],"wp:featuredmedia":[{"embeddable":true,"href":"https:\/\/hocl.dk\/it\/wp-json\/wp\/v2\/media\/133700"}],"wp:attachment":[{"href":"https:\/\/hocl.dk\/it\/wp-json\/wp\/v2\/media?parent=12117"}],"wp:term":[{"taxonomy":"product-label","embeddable":true,"href":"https:\/\/hocl.dk\/it\/wp-json\/wp\/v2\/product-label?post=12117"},{"taxonomy":"product_brand","embeddable":true,"href":"https:\/\/hocl.dk\/it\/wp-json\/wp\/v2\/product_brand?post=12117"},{"taxonomy":"product_cat","embeddable":true,"href":"https:\/\/hocl.dk\/it\/wp-json\/wp\/v2\/product_cat?post=12117"},{"taxonomy":"product_tag","embeddable":true,"href":"https:\/\/hocl.dk\/it\/wp-json\/wp\/v2\/product_tag?post=12117"}],"curies":[{"name":"wp","href":"https:\/\/api.w.org\/{rel}","templated":true}]}}