{"id":126097,"date":"2025-05-28T13:07:45","date_gmt":"2025-05-28T13:07:45","guid":{"rendered":"https:\/\/hocl.dk\/?post_type=product&#038;p=126097"},"modified":"2025-10-20T10:51:18","modified_gmt":"2025-10-20T10:51:18","slug":"aria-di-nuovo-100ml-kopier","status":"publish","type":"product","link":"https:\/\/hocl.dk\/it\/product\/allergi-wonder-it\/aria-di-nuovo-100ml-kopier\/","title":{"rendered":"Inalatore nasale &#8211; Mentolo"},"content":{"rendered":"<h1>Inalatore nasale &#8211; Mentolo<\/h1>\n<p>Inalatore nasale al mentolo. Una boccata d&#8217;aria fresca per il tuo naso, direttamente in tasca! <\/p>\n<p>Questo piccolo e pratico inalatore nasale contiene cristalli naturali di mentolo e offre un&#8217;esperienza di profumo intenso e fresco quando hai bisogno di un momento rinfrescante nella vita di tutti i giorni. Il mentolo \u00e8 noto per il suo caratteristico aroma rinfrescante, che molte persone associano a un senso di &#8220;pulizia delle vie respiratorie&#8221; e di benessere. \u00c8 perfetto per i momenti in cui senti il bisogno di un po&#8217; di freschezza in pi\u00f9, come ad esempio nei cambi di stagione o quando l&#8217;aria \u00e8 pesante. Utilizzalo come parte della tua routine di benessere personale, a casa, al lavoro o in viaggio. Le sue dimensioni ridotte lo rendono facile da portare in tasca, in borsa o nella giacca.    <\/p>\n<p>&nbsp;<\/p>\n<h2>Ingredienti<\/h2>\n<p>Cristalli di mentolo 100% naturali.<\/p>\n<h2><\/h2>\n<h2>Come si usa<\/h2>\n<p><em>L&#8217;inalatore nasale \u00e8 facile e discreto da usare, perfetto per offrire una sensazione di freschezza e pulizia quando ne hai bisogno.  <\/em><\/p>\n<ol>\n<li>Apri l&#8217;inalatore svitando delicatamente il coperchio.<\/li>\n<li>Tieni l&#8217;inalatore vicino al naso, senza inserirlo nelle narici.<\/li>\n<li>Muovilo delicatamente da un lato all&#8217;altro con un movimento morbido, inalando la fragranza attraverso il naso.<\/li>\n<li>Per un&#8217;esperienza pi\u00f9 mirata, chiudi una narice con un dito e fai un respiro calmo e profondo attraverso la narice aperta.<br \/>\n&#8211; Ripeti se necessario con l&#8217;altra narice.<\/li>\n<\/ol>\n<h2>Raccomandazioni per un uso sicuro<\/h2>\n<ul>\n<li><strong>Solo per uso esterno<\/strong> &#8211; l&#8217;inalatore \u00e8 destinato ad essere annusato nelle narici. Non deve mai essere ingerito o utilizzato all&#8217;interno del naso. <\/li>\n<li><strong>Tieni fuori dalla portata dei bambini e degli animali domestici<\/strong>.<\/li>\n<li><strong>Non utilizzare su bambini di et\u00e0 inferiore ai 3 anni<\/strong>. Il forte vapore di mentolo potrebbe essere troppo forte per le piccole vie respiratorie. <\/li>\n<li><strong>Conserva il prodotto completamente intatto.<\/strong>  L&#8217;inalatore contiene cristalli di mentolo concentrati e non deve essere aperto, schiacciato o forato.<\/li>\n<li><strong>Se il prodotto \u00e8 danneggiato, scartalo immediatamente.  <\/strong>Il contatto diretto con i cristalli pu\u00f2 irritare la pelle e le mucose.<\/li>\n<li><strong>Evita il contatto con gli occhi e le ferite aperte. <\/strong>In tal caso, risciacqua immediatamente con acqua.<\/li>\n<li><strong>Conservalo in un luogo fresco e asciutto<\/strong>, lontano dalla luce solare diretta e da fonti di calore.<\/li>\n<\/ul>\n<p><strong>Attenzione:<\/strong> il prodotto non \u00e8 un medicinale e non deve essere utilizzato come sostituto di un trattamento medico.<\/p>\n","protected":false},"excerpt":{"rendered":"<p>Inalatore nasale al mentolo &#8211; Una boccata d&#8217;aria fresca per il tuo naso, direttamente in tasca!<\/p>\n<p>Contiene cristalli naturali di mentolo per un&#8217;esperienza di fragranza intensa e fresca quando hai bisogno di un momento rinfrescante nella vita di tutti i giorni. Il mentolo \u00e8 noto per il suo caratteristico aroma rinfrescante, che molti associano a un senso di &#8220;pulizia delle vie respiratorie&#8221; e di benessere. Perfetto per i momenti in cui senti il bisogno di un po&#8217; di freschezza in pi\u00f9, come ad esempio nei cambi di stagione o quando l&#8217;aria \u00e8 pesante.  <\/p>\n<p>&nbsp;<\/p>\n<div id=\"gtx-trans\" style=\"position: absolute; left: 89px; top: 41px;\">\n<div class=\"gtx-trans-icon\"><\/div>\n<\/div>\n","protected":false},"featured_media":128579,"comment_status":"open","ping_status":"closed","template":"","meta":{"_acf_changed":false},"product-label":[1643,1686,1690,1698,1710],"product_brand":[],"product_cat":[1090],"product_tag":[1916,1917],"class_list":{"0":"post-126097","1":"product","2":"type-product","3":"status-publish","4":"has-post-thumbnail","6":"product-label-100-naturligt","7":"product-label-ikke-testet-paa-dyr-it","8":"product-label-parfumefri-it","9":"product-label-produceret-i-danmark-it","10":"product-label-vegansk-it","11":"product_cat-allergi-wonder-it","12":"product_tag-ancora-aria","13":"product_tag-spray-breathe-again","15":"first","16":"instock","17":"taxable","18":"shipping-taxable","19":"purchasable","20":"product-type-simple"},"acf":[],"_links":{"self":[{"href":"https:\/\/hocl.dk\/it\/wp-json\/wp\/v2\/product\/126097","targetHints":{"allow":["GET"]}}],"collection":[{"href":"https:\/\/hocl.dk\/it\/wp-json\/wp\/v2\/product"}],"about":[{"href":"https:\/\/hocl.dk\/it\/wp-json\/wp\/v2\/types\/product"}],"replies":[{"embeddable":true,"href":"https:\/\/hocl.dk\/it\/wp-json\/wp\/v2\/comments?post=126097"}],"version-history":[{"count":4,"href":"https:\/\/hocl.dk\/it\/wp-json\/wp\/v2\/product\/126097\/revisions"}],"predecessor-version":[{"id":130105,"href":"https:\/\/hocl.dk\/it\/wp-json\/wp\/v2\/product\/126097\/revisions\/130105"}],"wp:featuredmedia":[{"embeddable":true,"href":"https:\/\/hocl.dk\/it\/wp-json\/wp\/v2\/media\/128579"}],"wp:attachment":[{"href":"https:\/\/hocl.dk\/it\/wp-json\/wp\/v2\/media?parent=126097"}],"wp:term":[{"taxonomy":"product-label","embeddable":true,"href":"https:\/\/hocl.dk\/it\/wp-json\/wp\/v2\/product-label?post=126097"},{"taxonomy":"product_brand","embeddable":true,"href":"https:\/\/hocl.dk\/it\/wp-json\/wp\/v2\/product_brand?post=126097"},{"taxonomy":"product_cat","embeddable":true,"href":"https:\/\/hocl.dk\/it\/wp-json\/wp\/v2\/product_cat?post=126097"},{"taxonomy":"product_tag","embeddable":true,"href":"https:\/\/hocl.dk\/it\/wp-json\/wp\/v2\/product_tag?post=126097"}],"curies":[{"name":"wp","href":"https:\/\/api.w.org\/{rel}","templated":true}]}}