{"id":128599,"date":"2025-08-13T13:18:32","date_gmt":"2025-08-13T13:18:32","guid":{"rendered":"https:\/\/hocl.dk\/?post_type=product&#038;p=128599"},"modified":"2026-04-19T16:22:02","modified_gmt":"2026-04-19T16:22:02","slug":"set-per-la-cura-del-corpo-kopier","status":"publish","type":"product","link":"https:\/\/hocl.dk\/it\/product\/i-migliori-venditori\/set-per-la-cura-del-corpo-kopier\/","title":{"rendered":"Ricarica grande &#8211; Set per la cura del corpo"},"content":{"rendered":"<h2>Gel di conforto &#8211; Riscalda e raffredda<\/h2>\n<p>Il set di ricarica per il Gel di Conforto Gamby Natur \u00e8 composto da due tubi grandi e da un pratico roll-on, in modo da avere un trattamento per il corpo sia a casa che in viaggio. Utilizza i tubetti per ricaricare quando il roll-on \u00e8 vuoto ed evita di rimanere senza quando ne hai pi\u00f9 bisogno. Il gel ha propriet\u00e0 rinfrescanti e riscaldanti e penetra rapidamente nella pelle senza ungere. La formula contiene eucalipto, olio di menta giapponese, mentolo e canfora senza profumo per una sensazione piacevole sulla pelle. Pu\u00f2 essere utilizzato prima e dopo l&#8217;attivit\u00e0 fisica o come parte integrante del Gel di conforto quotidiano.<\/p>\n<p><strong>Vantaggi del kit:<\/strong><\/p>\n<ul>\n<li>La stessa formula ben nota in tutti e 3 i prodotti<\/li>\n<li>Una soluzione comoda a casa e in viaggio<\/li>\n<li>Diverse opzioni di confezionamento &#8211; Ideale sia per l&#8217;uso quotidiano che per i periodi di maggiore attenzione al corpo<\/li>\n<li>Fornisce un piacevole rinfresco<\/li>\n<li>Pu\u00f2 essere utilizzato prima o dopo l&#8217;attivit\u00e0 fisica<\/li>\n<li>Adatto a fornire un&#8217;esperienza confortevole<\/li>\n<li>Il comodo applicatore a rullo consente di applicare facilmente il prodotto senza sporcarsi le dita.<\/li>\n<li>Facile da trasportare in auto o in borsa. auto o borsa<\/li>\n<li>Meno rifiuti da imballaggio<\/li>\n<li>L&#8217;applicatore a rullo pu\u00f2 essere utilizzato per massaggiare il prodotto in<\/li>\n<\/ul>\n<div class=\"group\/conversation-turn relative flex w-full min-w-0 flex-col agent-turn\">\n<div class=\"flex-col gap-1 md:gap-3\">\n<div class=\"flex max-w-full flex-col flex-grow\">\n<div class=\"min-h-[20px] text-message flex w-full flex-col items-end gap-2 whitespace-normal break-words [.text-message+&amp;]:mt-5\" dir=\"auto\" data-message-author-role=\"assistant\" data-message-id=\"1d93d3f8-1e1f-450c-8f95-a02ef1bebf88\">\n<div class=\"flex w-full flex-col gap-1 empty:hidden first:pt-[3px]\">\n<div class=\"markdown prose w-full break-words dark:prose-invert light\">\n<div class=\"flex-shrink-0 flex flex-col relative items-end\">\n<div class=\"pt-0\">\n<div class=\"gizmo-bot-avatar flex h-8 w-8 items-center justify-center overflow-hidden rounded-full\">\n<div class=\"relative p-1 rounded-sm flex items-center justify-center bg-token-main-surface-primary text-token-text-primary h-8 w-8\">\n<div class=\"flex-shrink-0 flex flex-col relative items-end\">\n<div class=\"pt-0\">\n<div class=\"gizmo-bot-avatar flex h-8 w-8 items-center justify-center overflow-hidden rounded-full\"><\/div>\n<\/div>\n<\/div>\n<p>&nbsp;<\/p>\n<h4>Ingredienti nel Gel di conforto:<\/h4>\n<p><strong>Aqua<\/strong><em>(acqua)<\/em>: ingrediente principale che idrata la pelle e aiuta a diffondere i principi attivi in modo uniforme.<\/p>\n<p><strong>Olio di Mentha Arvensis<\/strong><em> (olio di menta giapponese)<\/em>: contribuisce a dare una sensazione di freschezza e refrigerio.<\/p>\n<p><strong>Mentolo<\/strong>: aggiunge un effetto rinfrescante<\/p>\n<p><strong>Olio di corteccia di Cinnamomum Camphora<\/strong> <em>:<\/em> favorisce un&#8217;esperienza gradevole<\/p>\n<p><strong>Carbomero<\/strong> <em>(addensante)<\/em>: utilizzato per dare al gel una consistenza morbida e confortevole.<\/p>\n<p><strong>Olio di foglie di Eucalyptus Globulus<\/strong> <em>:<\/em> fornisce un profumo gradevole e una sensazione rinfrescante.<\/p>\n<p><strong>Limonene <\/strong><em>(componente naturale della fragranza):<\/em> contribuisce all&#8217;aroma del prodotto<\/p>\n<p><strong>Linalolo <\/strong><em>(componente naturale della fragranza):<\/em> contribuisce all&#8217;aroma del prodotto<\/p>\n<p><strong>CI 42090<\/strong> <em>(colorante)<\/em>: utilizzato per conferire al prodotto un colore attraente.<\/p>\n<p>&nbsp;<\/p>\n<h4>Come utilizzare il trattamento per il corpo:<\/h4>\n<ol>\n<li>Agita bene il tubetto o il roll-on prima dell&#8217;uso per garantire una distribuzione uniforme degli ingredienti.<\/li>\n<li>Applica una quantit\u00e0 adeguata di gel direttamente sull&#8217;area interessata<\/li>\n<li>Massaggia la pelle fino a quando il gel non viene assorbito &#8211; \u00e8 importante applicare un&#8217;area pi\u00f9 ampia possibile per ottenere i migliori risultati.<br \/>\n&#8211; Ad esempio. Se si usa sul gomito, si consiglia di applicarlo dalla punta delle dita fino al collo.<br \/>\n&#8211; Ad esempio. Se si usa sulle ginocchia, si consiglia di applicarlo dalla punta dei piedi verso la parte posteriore.<\/li>\n<\/ol>\n<p>Conserva il Gel di Conforto in un luogo fresco, ad esempio in una cella frigorifera o in frigorifero, poich\u00e9 il suo effetto rinfrescante sar\u00e0 evidente subito dopo l&#8217;applicazione.<\/p>\n<p>&nbsp;<\/p>\n<div class=\"relative p-1 rounded-sm flex items-center justify-center bg-token-main-surface-primary text-token-text-primary h-8 w-8\"><strong>Chi pu\u00f2 utilizzare i trattamenti per il corpo Gamby Natur?<\/strong><\/div>\n<div class=\"relative p-1 rounded-sm flex items-center justify-center bg-token-main-surface-primary text-token-text-primary h-8 w-8\">Il Gel di conforto \u00e8 ideale per gli adulti e i bambini pi\u00f9 grandi che desiderano una sensazione rinfrescante e riscaldante.<\/div>\n<div>\n<div class=\"flex-shrink-0 flex flex-col relative items-end\">\n<div class=\"pt-0\">\n<div class=\"gizmo-bot-avatar flex h-8 w-8 items-center justify-center overflow-hidden rounded-full\">\n<div class=\"relative p-1 rounded-sm flex items-center justify-center bg-token-main-surface-primary text-token-text-primary h-8 w-8\">\n<div class=\"flex-shrink-0 flex flex-col relative items-end\">\n<div class=\"pt-0\">\n<div class=\"gizmo-bot-avatar flex h-8 w-8 items-center justify-center overflow-hidden rounded-full\">\n<div><\/div>\n<h4 class=\"relative p-1 rounded-sm flex items-center justify-center bg-token-main-surface-primary text-token-text-primary h-8 w-8\"><span style=\"color: #1b1919; font-size: 24px;\">Rifornimento di carburante<\/span><\/h4>\n<\/div>\n<\/div>\n<\/div>\n<\/div>\n<\/div>\n<\/div>\n<\/div>\n<p>Il Gel di Conforto Roll-On \u00e8 pratico ed ecologico. \u00c8 stato progettato per essere facilmente ricaricato dal tubetto, poich\u00e9 l&#8217;applicatore del roll-on non \u00e8 incollato. Questa caratteristica riduce gli sprechi e promuove l&#8217;uso sostenibile degli imballaggi, in modo da sostenere una cultura del consumo pi\u00f9 responsabile.<\/p>\n<p>&nbsp;<\/p>\n<\/div>\n<\/div>\n<\/div>\n<\/div>\n<\/div>\n<\/div>\n<\/div>\n<\/div>\n<\/div>\n<\/div>\n<\/div>\n<div class=\"group\/conversation-turn relative flex w-full min-w-0 flex-col agent-turn\">\n<div class=\"flex-col gap-1 md:gap-3\">\n<div class=\"flex max-w-full flex-col flex-grow\">\n<div class=\"min-h-[20px] text-message flex w-full flex-col items-end gap-2 whitespace-normal break-words [.text-message+&amp;]:mt-5\" dir=\"auto\" data-message-author-role=\"assistant\" data-message-id=\"1d93d3f8-1e1f-450c-8f95-a02ef1bebf88\">\n<div class=\"flex w-full flex-col gap-1 empty:hidden first:pt-[3px]\">\n<div class=\"markdown prose w-full break-words dark:prose-invert light\">\n<div class=\"group\/conversation-turn relative flex w-full min-w-0 flex-col agent-turn\">\n<div class=\"flex-col gap-1 md:gap-3\">\n<div class=\"flex max-w-full flex-col flex-grow\">\n<div class=\"min-h-[20px] text-message flex w-full flex-col items-end gap-2 whitespace-normal break-words [.text-message+&amp;]:mt-5\" dir=\"auto\" data-message-author-role=\"assistant\" data-message-id=\"1d93d3f8-1e1f-450c-8f95-a02ef1bebf88\">\n<div class=\"flex w-full flex-col gap-1 empty:hidden first:pt-[3px]\">\n<div>\n<h4>Raccomandazioni per l&#8217;uso:<\/h4>\n<ul>\n<li>Prova il prodotto su una piccola area prima di utilizzarlo<\/li>\n<li>Evita il contatto con gli occhi, le membrane mucose e le ferite aperte.<\/li>\n<li>Il prodotto \u00e8 solo per uso esterno e deve essere utilizzato sulla pelle intatta.<\/li>\n<li>Non adatto a bambini di et\u00e0 inferiore ai 3 anni<\/li>\n<li>Tenere lontano dai bambini piccoli a causa delle piccole parti<\/li>\n<li>Conservare in un luogo fresco e asciutto (massimo 24\u00b0C).<\/li>\n<\/ul>\n<p>Nota: il Gel di Conforto Gamby Natur \u00e8 un prodotto cosmetico che completa la tua cura e il tuo benessere quotidiano. Non \u00e8 destinato al trattamento, alla diagnosi o alla prevenzione di malattie.<\/p>\n<\/div>\n<\/div>\n<\/div>\n<\/div>\n<\/div>\n<\/div>\n<\/div>\n<\/div>\n<\/div>\n<\/div>\n<\/div>\n<\/div>\n","protected":false},"excerpt":{"rendered":"<p>2xTubo (250ml)<br \/>\nRoll-On (60ml)<\/p>\n<p>Il set di ricarica per il Gel di Conforto Gamby Natur \u00e8 composto da due tubi grandi e da un pratico roll-on, in modo da avere un trattamento per il corpo sia a casa che in viaggio. Utilizza i tubetti per ricaricare quando il roll-on \u00e8 vuoto ed evita di rimanere senza quando ne hai pi\u00f9 bisogno. Il gel ha propriet\u00e0 rinfrescanti e riscaldanti e penetra rapidamente nella pelle senza ungere. La formula contiene eucalipto, olio di menta giapponese, mentolo e canfora senza profumo per una sensazione piacevole sulla pelle. Pu\u00f2 essere utilizzato prima e dopo l&#8217;attivit\u00e0 fisica o come parte integrante del Gel di conforto quotidiano.<\/p>\n","protected":false},"featured_media":133563,"comment_status":"open","ping_status":"closed","template":"","meta":{"_acf_changed":false},"product-label":[1702,1686,1698],"product_brand":[],"product_cat":[1243,1108],"product_tag":[1122,1098,1295,1861,1296,1198,1294],"class_list":{"0":"post-128599","1":"product","2":"type-product","3":"status-publish","4":"has-post-thumbnail","6":"product-label-mod-hudproblemer-it","7":"product-label-ikke-testet-paa-dyr-it","8":"product-label-produceret-i-danmark-it","9":"product_cat-i-migliori-venditori","10":"product_cat-blue-wonder-it","11":"product_tag-blu","12":"product_tag-meraviglia","13":"product_tag-ingredienti-naturali","14":"product_tag-kit-bestseller-meraviglia-blu","15":"product_tag-kit-meraviglia-blu","16":"product_tag-meraviglia-bianca","17":"product_tag-sollievo-naturale-dal-dolore","19":"first","20":"instock","21":"sale","22":"taxable","23":"shipping-taxable","24":"purchasable","25":"product-type-simple"},"acf":[],"_links":{"self":[{"href":"https:\/\/hocl.dk\/it\/wp-json\/wp\/v2\/product\/128599","targetHints":{"allow":["GET"]}}],"collection":[{"href":"https:\/\/hocl.dk\/it\/wp-json\/wp\/v2\/product"}],"about":[{"href":"https:\/\/hocl.dk\/it\/wp-json\/wp\/v2\/types\/product"}],"replies":[{"embeddable":true,"href":"https:\/\/hocl.dk\/it\/wp-json\/wp\/v2\/comments?post=128599"}],"version-history":[{"count":3,"href":"https:\/\/hocl.dk\/it\/wp-json\/wp\/v2\/product\/128599\/revisions"}],"predecessor-version":[{"id":133595,"href":"https:\/\/hocl.dk\/it\/wp-json\/wp\/v2\/product\/128599\/revisions\/133595"}],"wp:featuredmedia":[{"embeddable":true,"href":"https:\/\/hocl.dk\/it\/wp-json\/wp\/v2\/media\/133563"}],"wp:attachment":[{"href":"https:\/\/hocl.dk\/it\/wp-json\/wp\/v2\/media?parent=128599"}],"wp:term":[{"taxonomy":"product-label","embeddable":true,"href":"https:\/\/hocl.dk\/it\/wp-json\/wp\/v2\/product-label?post=128599"},{"taxonomy":"product_brand","embeddable":true,"href":"https:\/\/hocl.dk\/it\/wp-json\/wp\/v2\/product_brand?post=128599"},{"taxonomy":"product_cat","embeddable":true,"href":"https:\/\/hocl.dk\/it\/wp-json\/wp\/v2\/product_cat?post=128599"},{"taxonomy":"product_tag","embeddable":true,"href":"https:\/\/hocl.dk\/it\/wp-json\/wp\/v2\/product_tag?post=128599"}],"curies":[{"name":"wp","href":"https:\/\/api.w.org\/{rel}","templated":true}]}}