{"id":133392,"date":"2026-04-13T13:51:15","date_gmt":"2026-04-13T13:51:15","guid":{"rendered":"https:\/\/hocl.dk\/?post_type=product&#038;p=133392"},"modified":"2026-04-13T13:54:28","modified_gmt":"2026-04-13T13:54:28","slug":"magnesio-spray-1x200ml-kopier","status":"publish","type":"product","link":"https:\/\/hocl.dk\/it\/product\/magnesium-it\/magnesio-spray-1x200ml-kopier\/","title":{"rendered":"Magnesio Spray 1x200ml (Kopier)"},"content":{"rendered":"<div class=\"html-div xdj266r x11i5rnm xat24cr x1mh8g0r xexx8yu x4uap5 x18d9i69 xkhd6sd x78zum5 x15zctf7\">\n<div class=\"html-div xdj266r x11i5rnm xat24cr x1mh8g0r xexx8yu x4uap5 x18d9i69 xkhd6sd xeuugli x1vjfegm\">\n<div class=\"html-div xdj266r x11i5rnm xat24cr x1mh8g0r xexx8yu x4uap5 x18d9i69 xkhd6sd x78zum5 xh8yej3\" role=\"presentation\">\n<div class=\"x78zum5 xdt5ytf x193iq5w x1n2onr6 x1kxipp6 xuk3077\">\n<div class=\"x78zum5 xh8yej3\" role=\"none\">\n<div class=\"html-div xdj266r x11i5rnm xat24cr x1mh8g0r xexx8yu x4uap5 x18d9i69 xkhd6sd x6ikm8r x10wlt62\">\n<div class=\"html-div xdj266r x11i5rnm xat24cr x1mh8g0r x14ctfv x1okitfd x6ikm8r x10wlt62 xerhiuh x1pn3fxy x12xxe5f x1szedp3 x1n2onr6 x1vjfegm x1k4qllp x1mzt3pk x13faqbe x11jlvup xpmdkuv x154zaqr x12z03op xyhp3ou x13fuv20 xu3j5b3 x1q0q8m5 x26u7qi x12lizq0 xf766zg x1ybe9c6 x1ts5dru xp5s12f x11ucwad xgtuqic x155c047\" role=\"presentation\">\n<h1 dir=\"auto\">Spray al magnesio<\/h1>\n<p class=\"html-div xexx8yu x4uap5 x18d9i69 xkhd6sd x1gslohp x11i5rnm x12nagc x1mh8g0r x1yc453h x126k92a xyk4ms5\" dir=\"auto\">Il magnesio spray \u00e8 un minerale essenziale che il corpo utilizza in molti processi naturali. Quando viene applicato sulla pelle, si assorbe rapidamente e pu\u00f2 far parte di una routine di trattamento rilassante, soprattutto quando il corpo si sente stanco e teso. Arricchito con mentolo, menta giapponese, eucalipto e canfora non profumata, offre una sensazione riscaldante, rinfrescante e rinfrescante. Perfetto per l&#8217;uso quotidiano, dopo l&#8217;attivit\u00e0 fisica o come parte della routine serale di tutta la famiglia.   <\/p>\n<h3 class=\"html-div xexx8yu x4uap5 x18d9i69 xkhd6sd x1gslohp x11i5rnm x12nagc x1mh8g0r x1yc453h x126k92a xyk4ms5\" dir=\"auto\">&#8211;<\/h3>\n<\/div>\n<div class=\"html-div xdj266r x11i5rnm xat24cr x1mh8g0r x14ctfv x1okitfd x6ikm8r x10wlt62 xerhiuh x1pn3fxy x12xxe5f x1szedp3 x1n2onr6 x1vjfegm x1k4qllp x1mzt3pk x13faqbe x11jlvup xpmdkuv x154zaqr x12z03op xyhp3ou x13fuv20 xu3j5b3 x1q0q8m5 x26u7qi x12lizq0 xf766zg x1ybe9c6 x1ts5dru xp5s12f x11ucwad xgtuqic x155c047\" role=\"presentation\">\n<h3 class=\"html-div xexx8yu x4uap5 x18d9i69 xkhd6sd x1gslohp x11i5rnm x12nagc x1mh8g0r x1yc453h x126k92a xyk4ms5\" dir=\"auto\"><strong>Particolarmente indicato per:  <\/strong><\/h3>\n<p><strong>Dopo una lunga giornata<\/strong> &#8211; Una sensazione rinfrescante quando il corpo si sente stanco<\/p>\n<p><strong>Dopo l&#8217;allenamento o l&#8217;attivit\u00e0 fisica &#8211;<\/strong> L&#8217;effetto rinfrescante del mentolo e della menta giapponese lascia una sensazione piacevole<\/p>\n<p><strong>Per le zone tese<\/strong> &#8211; La combinazione di mentolo, canfora e magnesio offre un effetto alternato di calore e freddo.<\/p>\n<p><strong>Cura notturna<\/strong> &#8211; Fa parte di una routine serale rilassante, perfetta per gambe e polpacci<\/p>\n<p>L<strong>&#8216;auto-perfezionamento<\/strong>: un&#8217;aggiunta facile e veloce alla tua routine di cura del corpo<\/p>\n<p>&#8211;<\/p>\n<h2 class=\"html-div xexx8yu x4uap5 x18d9i69 xkhd6sd x1gslohp x11i5rnm x12nagc x1mh8g0r x1yc453h x126k92a xyk4ms5\" dir=\"auto\">Ingredienti (Magnesio spray)<\/h2>\n<p class=\"html-div xexx8yu x4uap5 x18d9i69 xkhd6sd x1gslohp x11i5rnm x12nagc x1mh8g0r x1yc453h x126k92a xyk4ms5\" dir=\"auto\"><strong>Aqua<\/strong> &#8211; Acqua che funge da vettore per gli ingredienti attivi<\/p>\n<p dir=\"auto\"><strong>Mentolo<\/strong> &#8211; Crea una sensazione di raffreddamento che lascia la pelle fresca<\/p>\n<p dir=\"auto\">Olio di <strong>Mentha Piperita<\/strong> (menta piperita) &#8211; Ha un effetto rinfrescante e fornisce una sensazione di freschezza.<\/p>\n<p dir=\"auto\">Olio di <strong>Cinnamomum Camphora<\/strong> (Canfora) &#8211; Crea una sensazione alternata di caldo e freddo che stimola la circolazione sanguigna della pelle.<\/p>\n<p dir=\"auto\"><strong>Estratto di foglie di Eucalyptus Globulus (Eucalipto<\/strong> ) &#8211; noto per la sua sensazione di freschezza e pulizia sulla pelle.<\/p>\n<p dir=\"auto\"><strong>Aminomethyl Propanol<\/strong> &#8211; Serve a regolare il pH per una compatibilit\u00e0 ottimale con la pelle.<\/p>\n<p class=\"html-div xexx8yu x4uap5 x18d9i69 xkhd6sd x1gslohp x11i5rnm x12nagc x1mh8g0r x1yc453h x126k92a xyk4ms5\" dir=\"auto\"><strong>Limonene <\/strong>\u00c8 una fragranza naturale presente negli oli di agrumi. Apporta un profumo fresco e pu\u00f2 fornire leggere propriet\u00e0 detergenti. <\/p>\n<p class=\"html-div xexx8yu x4uap5 x18d9i69 xkhd6sd x1gslohp x11i5rnm x12nagc x1mh8g0r x1yc453h x126k92a xyk4ms5\" dir=\"auto\"><strong>Linalolo<\/strong> (olio essenziale) Componente naturale di molti oli essenziali, tra cui la lavanda e gli agrumi. Aggiunge un leggero profumo floreale che contribuisce a dare dolcezza al prodotto.  <\/p>\n<p class=\"html-div xexx8yu x4uap5 x18d9i69 xkhd6sd x1gslohp x11i5rnm x12nagc x1mh8g0r x1yc453h x126k92a xyk4ms5\" dir=\"auto\"><strong>Cloruro di magnesio<\/strong> &#8211; Una forma naturale di magnesio che si assorbe rapidamente attraverso la pelle.<\/p>\n<h3 class=\"html-div xexx8yu x4uap5 x18d9i69 xkhd6sd x1gslohp x11i5rnm x12nagc x1mh8g0r x1yc453h x126k92a xyk4ms5\" dir=\"auto\">&#8211;<\/h3>\n<h2 class=\"html-div xexx8yu x4uap5 x18d9i69 xkhd6sd x1gslohp x11i5rnm x12nagc x1mh8g0r x1yc453h x126k92a xyk4ms5\" dir=\"auto\">Come si usa<\/h2>\n<ol>\n<li>Spruzza lo spray al magnesio direttamente sulla pelle, anche su un&#8217;area estesa.<\/li>\n<li>Massaggia leggermente<\/li>\n<li>Il prodotto si assorbe rapidamente senza ungere<br \/>\n&#8211; Pu\u00f2 essere utilizzato quotidianamente, sia al mattino che alla sera, o secondo le necessit\u00e0.<\/li>\n<\/ol>\n<p class=\"html-div xexx8yu x4uap5 x18d9i69 xkhd6sd x1gslohp x11i5rnm x12nagc x1mh8g0r x1yc453h x126k92a xyk4ms5\" dir=\"auto\"><span class=\"html-span xexx8yu x4uap5 x18d9i69 xkhd6sd x1hl2dhg x16tdsg8 x1vvkbs x3nfvp2 x1j61x8r x1fcty0u xdj266r xat24cr xgzva0m xhhsvwb xxymvpz xlup9mm x1kky2od\"><img loading=\"lazy\" decoding=\"async\" class=\"xz74otr x168nmei x13lgxp2 x5pf9jr xo71vjh\" src=\"https:\/\/static.xx.fbcdn.net\/images\/emoji.php\/v9\/t3c\/1\/16\/1f4a1.png\" alt=\"\ud83d\udca1\" width=\"16\" height=\"16\" title=\"\"><\/span>  Suggerimento: Se hai la pelle secca, potresti avvertire una leggera sensazione di pizzicore durante le prime applicazioni: \u00e8 normale e si attenuer\u00e0 con il tempo.<\/p>\n<h3 class=\"html-div xexx8yu x4uap5 x18d9i69 xkhd6sd x1gslohp x11i5rnm x12nagc x1mh8g0r x1yc453h x126k92a xyk4ms5\" dir=\"auto\">&#8211;<\/h3>\n<h2 class=\"html-div xexx8yu x4uap5 x18d9i69 xkhd6sd x1gslohp x11i5rnm x12nagc x1mh8g0r x1yc453h x126k92a xyk4ms5\" dir=\"auto\">Raccomandazioni per un uso sicuro<\/h2>\n<ul>\n<li class=\"html-div xexx8yu x4uap5 x18d9i69 xkhd6sd x1gslohp x11i5rnm x12nagc x1mh8g0r x1yc453h x126k92a xyk4ms5\" dir=\"auto\">Solo per uso esterno.<\/li>\n<li class=\"html-div xexx8yu x4uap5 x18d9i69 xkhd6sd x1gslohp x11i5rnm x12nagc x1mh8g0r x1yc453h x126k92a xyk4ms5\" dir=\"auto\">Evita il contatto con gli occhi, le ferite aperte e la pelle irritata: il prodotto pu\u00f2 causare una forte sensazione di raffreddamento sulle aree sensibili.<\/li>\n<li class=\"html-div xexx8yu x4uap5 x18d9i69 xkhd6sd x1gslohp x11i5rnm x12nagc x1mh8g0r x1yc453h x126k92a xyk4ms5\" dir=\"auto\">Non adatto ai bambini di et\u00e0 inferiore ai 3 anni.<\/li>\n<li class=\"html-div xexx8yu x4uap5 x18d9i69 xkhd6sd x1gslohp x11i5rnm x12nagc x1mh8g0r x1yc453h x126k92a xyk4ms5\" dir=\"auto\">Se si verifica un&#8217;irritazione, interrompere l&#8217;uso.<\/li>\n<li class=\"html-div xexx8yu x4uap5 x18d9i69 xkhd6sd x1gslohp x11i5rnm x12nagc x1mh8g0r x1yc453h x126k92a xyk4ms5\" dir=\"auto\">Tenere fuori dalla portata dei bambini.<\/li>\n<\/ul>\n<\/div>\n<\/div>\n<\/div>\n<\/div>\n<\/div>\n<div class=\"html-div xdj266r x11i5rnm xat24cr x1mh8g0r xexx8yu x4uap5 x18d9i69 xkhd6sd x1h91t0o xkh2ocl x78zum5 xdt5ytf x13a6bvl x193iq5w x1c4vz4f x1eb86dx\" role=\"presentation\">\n<div class=\"html-div xdj266r x11i5rnm xat24cr x1mh8g0r xexx8yu x4uap5 x18d9i69 xkhd6sd\"><\/div>\n<\/div>\n<\/div>\n<div class=\"html-div xdj266r x11i5rnm xat24cr x1mh8g0r xexx8yu xkhd6sd x1eb86dx x78zum5 x1c4vz4f x2lah0s x18061mc x55ruut\">\n<div class=\"html-div xdj266r x11i5rnm xat24cr x1mh8g0r xexx8yu x4uap5 x18d9i69 xkhd6sd x78zum5 x15zctf7 xamitd3\">\n<div class=\"html-div xdj266r x11i5rnm xat24cr x1mh8g0r xexx8yu x18d9i69 xkhd6sd x78zum5 xdt5ytf x1iyjqo2 x2lah0s xl56j7k x1n2onr6 x1mqs8db x1n327nk x1mpkggp\" aria-hidden=\"true\">\n<div class=\"html-div xdj266r x11i5rnm xat24cr x1mh8g0r xexx8yu x4uap5 x18d9i69 xkhd6sd x6s0dn4 xl5lk40 x78zum5 x1mqs8db x15zctf7\" role=\"presentation\">\n<div class=\"html-div xdj266r x11i5rnm xat24cr x1mh8g0r xexx8yu x4uap5 x18d9i69 xkhd6sd x6s0dn4 xl5lk40 x78zum5 x1mqs8db x15zctf7\" role=\"presentation\">\n<div class=\"html-div xdj266r x11i5rnm xat24cr x1mh8g0r xexx8yu x4uap5 x18d9i69 xkhd6sd\" aria-hidden=\"false\">\n<div class=\"x9f619 x1n2onr6 x1ja2u2z __fb-light-mode\">\n<div class=\"x1i10hfl xjqpnuy xa49m3k xqeqjp1 x2hbi6w x13fuv20 xu3j5b3 x1q0q8m5 x26u7qi x1ypdohk xdl72j9 x2lah0s xe8uvvx xdj266r x11i5rnm xat24cr x1mh8g0r x2lwn1j xeuugli x16tdsg8 x1hl2dhg xggy1nq x1ja2u2z x1t137rt x1q0g3np x87ps6o x1lku1pv x1a2a7pz x6s0dn4 xzolkzo x12go9s9 x1rnf11y xprq8jg x972fbf xcfux6l x1qhh985 xm0m39n x9f619 x78zum5 xl56j7k xexx8yu x4uap5 x18d9i69 xkhd6sd x1n2onr6 x1fgtraw xgd8bvy xjbqb8w\" role=\"button\" aria-expanded=\"false\" aria-label=\"Reager\">\n<div class=\"x1ey2m1c xds687c x17qophe xg01cxk x47corl x10l6tqk x13vifvy x1ebt8du x19991ni x1dhq9h xzolkzo x12go9s9 x1rnf11y xprq8jg\" role=\"none\" data-visualcompletion=\"ignore\"><strong>ATTENZIONE.<\/strong>  Il Magnesio Spray \u00e8 un prodotto cosmetico e non pu\u00f2 sostituire una dieta variata o gli integratori, ma pu\u00f2 essere utilizzato come complemento alla cura e al benessere quotidiano della pelle.<\/div>\n<\/div>\n<\/div>\n<\/div>\n<div class=\"html-div xdj266r x11i5rnm xat24cr x1mh8g0r xexx8yu x4uap5 x18d9i69 xkhd6sd\" aria-hidden=\"false\">\n<div class=\"x9f619 x1n2onr6 x1ja2u2z __fb-light-mode\">\n<div class=\"x1i10hfl xjqpnuy xa49m3k xqeqjp1 x2hbi6w x13fuv20 xu3j5b3 x1q0q8m5 x26u7qi x1ypdohk xdl72j9 x2lah0s xe8uvvx xdj266r x11i5rnm xat24cr x1mh8g0r x2lwn1j xeuugli x16tdsg8 x1hl2dhg xggy1nq x1ja2u2z x1t137rt x1q0g3np x87ps6o x1lku1pv x1a2a7pz x6s0dn4 xzolkzo x12go9s9 x1rnf11y xprq8jg x972fbf xcfux6l x1qhh985 xm0m39n x9f619 x78zum5 xl56j7k xexx8yu x4uap5 x18d9i69 xkhd6sd x1n2onr6 x1fgtraw xgd8bvy xjbqb8w\" role=\"button\" aria-label=\"Svar\">\n<div class=\"x1ey2m1c xds687c x17qophe xg01cxk x47corl x10l6tqk x13vifvy x1ebt8du x19991ni x1dhq9h xzolkzo x12go9s9 x1rnf11y xprq8jg\" role=\"none\" data-visualcompletion=\"ignore\"><\/div>\n<\/div>\n<\/div>\n<\/div>\n<div class=\"html-div xdj266r x11i5rnm xat24cr x1mh8g0r xexx8yu x4uap5 x18d9i69 xkhd6sd\" aria-hidden=\"false\">\n<div class=\"x9f619 x1n2onr6 x1ja2u2z __fb-light-mode\">\n<div class=\"x1i10hfl xjqpnuy xa49m3k xqeqjp1 x2hbi6w x13fuv20 xu3j5b3 x1q0q8m5 x26u7qi x1ypdohk xdl72j9 x2lah0s xe8uvvx xdj266r x11i5rnm xat24cr x1mh8g0r x2lwn1j xeuugli x16tdsg8 x1hl2dhg xggy1nq x1ja2u2z x1t137rt x1q0g3np x87ps6o x1lku1pv x1a2a7pz x6s0dn4 xzolkzo x12go9s9 x1rnf11y xprq8jg x972fbf xcfux6l x1qhh985 xm0m39n x9f619 x78zum5 xl56j7k xexx8yu x4uap5 x18d9i69 xkhd6sd x1n2onr6 x1fgtraw xgd8bvy xjbqb8w\" role=\"button\" aria-expanded=\"false\" aria-label=\"Mere\">\n<div class=\"x1ey2m1c xds687c x17qophe xg01cxk x47corl x10l6tqk x13vifvy x1ebt8du x19991ni x1dhq9h xzolkzo x12go9s9 x1rnf11y xprq8jg\" role=\"none\" data-visualcompletion=\"ignore\"><\/div>\n<\/div>\n<\/div>\n<\/div>\n<\/div>\n<\/div>\n<\/div>\n<\/div>\n<\/div>\n<div class=\"html-div xdj266r x11i5rnm xat24cr x1mh8g0r xexx8yu x4uap5 x18d9i69 xkhd6sd x1eb86dx x1r8uery x1iyjqo2\"><\/div>\n<\/div>\n","protected":false},"excerpt":{"rendered":"<p>200ml<\/p>\n<p>Il magnesio in spray \u00e8 un minerale essenziale che favorisce l&#8217;equilibrio naturale dell&#8217;organismo e svolge un ruolo importante per il benessere. Questo spray di facile assorbimento pu\u00f2 far parte di una routine di cura rilassante, soprattutto quando il corpo si sente stanco e teso. Arricchito con mentolo, menta giapponese, eucalipto e canfora non profumata, offre una sensazione riscaldante, rinfrescante e rinfrescante. Perfetto per l&#8217;uso quotidiano dopo l&#8217;attivit\u00e0 fisica o come parte della routine serale per tutta la famiglia.   <\/p>\n","protected":false},"featured_media":133372,"comment_status":"open","ping_status":"closed","template":"","meta":{"_acf_changed":false},"product-label":[1702,1686,1698,1710],"product_brand":[],"product_cat":[1923],"product_tag":[],"class_list":{"0":"post-133392","1":"product","2":"type-product","3":"status-publish","4":"has-post-thumbnail","6":"product-label-mod-hudproblemer-it","7":"product-label-ikke-testet-paa-dyr-it","8":"product-label-produceret-i-danmark-it","9":"product-label-vegansk-it","10":"product_cat-magnesium-it","12":"first","13":"instock","14":"sale","15":"taxable","16":"shipping-taxable","17":"purchasable","18":"product-type-simple"},"acf":[],"_links":{"self":[{"href":"https:\/\/hocl.dk\/it\/wp-json\/wp\/v2\/product\/133392","targetHints":{"allow":["GET"]}}],"collection":[{"href":"https:\/\/hocl.dk\/it\/wp-json\/wp\/v2\/product"}],"about":[{"href":"https:\/\/hocl.dk\/it\/wp-json\/wp\/v2\/types\/product"}],"replies":[{"embeddable":true,"href":"https:\/\/hocl.dk\/it\/wp-json\/wp\/v2\/comments?post=133392"}],"version-history":[{"count":1,"href":"https:\/\/hocl.dk\/it\/wp-json\/wp\/v2\/product\/133392\/revisions"}],"predecessor-version":[{"id":133396,"href":"https:\/\/hocl.dk\/it\/wp-json\/wp\/v2\/product\/133392\/revisions\/133396"}],"wp:featuredmedia":[{"embeddable":true,"href":"https:\/\/hocl.dk\/it\/wp-json\/wp\/v2\/media\/133372"}],"wp:attachment":[{"href":"https:\/\/hocl.dk\/it\/wp-json\/wp\/v2\/media?parent=133392"}],"wp:term":[{"taxonomy":"product-label","embeddable":true,"href":"https:\/\/hocl.dk\/it\/wp-json\/wp\/v2\/product-label?post=133392"},{"taxonomy":"product_brand","embeddable":true,"href":"https:\/\/hocl.dk\/it\/wp-json\/wp\/v2\/product_brand?post=133392"},{"taxonomy":"product_cat","embeddable":true,"href":"https:\/\/hocl.dk\/it\/wp-json\/wp\/v2\/product_cat?post=133392"},{"taxonomy":"product_tag","embeddable":true,"href":"https:\/\/hocl.dk\/it\/wp-json\/wp\/v2\/product_tag?post=133392"}],"curies":[{"name":"wp","href":"https:\/\/api.w.org\/{rel}","templated":true}]}}