{"id":133521,"date":"2026-04-13T13:19:34","date_gmt":"2026-04-13T13:19:34","guid":{"rendered":"https:\/\/hocl.dk\/product\/senza-categoria\/festa-della-mamma-pacchetto-lusso-grande\/"},"modified":"2026-04-13T13:19:34","modified_gmt":"2026-04-13T13:19:34","slug":"festa-della-mamma-pacchetto-lusso-grande","status":"publish","type":"product","link":"https:\/\/hocl.dk\/it\/product\/festa-della-mamma\/festa-della-mamma-pacchetto-lusso-grande\/","title":{"rendered":"Festa della mamma &#8211; Pacchetto lusso grande"},"content":{"rendered":"<h1>Festa della mamma 10 maggio<\/h1>\n<p>Rendi memorabile la Festa della Mamma con un regalo che dura pi\u00f9 a lungo di un mazzo di fiori e che vizia un po&#8217; di pi\u00f9 del cioccolato.  <span class=\"html-span xexx8yu xyri2b x18d9i69 x1c1uobl x1hl2dhg x16tdsg8 x1vvkbs x3nfvp2 x1j61x8r x1fcty0u xdj266r xat24cr xm2jcoa x1mpyi22 xxymvpz xlup9mm x1kky2od\"><img loading=\"lazy\" decoding=\"async\" class=\"xz74otr x15mokao x1ga7v0g x16uus16 xbiv7yw\" src=\"https:\/\/static.xx.fbcdn.net\/images\/emoji.php\/v9\/t15\/1\/16\/1f49b.png\" alt=\"\ud83d\udc9b\" width=\"16\" height=\"16\" title=\"\"><\/span><\/p>\n<p>Un regalo pieno di premura, di auto-indulgenza e di piccole pause nella vita di tutti i giorni.<\/p>\n<p>Per colui che \u00e8 sempre presente  <span class=\"html-span xexx8yu xyri2b x18d9i69 x1c1uobl x1hl2dhg x16tdsg8 x1vvkbs x3nfvp2 x1j61x8r x1fcty0u xdj266r xat24cr xm2jcoa x1mpyi22 xxymvpz xlup9mm x1kky2od\"><img loading=\"lazy\" decoding=\"async\" class=\"xz74otr x15mokao x1ga7v0g x16uus16 xbiv7yw\" src=\"https:\/\/static.xx.fbcdn.net\/images\/emoji.php\/v9\/tc5\/1\/16\/1f90d.png\" alt=\"\ud83e\udd0d\" width=\"16\" height=\"16\" title=\"\"><\/span><br \/>\nPer la donna che rende tutto pi\u00f9 bello  <span class=\"html-span xexx8yu xyri2b x18d9i69 x1c1uobl x1hl2dhg x16tdsg8 x1vvkbs x3nfvp2 x1j61x8r x1fcty0u xdj266r xat24cr xm2jcoa x1mpyi22 xxymvpz xlup9mm x1kky2od\"><img loading=\"lazy\" decoding=\"async\" class=\"xz74otr x15mokao x1ga7v0g x16uus16 xbiv7yw\" src=\"https:\/\/static.xx.fbcdn.net\/images\/emoji.php\/v9\/tc5\/1\/16\/1f90d.png\" alt=\"\ud83e\udd0d\" width=\"16\" height=\"16\" title=\"\"><\/span><br \/>\nPer la mamma  <span class=\"html-span xexx8yu xyri2b x18d9i69 x1c1uobl x1hl2dhg x16tdsg8 x1vvkbs x3nfvp2 x1j61x8r x1fcty0u xdj266r xat24cr xm2jcoa x1mpyi22 xxymvpz xlup9mm x1kky2od\"><img loading=\"lazy\" decoding=\"async\" class=\"xz74otr x15mokao x1ga7v0g x16uus16 xbiv7yw\" src=\"https:\/\/static.xx.fbcdn.net\/images\/emoji.php\/v9\/tc5\/1\/16\/1f90d.png\" alt=\"\ud83e\udd0d\" width=\"16\" height=\"16\" title=\"\"><\/span><\/p>\n<p>Una confezione di prodotti che lei usa davvero, per le mani, la pelle e il corpo.<\/p>\n<p>Una piccola pausa. Una sensazione di benessere. Splendidamente incartato e pronto per essere condiviso    <span class=\"html-span xexx8yu xyri2b x18d9i69 x1c1uobl x1hl2dhg x16tdsg8 x1vvkbs x3nfvp2 x1j61x8r x1fcty0u xdj266r xat24cr xm2jcoa x1mpyi22 xxymvpz xlup9mm x1kky2od\"><img loading=\"lazy\" decoding=\"async\" class=\"xz74otr x15mokao x1ga7v0g x16uus16 xbiv7yw\" src=\"https:\/\/static.xx.fbcdn.net\/images\/emoji.php\/v9\/tf0\/1\/16\/1f338.png\" alt=\"\ud83c\udf38\" width=\"16\" height=\"16\" title=\"\"><\/span><\/p>\n<h2>Contenuto della confezione:<\/h2>\n<ul>\n<li><em><a href=\"https:\/\/hocl.dk\/it\/product\/blue-wonder-it\/wonder-blue-250ml\/\">Blue Wonder &#8211; Gel di conforto per il corpo 250ml <\/a> -Prezzo 250,-<\/em><\/li>\n<li><em><a href=\"https:\/\/hocl.dk\/it\/product\/white-wonder-it\/tubo-white-wonder-250ml-2\/\">White Wonder &#8211; Balsamo alla cera d&#8217;api, 250 ml <\/a>-Prezzo 250,-<\/em><\/li>\n<li><em><a href=\"https:\/\/hocl.dk\/it\/product\/white-wonder-it\/balsamo-alla-cera-dapi-stick-kopier-kopier\/\">Balsamo alla cera d&#8217;api con ciliegia   <\/a>-Prezzo 65,-<\/em><\/li>\n<li><em><a href=\"https:\/\/hocl.dk\/it\/product\/wonder-velvaere-it\/wonder-lotion-meraviglia\/\">Lozione al miele 100ml<\/a> -Prezzo 110,-<\/em><\/li>\n<li><em><a href=\"https:\/\/hocl.dk\/it\/magnesio\/\">Magnesio spray 100ml<\/a> -Prezzo 149,-<\/em><\/li>\n<li><em><a href=\"https:\/\/hocl.dk\/it\/product\/allergi-wonder-it\/aria-di-nuovo-100ml-kopier\/\">Inalatore nasale con mentolo<\/a> -Prezzo 75,-<\/em><\/li>\n<li><em><a href=\"https:\/\/hocl.dk\/it\/product\/wonder-sun-it\/protezione-solare-wonder-spf30-kopier\/\">Wonder Sunscreen Roll-on SPF50<\/a> -Prezzo 100,-<\/em><\/li>\n<\/ul>\n<p><em>Valore totale: 989,-  <\/em><\/p>\n<p><strong><em>Risparmi: 300,-<\/em><\/strong><\/p>\n<p>&nbsp;<\/p>\n<p>I prodotti sono confezionati in carta velina e sono pronti per essere regalati, sia direttamente a chi li riceve, sia per chi vuole concedersi un po&#8217; di autocompiacimento in pi\u00f9.<\/p>\n<p>&nbsp;<\/p>\n<h2>Vuoi inviare il pacco direttamente?<\/h2>\n<ul>\n<li>Seleziona la consegna a domicilio e fornisci il nome, l&#8217;indirizzo e il numero di telefono del destinatario (IMPORTANTE: aggiungi la tua e-mail per ricevere la conferma dell&#8217;ordine).<\/li>\n<li>Scrivi &#8220;Per la mamma&#8221; nella casella dei commenti al momento dell&#8217;ordine: ci assicureremo che lo scontrino non sia incluso al momento del pagamento.<\/li>\n<li>Vuoi fare il passo pi\u00f9 lungo della gamba? Allora acquista una borsa regalo al momento del checkout. <\/li>\n<\/ul>\n<p>&nbsp;<\/p>\n<p><strong>Nota:<\/strong> il pacco \u00e8 disponibile in quantit\u00e0 limitate e verr\u00e0 spedito in tempo per la Festa della Mamma.<\/p>\n<p><strong>L&#8217;ultimo giorno utile per ordinare i pacchetti per la festa del pap\u00e0 \u00e8 quindi mercoled\u00ec 6 maggio alle ore 13:00.<\/strong><\/p>\n","protected":false},"excerpt":{"rendered":"<p>7 prodotti misti.<\/p>\n<p>Rendi memorabile la Festa della Mamma con un regalo che dura pi\u00f9 a lungo di un mazzo di fiori e che vizia un po&#8217; di pi\u00f9 del cioccolato.  <span class=\"html-span xexx8yu xyri2b x18d9i69 x1c1uobl x1hl2dhg x16tdsg8 x1vvkbs x3nfvp2 x1j61x8r x1fcty0u xdj266r xat24cr xm2jcoa x1mpyi22 xxymvpz xlup9mm x1kky2od\"><img loading=\"lazy\" decoding=\"async\" class=\"xz74otr x15mokao x1ga7v0g x16uus16 xbiv7yw\" src=\"https:\/\/static.xx.fbcdn.net\/images\/emoji.php\/v9\/t15\/1\/16\/1f49b.png\" alt=\"\ud83d\udc9b\" width=\"16\" height=\"16\"><\/span><\/p>\n<p>Un regalo pieno di premura, di auto-indulgenza e di piccole pause nella vita di tutti i giorni.<\/p>\n<p>Per colui che \u00e8 sempre presente  <span class=\"html-span xexx8yu xyri2b x18d9i69 x1c1uobl x1hl2dhg x16tdsg8 x1vvkbs x3nfvp2 x1j61x8r x1fcty0u xdj266r xat24cr xm2jcoa x1mpyi22 xxymvpz xlup9mm x1kky2od\"><img loading=\"lazy\" decoding=\"async\" class=\"xz74otr x15mokao x1ga7v0g x16uus16 xbiv7yw\" src=\"https:\/\/static.xx.fbcdn.net\/images\/emoji.php\/v9\/tc5\/1\/16\/1f90d.png\" alt=\"\ud83e\udd0d\" width=\"16\" height=\"16\"><\/span><br \/>\nPer la donna che rende tutto pi\u00f9 bello  <span class=\"html-span xexx8yu xyri2b x18d9i69 x1c1uobl x1hl2dhg x16tdsg8 x1vvkbs x3nfvp2 x1j61x8r x1fcty0u xdj266r xat24cr xm2jcoa x1mpyi22 xxymvpz xlup9mm x1kky2od\"><img loading=\"lazy\" decoding=\"async\" class=\"xz74otr x15mokao x1ga7v0g x16uus16 xbiv7yw\" src=\"https:\/\/static.xx.fbcdn.net\/images\/emoji.php\/v9\/tc5\/1\/16\/1f90d.png\" alt=\"\ud83e\udd0d\" width=\"16\" height=\"16\"><\/span><br \/>\nPer la mamma  <span class=\"html-span xexx8yu xyri2b x18d9i69 x1c1uobl x1hl2dhg x16tdsg8 x1vvkbs x3nfvp2 x1j61x8r x1fcty0u xdj266r xat24cr xm2jcoa x1mpyi22 xxymvpz xlup9mm x1kky2od\"><img loading=\"lazy\" decoding=\"async\" class=\"xz74otr x15mokao x1ga7v0g x16uus16 xbiv7yw\" src=\"https:\/\/static.xx.fbcdn.net\/images\/emoji.php\/v9\/tc5\/1\/16\/1f90d.png\" alt=\"\ud83e\udd0d\" width=\"16\" height=\"16\"><\/span><\/p>\n<p>Una confezione di prodotti che lei usa davvero, per le mani, la pelle e il corpo.<\/p>\n<p>Una piccola pausa. Una sensazione di benessere. Splendidamente incartato e pronto per essere condiviso    <span class=\"html-span xexx8yu xyri2b x18d9i69 x1c1uobl x1hl2dhg x16tdsg8 x1vvkbs x3nfvp2 x1j61x8r x1fcty0u xdj266r xat24cr xm2jcoa x1mpyi22 xxymvpz xlup9mm x1kky2od\"><img loading=\"lazy\" decoding=\"async\" class=\"xz74otr x15mokao x1ga7v0g x16uus16 xbiv7yw\" src=\"https:\/\/static.xx.fbcdn.net\/images\/emoji.php\/v9\/tf0\/1\/16\/1f338.png\" alt=\"\ud83c\udf38\" width=\"16\" height=\"16\"><\/span><\/p>\n","protected":false},"featured_media":133380,"comment_status":"open","ping_status":"closed","template":"","meta":{"_acf_changed":false},"product-label":[],"product_brand":[],"product_cat":[1985,1923,1108,1203],"product_tag":[],"class_list":{"0":"post-133521","1":"product","2":"type-product","3":"status-publish","4":"has-post-thumbnail","6":"product_cat-festa-della-mamma","7":"product_cat-magnesium-it","8":"product_cat-blue-wonder-it","9":"product_cat-white-wonder-it","11":"first","12":"instock","13":"sale","14":"taxable","15":"shipping-taxable","16":"purchasable","17":"product-type-simple"},"acf":[],"_links":{"self":[{"href":"https:\/\/hocl.dk\/it\/wp-json\/wp\/v2\/product\/133521","targetHints":{"allow":["GET"]}}],"collection":[{"href":"https:\/\/hocl.dk\/it\/wp-json\/wp\/v2\/product"}],"about":[{"href":"https:\/\/hocl.dk\/it\/wp-json\/wp\/v2\/types\/product"}],"replies":[{"embeddable":true,"href":"https:\/\/hocl.dk\/it\/wp-json\/wp\/v2\/comments?post=133521"}],"version-history":[{"count":0,"href":"https:\/\/hocl.dk\/it\/wp-json\/wp\/v2\/product\/133521\/revisions"}],"wp:featuredmedia":[{"embeddable":true,"href":"https:\/\/hocl.dk\/it\/wp-json\/wp\/v2\/media\/133380"}],"wp:attachment":[{"href":"https:\/\/hocl.dk\/it\/wp-json\/wp\/v2\/media?parent=133521"}],"wp:term":[{"taxonomy":"product-label","embeddable":true,"href":"https:\/\/hocl.dk\/it\/wp-json\/wp\/v2\/product-label?post=133521"},{"taxonomy":"product_brand","embeddable":true,"href":"https:\/\/hocl.dk\/it\/wp-json\/wp\/v2\/product_brand?post=133521"},{"taxonomy":"product_cat","embeddable":true,"href":"https:\/\/hocl.dk\/it\/wp-json\/wp\/v2\/product_cat?post=133521"},{"taxonomy":"product_tag","embeddable":true,"href":"https:\/\/hocl.dk\/it\/wp-json\/wp\/v2\/product_tag?post=133521"}],"curies":[{"name":"wp","href":"https:\/\/api.w.org\/{rel}","templated":true}]}}