{"id":134239,"date":"2026-05-05T09:29:14","date_gmt":"2026-05-05T09:29:14","guid":{"rendered":"https:\/\/hocl.dk\/?post_type=product&#038;p=134239"},"modified":"2026-05-05T12:35:34","modified_gmt":"2026-05-05T12:35:34","slug":"shampoo-delle-meraviglie-kopier","status":"publish","type":"product","link":"https:\/\/hocl.dk\/it\/product\/wonder-hair-it\/shampoo-delle-meraviglie-kopier\/","title":{"rendered":"Shampoo delle meraviglie (Kopier)"},"content":{"rendered":"<h1>Shampoo Meraviglia con Vitamina E<\/h1>\n<h2>Il segreto curativo dei capelli!<\/h2>\n<p>Shampoo Delle Meraviglie\u00a0 Sogni di avere capelli belli e sani? Ti presentiamo il nostro segreto per capelli che brillano come non mai: lo <strong>Shampoo Meraviglia con Vitamina E<\/strong>!<\/p>\n<p>\ud83c\udf1f <strong>Cura professionale dei tuoi capelli<\/strong><br \/>\nWonder Shampoo non \u00e8 uno shampoo qualunque, ma \u00e8 amato e utilizzato dai professionisti. \u00c8 stato creato per ripristinare anche i capelli pi\u00f9 danneggiati e i risultati parlano da soli.<\/p>\n<p>\ud83d\udca7 <strong>Formula idratante<\/strong><br \/>\nIl nostro shampoo contiene una combinazione unica di ingredienti idratanti che nutrono profondamente i tuoi capelli. \u00c8 come una bevanda per le tue ciocche secche.<\/p>\n<p>\ud83d\udc81 <strong>Capelli morbidi e lucenti<\/strong><br \/>\nDopo ogni lavaggio, lo Shampoo Meraviglia lascia i capelli morbidi come la seta e pieni di lucentezza. \u00c8 la salvezza definitiva per i capelli secchi, senza vita e danneggiati.<\/p>\n<p><strong>Modo d&#8217;uso:<\/strong> Massaggia una quantit\u00e0 adeguata di shampoo sui capelli fino ad ottenere una leggera schiuma e una distribuzione uniforme. Usa la punta delle dita per massaggiare il cuoio capelluto, poi risciacqua abbondantemente con acqua. Ripeti il processo per ottenere un&#8217;esperienza di lusso senza precedenti e termina con il tuo balsamo preferito.<\/p>\n<p><strong>Ingredienti<\/strong><br \/>\nAqua, Sodium Laureth Sulfate, Cocamidopropyl betaine, Sodium Chloride, Glycerin,<br \/>\nCarbomero, acido citrico, Dimethiconol, EDTA disodico, DMDM Hydantoin,<br \/>\nGlicol Distearato, Guar Hydroxypropyltrimonium Chloride, Cloruro di magnesio,<br \/>\nNitrato di magnesio, Methylchloroisothiazolinone, Methylisothiazolinone, Mica, Profumo,<br \/>\nPEG-45M, fenossietanolo, PPG-12, silice, benzoato di sodio, idrossido di sodio,<br \/>\nTEA-Dodecilbenzensolfonato, TEA-Solfato, Acetato di tocoferile, Alcool benzilico Citronellolo, Geraniolo, Esilcinnamale, Limonene, Linalolo, Ci 77891<\/p>\n<p>Crea i capelli che hai sempre sognato con lo <strong>shampoo Wonder alla vitamina E<\/strong>. Il tuo segreto per avere capelli fantastici \u00e8 proprio qui!<\/p>\n","protected":false},"excerpt":{"rendered":"<p>500ml<\/p>\n","protected":false},"featured_media":134280,"comment_status":"open","ping_status":"closed","template":"","meta":{"_acf_changed":false},"product-label":[1686,1690,1698,1710],"product_brand":[],"product_cat":[1188],"product_tag":[],"class_list":{"0":"post-134239","1":"product","2":"type-product","3":"status-publish","4":"has-post-thumbnail","6":"product-label-ikke-testet-paa-dyr-it","7":"product-label-parfumefri-it","8":"product-label-produceret-i-danmark-it","9":"product-label-vegansk-it","10":"product_cat-wonder-hair-it","12":"first","13":"instock","14":"sale","15":"taxable","16":"shipping-taxable","17":"purchasable","18":"product-type-simple"},"acf":[],"_links":{"self":[{"href":"https:\/\/hocl.dk\/it\/wp-json\/wp\/v2\/product\/134239","targetHints":{"allow":["GET"]}}],"collection":[{"href":"https:\/\/hocl.dk\/it\/wp-json\/wp\/v2\/product"}],"about":[{"href":"https:\/\/hocl.dk\/it\/wp-json\/wp\/v2\/types\/product"}],"replies":[{"embeddable":true,"href":"https:\/\/hocl.dk\/it\/wp-json\/wp\/v2\/comments?post=134239"}],"version-history":[{"count":1,"href":"https:\/\/hocl.dk\/it\/wp-json\/wp\/v2\/product\/134239\/revisions"}],"predecessor-version":[{"id":134251,"href":"https:\/\/hocl.dk\/it\/wp-json\/wp\/v2\/product\/134239\/revisions\/134251"}],"wp:featuredmedia":[{"embeddable":true,"href":"https:\/\/hocl.dk\/it\/wp-json\/wp\/v2\/media\/134280"}],"wp:attachment":[{"href":"https:\/\/hocl.dk\/it\/wp-json\/wp\/v2\/media?parent=134239"}],"wp:term":[{"taxonomy":"product-label","embeddable":true,"href":"https:\/\/hocl.dk\/it\/wp-json\/wp\/v2\/product-label?post=134239"},{"taxonomy":"product_brand","embeddable":true,"href":"https:\/\/hocl.dk\/it\/wp-json\/wp\/v2\/product_brand?post=134239"},{"taxonomy":"product_cat","embeddable":true,"href":"https:\/\/hocl.dk\/it\/wp-json\/wp\/v2\/product_cat?post=134239"},{"taxonomy":"product_tag","embeddable":true,"href":"https:\/\/hocl.dk\/it\/wp-json\/wp\/v2\/product_tag?post=134239"}],"curies":[{"name":"wp","href":"https:\/\/api.w.org\/{rel}","templated":true}]}}